{"id":37201,"date":"2024-02-07T16:36:58","date_gmt":"2024-02-07T15:36:58","guid":{"rendered":"https:\/\/sfu.sk\/?post_type=product&#038;p=37201"},"modified":"2024-04-16T14:27:29","modified_gmt":"2024-04-16T12:27:29","slug":"film-a-doba-4-2023","status":"publish","type":"product","link":"https:\/\/sfu.sk\/en\/eshop\/film-a-doba-4-2023\/","title":{"rendered":"Film a doba 4\/2023"},"content":{"rendered":"<p>Posledn\u00ed \u010d\u00edslo Filmu a doby roku 2023 p\u0159in\u00e1\u0161\u00ed r\u016fznorod\u00fd pohled na d\u00edlo argentinsk\u00e9 re\u017eis\u00e9rky Laury Citarelly, jej\u00ed\u017e posledn\u00ed film Trenque Luaquen slav\u00ed \u00fasp\u011bchy po cel\u00e9m sv\u011bt\u011b (bohu\u017eel krom\u011b \u010cesk\u00e9 republiky). Dal\u0161\u00ed texty se v\u011bnuj\u00ed nap\u0159. filmu Satan mezi n\u00e1mi Martina Je\u017eka, kter\u00fd neobvykl\u00fdm zp\u016fsobem zachycuje nat\u00e1\u010den\u00ed \u00fasp\u011b\u0161n\u00e9ho filmu Arv\u00e9d, nebo slovensk\u00e9mu filmu v posledn\u00ed p\u011btiletce. P\u0159ekladov\u00e9 texty jsou tentokr\u00e1t v\u011bnov\u00e1ny Sergeji Parad\u017eanovi. Rozhovor vedeme s Filipem Po\u0161iva\u010dem, autorem obdivuhodn\u00e9ho Tondy, Sl\u00e1vky a kouzeln\u00e9ho sv\u011btla. Kritiky se v\u011bnuj\u00ed vybran\u00fdm filmov\u00fdch d\u00edl\u016fm (Zabij\u00e1ci rozkvetl\u00e9ho m\u011bs\u00edce, Zabij\u00e1k, Karaoke Blues, Hudba a dal\u0161\u00edm), zat\u00edmco v kni\u017en\u00ed sekci lze tentokr\u00e1t naj\u00edt reflexe Historie karlovarsk\u00e9ho festivalu nebo Historick\u00e9ho estetismu . V z\u00e1v\u011bru \u010d\u00edsla p\u0159edstavujeme uk\u00e1zku ze sc\u00e9n\u00e1\u0159e p\u0159ipravovan\u00e9ho celove\u010dern\u00edho filmu Veroniky Li\u0161kov\u00e9 Rok vdovy.<\/p>\n","protected":false},"excerpt":{"rendered":"<p>Posledn\u00ed \u010d\u00edslo Filmu a doby roku 2023 p\u0159in\u00e1\u0161\u00ed r\u016fznorod\u00fd pohled na d\u00edlo argentinsk\u00e9 re\u017eis\u00e9rky Laury Citarelly, jej\u00ed\u017e posledn\u00ed film Trenque Luaquen slav\u00ed \u00fasp\u011bchy po cel\u00e9m sv\u011bt\u011b (bohu\u017eel krom\u011b \u010cesk\u00e9 republiky). Dal\u0161\u00ed texty se v\u011bnuj\u00ed nap\u0159. filmu Satan mezi n\u00e1mi Martina Je\u017eka, kter\u00fd neobvykl\u00fdm zp\u016fsobem zachycuje nat\u00e1\u010den\u00ed \u00fasp\u011b\u0161n\u00e9ho filmu Arv\u00e9d, nebo slovensk\u00e9mu filmu v posledn\u00ed p\u011btiletce. [&hellip;]<\/p>\n","protected":false},"featured_media":37202,"comment_status":"closed","ping_status":"closed","template":"","meta":{"_acf_changed":false,"inline_featured_image":false},"product_brand":[],"product_cat":[29,334],"product_tag":[],"class_list":{"0":"post-37201","1":"product","2":"type-product","3":"status-publish","4":"has-post-thumbnail","6":"product_cat-casopisy","7":"product_cat-film-a-doba-tituly-inych-vydavatelstiev-casopisy","9":"first","10":"instock","11":"shipping-taxable","12":"purchasable","13":"product-type-simple"},"acf":[],"_links":{"self":[{"href":"https:\/\/sfu.sk\/en\/wp-json\/wp\/v2\/product\/37201","targetHints":{"allow":["GET"]}}],"collection":[{"href":"https:\/\/sfu.sk\/en\/wp-json\/wp\/v2\/product"}],"about":[{"href":"https:\/\/sfu.sk\/en\/wp-json\/wp\/v2\/types\/product"}],"replies":[{"embeddable":true,"href":"https:\/\/sfu.sk\/en\/wp-json\/wp\/v2\/comments?post=37201"}],"wp:featuredmedia":[{"embeddable":true,"href":"https:\/\/sfu.sk\/en\/wp-json\/wp\/v2\/media\/37202"}],"wp:attachment":[{"href":"https:\/\/sfu.sk\/en\/wp-json\/wp\/v2\/media?parent=37201"}],"wp:term":[{"taxonomy":"product_brand","embeddable":true,"href":"https:\/\/sfu.sk\/en\/wp-json\/wp\/v2\/product_brand?post=37201"},{"taxonomy":"product_cat","embeddable":true,"href":"https:\/\/sfu.sk\/en\/wp-json\/wp\/v2\/product_cat?post=37201"},{"taxonomy":"product_tag","embeddable":true,"href":"https:\/\/sfu.sk\/en\/wp-json\/wp\/v2\/product_tag?post=37201"}],"curies":[{"name":"wp","href":"https:\/\/api.w.org\/{rel}","templated":true}]}}