{"id":38396,"date":"2024-02-14T10:24:44","date_gmt":"2024-02-14T09:24:44","guid":{"rendered":"https:\/\/sfu.sk\/?post_type=product&#038;p=38396"},"modified":"2024-07-26T11:32:15","modified_gmt":"2024-07-26T09:32:15","slug":"ilustrovane-dejiny-filmu","status":"publish","type":"product","link":"https:\/\/sfu.sk\/en\/eshop\/ilustrovane-dejiny-filmu\/","title":{"rendered":"Ilustrovan\u00e9 dejiny filmu"},"content":{"rendered":"<p><strong>Sk\u00f4r ne\u017e existovali kamery, filmov\u00e9 kulisy \u010di Hollywood&#8230; bolo svetlo.<\/strong><br \/>\nDejiny filmovej tvorby s\u00fa dejinami ve\u013ek\u00fdch technick\u00fdch inov\u00e1ci\u00ed a umeleck\u00e9ho majstrovstva. V tomto p\u00fatavom sprievodcovi s \u00fa\u017easn\u00fdmi ilustr\u00e1ciami Adama Allsucha Boardmana presk\u00famame v\u0161etko od vyn\u00e1lezu filmovej kamery a\u017e po n\u00e1vrh kul\u00eds a kost\u00fdmov.<\/p>\n","protected":false},"excerpt":{"rendered":"<p>Sk\u00f4r ne\u017e existovali kamery, filmov\u00e9 kulisy \u010di Hollywood&#8230; bolo svetlo. Dejiny filmovej tvorby s\u00fa dejinami ve\u013ek\u00fdch technick\u00fdch inov\u00e1ci\u00ed a umeleck\u00e9ho majstrovstva. V tomto p\u00fatavom sprievodcovi s \u00fa\u017easn\u00fdmi ilustr\u00e1ciami Adama Allsucha Boardmana presk\u00famame v\u0161etko od vyn\u00e1lezu filmovej kamery a\u017e po n\u00e1vrh kul\u00eds a kost\u00fdmov.<\/p>\n","protected":false},"featured_media":38397,"comment_status":"closed","ping_status":"closed","template":"","meta":{"_acf_changed":false,"inline_featured_image":false},"product_brand":[],"product_cat":[28,318],"product_tag":[],"class_list":{"0":"post-38396","1":"product","2":"type-product","3":"status-publish","4":"has-post-thumbnail","6":"product_cat-knihy","7":"product_cat-tituly-inych-vydavatelstiev","9":"first","10":"instock","11":"shipping-taxable","12":"purchasable","13":"product-type-simple"},"acf":[],"_links":{"self":[{"href":"https:\/\/sfu.sk\/en\/wp-json\/wp\/v2\/product\/38396","targetHints":{"allow":["GET"]}}],"collection":[{"href":"https:\/\/sfu.sk\/en\/wp-json\/wp\/v2\/product"}],"about":[{"href":"https:\/\/sfu.sk\/en\/wp-json\/wp\/v2\/types\/product"}],"replies":[{"embeddable":true,"href":"https:\/\/sfu.sk\/en\/wp-json\/wp\/v2\/comments?post=38396"}],"wp:featuredmedia":[{"embeddable":true,"href":"https:\/\/sfu.sk\/en\/wp-json\/wp\/v2\/media\/38397"}],"wp:attachment":[{"href":"https:\/\/sfu.sk\/en\/wp-json\/wp\/v2\/media?parent=38396"}],"wp:term":[{"taxonomy":"product_brand","embeddable":true,"href":"https:\/\/sfu.sk\/en\/wp-json\/wp\/v2\/product_brand?post=38396"},{"taxonomy":"product_cat","embeddable":true,"href":"https:\/\/sfu.sk\/en\/wp-json\/wp\/v2\/product_cat?post=38396"},{"taxonomy":"product_tag","embeddable":true,"href":"https:\/\/sfu.sk\/en\/wp-json\/wp\/v2\/product_tag?post=38396"}],"curies":[{"name":"wp","href":"https:\/\/api.w.org\/{rel}","templated":true}]}}