{"id":38432,"date":"2024-02-15T14:59:51","date_gmt":"2024-02-15T13:59:51","guid":{"rendered":"https:\/\/sfu.sk\/?post_type=product&#038;p=38432"},"modified":"2024-07-26T11:31:33","modified_gmt":"2024-07-26T09:31:33","slug":"miro-nota-portrety","status":"publish","type":"product","link":"https:\/\/sfu.sk\/en\/eshop\/miro-nota-portrety\/","title":{"rendered":"Miro N\u00f4ta. Portr\u00e9ty"},"content":{"rendered":"<p>Miro N\u00f4ta sa vo svojej tvorbe venuje dokument\u00e1rnej a portr\u00e9tnej fotografii, \u013eud\u00ed z prostredia filmu za\u010dal fotografova\u0165 e\u0161te po\u010das \u0161t\u00fadia na Vysokej \u0161kole m\u00fazick\u00fdch umen\u00ed v Bratislave na Katedre dokument\u00e1rneho filmu, ke\u010f za\u010dal foti\u0165 svojich spolu\u017eiakov. \u201eNapriek tomu, \u017ee som \u0161tudoval r\u00e9\u017eiu, viac mi vyhovovala pr\u00e1ca s kamerou a fotoapar\u00e1tom. T\u00fdm som pokra\u010doval aj po \u0161kole \u2013 prestal som to\u010di\u0165 filmy a odvtedy sa venujem iba fotografii. So \u0161t\u00fadiom sa moja pr\u00e1ca prel\u00edna v tom, \u017ee je vo svojej podstate v\u00fdsostne dokumentaristick\u00e1. Pri portr\u00e9tovan\u00ed ne\u0161tylizujem \u013eud\u00ed do mojej v\u00edzie ich osobnosti, ale sna\u017e\u00edm sa s nimi dopredu dohodn\u00fa\u0165 na tom, aby si sami vybrali priestor, v ktorom chc\u00fa by\u0165 odfoten\u00ed, kde sa bud\u00fa c\u00edti\u0165 dobre a ktor\u00fd bude reprezentova\u0165 ich osobnos\u0165. Chcem ju uk\u00e1za\u0165 tak\u00fa, ak\u00e1 je, nie tak\u00fa, ak\u00fa ju vid\u00edm ja,\u201c hovor\u00ed N\u00f4ta.<\/p>\n<p>Publik\u00e1cia portr\u00e9tov Mira N\u00f4tu sa nes\u00fastre\u010fuje len na hercov \u010di re\u017eis\u00e9rov, ale predstavuje aj kameramanov, scen\u00e1ristov, producentov, hudobn\u00fdch skladate\u013eov, teoretikov, organiz\u00e1torov filmov\u00fdch podujat\u00ed a \u010fal\u0161\u00edch \u013eud\u00ed, ktor\u00ed vytv\u00e1raj\u00fa podhubie slovensk\u00e9ho filmu. \u201eV\u00fdber fotografi\u00ed je jedine\u010dnou spr\u00e1vou o dynamick\u00fdch premen\u00e1ch na\u0161ej kinematografie,\u201c hovor\u00ed o pripravovanej knihe re\u017eis\u00e9r Martin \u0160ul\u00edk. \u201eMiro predstavuje osobnosti, ktor\u00e9 st\u00e1li pri jej zrode a formovan\u00ed, tvorcov, ktor\u00ed svojimi dielami v \u0161es\u0165desiatych rokoch prekro\u010dili hranice Slovenska a stali sa s\u00fa\u010das\u0165ou eur\u00f3pskej filmovej kult\u00fary, no hlavne zaznamen\u00e1va n\u00e1stup svojich genera\u010dn\u00fdch spolup\u00fatnikov. Zauj\u00edmav\u00e1 je pr\u00e1ve t\u00e1to pestros\u0165 v\u00fdberu, preto\u017ee pripom\u00edna kontinuitu v\u00fdvoja, mapuje striedanie gener\u00e1ci\u00ed a zaznamen\u00e1va o\u017eivenie slovensk\u00e9ho filmu po dlh\u00fdch rokoch ml\u010dania. Rozmanitos\u0165 fotografick\u00fdch pr\u00edstupov k jednotliv\u00fdm portr\u00e9tom dokumentuje aj tvoriv\u00fd v\u00fdvoj samotn\u00e9ho fotografa.\u201c Pod\u013ea neho je N\u00f4tova kniha autentick\u00e1, m\u00e1 dokument\u00e1rnu hodnotu a je za \u0148ou mnoho rokov systematickej pr\u00e1ce a nepredstieran\u00fd z\u00e1ujem o \u013eud\u00ed pred objekt\u00edvom.<\/p>\n","protected":false},"excerpt":{"rendered":"<p>Miro N\u00f4ta sa vo svojej tvorbe venuje dokument\u00e1rnej a portr\u00e9tnej fotografii, \u013eud\u00ed z prostredia filmu za\u010dal fotografova\u0165 e\u0161te po\u010das \u0161t\u00fadia na Vysokej \u0161kole m\u00fazick\u00fdch umen\u00ed v Bratislave na Katedre dokument\u00e1rneho filmu, ke\u010f za\u010dal foti\u0165 svojich spolu\u017eiakov. \u201eNapriek tomu, \u017ee som \u0161tudoval r\u00e9\u017eiu, viac mi vyhovovala pr\u00e1ca s kamerou a fotoapar\u00e1tom. T\u00fdm som pokra\u010doval aj po [&hellip;]<\/p>\n","protected":false},"featured_media":38433,"comment_status":"closed","ping_status":"closed","template":"","meta":{"_acf_changed":false,"inline_featured_image":false},"product_brand":[],"product_cat":[28,318],"product_tag":[],"class_list":{"0":"post-38432","1":"product","2":"type-product","3":"status-publish","4":"has-post-thumbnail","6":"product_cat-knihy","7":"product_cat-tituly-inych-vydavatelstiev","9":"first","10":"instock","11":"shipping-taxable","12":"purchasable","13":"product-type-simple"},"acf":[],"_links":{"self":[{"href":"https:\/\/sfu.sk\/en\/wp-json\/wp\/v2\/product\/38432","targetHints":{"allow":["GET"]}}],"collection":[{"href":"https:\/\/sfu.sk\/en\/wp-json\/wp\/v2\/product"}],"about":[{"href":"https:\/\/sfu.sk\/en\/wp-json\/wp\/v2\/types\/product"}],"replies":[{"embeddable":true,"href":"https:\/\/sfu.sk\/en\/wp-json\/wp\/v2\/comments?post=38432"}],"wp:featuredmedia":[{"embeddable":true,"href":"https:\/\/sfu.sk\/en\/wp-json\/wp\/v2\/media\/38433"}],"wp:attachment":[{"href":"https:\/\/sfu.sk\/en\/wp-json\/wp\/v2\/media?parent=38432"}],"wp:term":[{"taxonomy":"product_brand","embeddable":true,"href":"https:\/\/sfu.sk\/en\/wp-json\/wp\/v2\/product_brand?post=38432"},{"taxonomy":"product_cat","embeddable":true,"href":"https:\/\/sfu.sk\/en\/wp-json\/wp\/v2\/product_cat?post=38432"},{"taxonomy":"product_tag","embeddable":true,"href":"https:\/\/sfu.sk\/en\/wp-json\/wp\/v2\/product_tag?post=38432"}],"curies":[{"name":"wp","href":"https:\/\/api.w.org\/{rel}","templated":true}]}}