{"id":38527,"date":"2024-02-26T10:16:46","date_gmt":"2024-02-26T09:16:46","guid":{"rendered":"https:\/\/sfu.sk\/?post_type=product&#038;p=38527"},"modified":"2024-07-26T11:30:30","modified_gmt":"2024-07-26T09:30:30","slug":"blu-ray-krvava-pani","status":"publish","type":"product","link":"https:\/\/sfu.sk\/en\/eshop\/blu-ray-krvava-pani\/","title":{"rendered":"blu-ray Krvav\u00e1 pani"},"content":{"rendered":"<p>Animovan\u00fd film o zlo\u010dine a l\u00e1ske, in\u0161pirovan\u00fd historickou legendou o krutej \u010cachtickej panej. Na pozad\u00ed romantick\u00e9ho \u013e\u00fabostn\u00e9ho pr\u00edbehu s prvkami komiky i tragiky je zachyten\u00fd ve\u010dn\u00fd boj dobra so zlom.<\/p>\n","protected":false},"excerpt":{"rendered":"<p>Animovan\u00fd film o zlo\u010dine a l\u00e1ske, in\u0161pirovan\u00fd historickou legendou o krutej \u010cachtickej panej. Na pozad\u00ed romantick\u00e9ho \u013e\u00fabostn\u00e9ho pr\u00edbehu s prvkami komiky i tragiky je zachyten\u00fd ve\u010dn\u00fd boj dobra so zlom.<\/p>\n","protected":false},"featured_media":38528,"comment_status":"closed","ping_status":"closed","template":"","meta":{"_acf_changed":false,"inline_featured_image":false},"product_brand":[],"product_cat":[31,330],"product_tag":[],"class_list":{"0":"post-38527","1":"product","2":"type-product","3":"status-publish","4":"has-post-thumbnail","6":"product_cat-blu-ray","7":"product_cat-tituly-sfu-blu-ray","9":"first","10":"instock","11":"shipping-taxable","12":"purchasable","13":"product-type-simple"},"acf":[],"_links":{"self":[{"href":"https:\/\/sfu.sk\/en\/wp-json\/wp\/v2\/product\/38527","targetHints":{"allow":["GET"]}}],"collection":[{"href":"https:\/\/sfu.sk\/en\/wp-json\/wp\/v2\/product"}],"about":[{"href":"https:\/\/sfu.sk\/en\/wp-json\/wp\/v2\/types\/product"}],"replies":[{"embeddable":true,"href":"https:\/\/sfu.sk\/en\/wp-json\/wp\/v2\/comments?post=38527"}],"wp:featuredmedia":[{"embeddable":true,"href":"https:\/\/sfu.sk\/en\/wp-json\/wp\/v2\/media\/38528"}],"wp:attachment":[{"href":"https:\/\/sfu.sk\/en\/wp-json\/wp\/v2\/media?parent=38527"}],"wp:term":[{"taxonomy":"product_brand","embeddable":true,"href":"https:\/\/sfu.sk\/en\/wp-json\/wp\/v2\/product_brand?post=38527"},{"taxonomy":"product_cat","embeddable":true,"href":"https:\/\/sfu.sk\/en\/wp-json\/wp\/v2\/product_cat?post=38527"},{"taxonomy":"product_tag","embeddable":true,"href":"https:\/\/sfu.sk\/en\/wp-json\/wp\/v2\/product_tag?post=38527"}],"curies":[{"name":"wp","href":"https:\/\/api.w.org\/{rel}","templated":true}]}}