{"id":38530,"date":"2024-02-26T10:20:56","date_gmt":"2024-02-26T09:20:56","guid":{"rendered":"https:\/\/sfu.sk\/?post_type=product&#038;p=38530"},"modified":"2025-09-09T09:26:42","modified_gmt":"2025-09-09T07:26:42","slug":"blu-ray-zbojnik-jurko","status":"publish","type":"product","link":"https:\/\/sfu.sk\/en\/eshop\/blu-ray-zbojnik-jurko\/","title":{"rendered":"blu-ray Zbojn\u00edk Jurko"},"content":{"rendered":"<p>Celove\u010dern\u00fd animovan\u00fd film o nov\u00fdch dobrodru\u017estv\u00e1ch slovensk\u00e9ho zbojn\u00edka Jura J\u00e1no\u0161\u00edka, hrdinu, ktor\u00fd nen\u00e1vid\u00ed krivdu a bojuje proti soci\u00e1lnemu \u00fatlaku<\/p>\n","protected":false},"excerpt":{"rendered":"<p>Celove\u010dern\u00fd animovan\u00fd film o nov\u00fdch dobrodru\u017estv\u00e1ch slovensk\u00e9ho zbojn\u00edka Jura J\u00e1no\u0161\u00edka, hrdinu, ktor\u00fd nen\u00e1vid\u00ed krivdu a bojuje proti soci\u00e1lnemu \u00fatlaku<\/p>\n","protected":false},"featured_media":38531,"comment_status":"closed","ping_status":"closed","template":"","meta":{"_acf_changed":false,"inline_featured_image":false},"product_brand":[],"product_cat":[31,330],"product_tag":[],"class_list":{"0":"post-38530","1":"product","2":"type-product","3":"status-publish","4":"has-post-thumbnail","6":"product_cat-blu-ray","7":"product_cat-tituly-sfu-blu-ray","9":"first","10":"outofstock","11":"shipping-taxable","12":"purchasable","13":"product-type-simple"},"acf":[],"_links":{"self":[{"href":"https:\/\/sfu.sk\/en\/wp-json\/wp\/v2\/product\/38530","targetHints":{"allow":["GET"]}}],"collection":[{"href":"https:\/\/sfu.sk\/en\/wp-json\/wp\/v2\/product"}],"about":[{"href":"https:\/\/sfu.sk\/en\/wp-json\/wp\/v2\/types\/product"}],"replies":[{"embeddable":true,"href":"https:\/\/sfu.sk\/en\/wp-json\/wp\/v2\/comments?post=38530"}],"wp:featuredmedia":[{"embeddable":true,"href":"https:\/\/sfu.sk\/en\/wp-json\/wp\/v2\/media\/38531"}],"wp:attachment":[{"href":"https:\/\/sfu.sk\/en\/wp-json\/wp\/v2\/media?parent=38530"}],"wp:term":[{"taxonomy":"product_brand","embeddable":true,"href":"https:\/\/sfu.sk\/en\/wp-json\/wp\/v2\/product_brand?post=38530"},{"taxonomy":"product_cat","embeddable":true,"href":"https:\/\/sfu.sk\/en\/wp-json\/wp\/v2\/product_cat?post=38530"},{"taxonomy":"product_tag","embeddable":true,"href":"https:\/\/sfu.sk\/en\/wp-json\/wp\/v2\/product_tag?post=38530"}],"curies":[{"name":"wp","href":"https:\/\/api.w.org\/{rel}","templated":true}]}}