{"id":38532,"date":"2024-02-26T10:24:45","date_gmt":"2024-02-26T09:24:45","guid":{"rendered":"https:\/\/sfu.sk\/?post_type=product&#038;p=38532"},"modified":"2024-07-26T11:29:49","modified_gmt":"2024-07-26T09:29:49","slug":"blu-ray-vyber-animovanych-filmov-viktora-kubala","status":"publish","type":"product","link":"https:\/\/sfu.sk\/en\/eshop\/blu-ray-vyber-animovanych-filmov-viktora-kubala\/","title":{"rendered":"blu-ray V\u00fdber z kr\u00e1tkych filmov Viktora Kubala"},"content":{"rendered":"<p>Prierez re\u017eis\u00e9rovou tvorbou od film\u00e1rskych za\u010diatkov cez uk\u00e1\u017eky zo seri\u00e1lov pre deti a\u017e po soci\u00e1lno-kritick\u00e9 diela zo 70. a 80. rokov.<\/p>\n<p><strong>Stud\u0148a l\u00e1sky<\/strong> (1944\/1959) &#8211; 10 min., \u010db | Zem (1966) &#8211; 8 min., farebn\u00fd | <strong>Dita na po\u0161te<\/strong> (1967) &#8211; 8 min., farebn\u00fd | <strong>Janko Hra\u0161ko u k\u00fazeln\u00edka<\/strong> (1973) &#8211; 8 min., farebn\u00fd | <strong>\u0160ach<\/strong> (1973) &#8211; 6 min., farebn\u00fd | <strong>Kino<\/strong> (1977) &#8211; 7 min., farebn\u00fd | <strong>Jedin\u00e1\u010dik<\/strong> (1979) &#8211; 7 min., farebn\u00fd | <strong>\u010co sa stalo Jan\u00edkovi na ceste<\/strong> (1981) &#8211; 6 min., farebn\u00fd | <strong>Selekcia<\/strong> (1982) &#8211; 6 min., farebn\u00fd | <strong>Meteorol\u00f3g<\/strong> (1983) &#8211; 9 min., farebn\u00fd | <strong>Marcip\u00e1nov\u00e1 kom\u00e9dia<\/strong> (1987) &#8211; 41 min., farebn\u00fd | <strong>Na prav\u00e9 poludnie<\/strong> (1988) &#8211; 4 min., farebn\u00fd | Idol (1966) &#8211; 5 min., farebn\u00fd<\/p>\n","protected":false},"excerpt":{"rendered":"<p>Prierez re\u017eis\u00e9rovou tvorbou od film\u00e1rskych za\u010diatkov cez uk\u00e1\u017eky zo seri\u00e1lov pre deti a\u017e po soci\u00e1lno-kritick\u00e9 diela zo 70. a 80. rokov. Stud\u0148a l\u00e1sky (1944\/1959) &#8211; 10 min., \u010db | Zem (1966) &#8211; 8 min., farebn\u00fd | Dita na po\u0161te (1967) &#8211; 8 min., farebn\u00fd | Janko Hra\u0161ko u k\u00fazeln\u00edka (1973) &#8211; 8 min., farebn\u00fd | [&hellip;]<\/p>\n","protected":false},"featured_media":38533,"comment_status":"closed","ping_status":"closed","template":"","meta":{"_acf_changed":false,"inline_featured_image":false},"product_brand":[],"product_cat":[31,330],"product_tag":[],"class_list":{"0":"post-38532","1":"product","2":"type-product","3":"status-publish","4":"has-post-thumbnail","6":"product_cat-blu-ray","7":"product_cat-tituly-sfu-blu-ray","9":"first","10":"instock","11":"shipping-taxable","12":"purchasable","13":"product-type-simple"},"acf":[],"_links":{"self":[{"href":"https:\/\/sfu.sk\/en\/wp-json\/wp\/v2\/product\/38532","targetHints":{"allow":["GET"]}}],"collection":[{"href":"https:\/\/sfu.sk\/en\/wp-json\/wp\/v2\/product"}],"about":[{"href":"https:\/\/sfu.sk\/en\/wp-json\/wp\/v2\/types\/product"}],"replies":[{"embeddable":true,"href":"https:\/\/sfu.sk\/en\/wp-json\/wp\/v2\/comments?post=38532"}],"wp:featuredmedia":[{"embeddable":true,"href":"https:\/\/sfu.sk\/en\/wp-json\/wp\/v2\/media\/38533"}],"wp:attachment":[{"href":"https:\/\/sfu.sk\/en\/wp-json\/wp\/v2\/media?parent=38532"}],"wp:term":[{"taxonomy":"product_brand","embeddable":true,"href":"https:\/\/sfu.sk\/en\/wp-json\/wp\/v2\/product_brand?post=38532"},{"taxonomy":"product_cat","embeddable":true,"href":"https:\/\/sfu.sk\/en\/wp-json\/wp\/v2\/product_cat?post=38532"},{"taxonomy":"product_tag","embeddable":true,"href":"https:\/\/sfu.sk\/en\/wp-json\/wp\/v2\/product_tag?post=38532"}],"curies":[{"name":"wp","href":"https:\/\/api.w.org\/{rel}","templated":true}]}}