{"id":38566,"date":"2024-02-27T14:30:01","date_gmt":"2024-02-27T13:30:01","guid":{"rendered":"https:\/\/sfu.sk\/?post_type=product&#038;p=38566"},"modified":"2026-04-09T14:39:51","modified_gmt":"2026-04-09T12:39:51","slug":"kino-ikon-1-2023","status":"publish","type":"product","link":"https:\/\/sfu.sk\/en\/eshop\/kino-ikon-1-2023\/","title":{"rendered":"KINO IKON 1\/2023"},"content":{"rendered":"<p>S\u00fabor recenzovan\u00fdch \u0161t\u00fadi\u00ed (Studium) otv\u00e1ra text Katar\u00edny Mi\u0161\u00edkovovej odkr\u00fdvaj\u00faci strat\u00e9gie autobiografie, autoportr\u00e9tu a autofikcie v\u00a0s\u00fa\u010dasnom slovenskom dokument\u00e1rnom filme. V\u00a0istom zmysle na \u0148u nadv\u00e4zuje v\u00a0\u010fal\u0161ej \u0161t\u00fadii Jana Dudkov\u00e1, ktor\u00e1 sa venuje aj hybridn\u00fdm \u017e\u00e1nrom v rannej tvorbe Viery \u010c\u00e1kanyovej. Dlhodob\u00e1 rubrika Prv\u00e9 storo\u010die, otvoren\u00e1 pred p\u00e1r rokmi pri pr\u00edle\u017eitosti 100. v\u00fdro\u010dia zrodu slovensk\u00e9ho filmu, pon\u00faka \u010fal\u0161ie texty o\u00a0r\u00f4znych obdobiach jeho v\u00fdvoja, od predstavenia predkolibsk\u00fdch\u00a0projektov filmov\u00fdch ateli\u00e9rov v\u00a0Bratislave (Petra Han\u00e1kov\u00e1), alebo fokusu na \u201emlie\u010dne filmy\u201c v kontexte zdravotn\u00edckej kinematografie (Nina Nov\u00e1kov\u00e1), a\u017e po fenom\u00e9n nespo\u013eahliv\u00e9ho rozpr\u00e1vania v\u00a0na\u0161ich hran\u00fdch filmoch (Marek Slov\u00e1k). T\u00e9mou \u010d\u00edsla je zameranie na \u0161pecifick\u00e9 (kunsthistorick\u00fd, n\u00e1bo\u017eensk\u00fd) aspekty filmu <em>Organ<\/em> \u0160tefana Uhra (Diskusia, rubrika Dvojdotyk). \u010c\u00edslo venovan\u00e9 slovensk\u00e9mu filmu korunuje rozsiahly rozhovor Martina \u0160ul\u00edka a\u00a0Stanislava P\u00e1rnick\u00e9ho (1945 \u2013 2023) o\u00a0filmovej r\u00e9\u017eii.<\/p>\n","protected":false},"excerpt":{"rendered":"<p>S\u00fabor recenzovan\u00fdch \u0161t\u00fadi\u00ed (Studium) otv\u00e1ra text Katar\u00edny Mi\u0161\u00edkovovej odkr\u00fdvaj\u00faci strat\u00e9gie autobiografie, autoportr\u00e9tu a autofikcie v\u00a0s\u00fa\u010dasnom slovenskom dokument\u00e1rnom filme. V\u00a0istom zmysle na \u0148u nadv\u00e4zuje v\u00a0\u010fal\u0161ej \u0161t\u00fadii Jana Dudkov\u00e1, ktor\u00e1 sa venuje aj hybridn\u00fdm \u017e\u00e1nrom v rannej tvorbe Viery \u010c\u00e1kanyovej. Dlhodob\u00e1 rubrika Prv\u00e9 storo\u010die, otvoren\u00e1 pred p\u00e1r rokmi pri pr\u00edle\u017eitosti 100. v\u00fdro\u010dia zrodu slovensk\u00e9ho filmu, pon\u00faka \u010fal\u0161ie [&hellip;]<\/p>\n","protected":false},"featured_media":38567,"comment_status":"closed","ping_status":"closed","template":"","meta":{"_acf_changed":false,"inline_featured_image":false},"product_brand":[],"product_cat":[29,340,335],"product_tag":[],"class_list":{"0":"post-38566","1":"product","2":"type-product","3":"status-publish","4":"has-post-thumbnail","6":"product_cat-casopisy","7":"product_cat-kino-ikon","8":"product_cat-tituly-sfu-casopisy","10":"first","11":"instock","12":"shipping-taxable","13":"purchasable","14":"product-type-simple"},"acf":[],"_links":{"self":[{"href":"https:\/\/sfu.sk\/en\/wp-json\/wp\/v2\/product\/38566","targetHints":{"allow":["GET"]}}],"collection":[{"href":"https:\/\/sfu.sk\/en\/wp-json\/wp\/v2\/product"}],"about":[{"href":"https:\/\/sfu.sk\/en\/wp-json\/wp\/v2\/types\/product"}],"replies":[{"embeddable":true,"href":"https:\/\/sfu.sk\/en\/wp-json\/wp\/v2\/comments?post=38566"}],"wp:featuredmedia":[{"embeddable":true,"href":"https:\/\/sfu.sk\/en\/wp-json\/wp\/v2\/media\/38567"}],"wp:attachment":[{"href":"https:\/\/sfu.sk\/en\/wp-json\/wp\/v2\/media?parent=38566"}],"wp:term":[{"taxonomy":"product_brand","embeddable":true,"href":"https:\/\/sfu.sk\/en\/wp-json\/wp\/v2\/product_brand?post=38566"},{"taxonomy":"product_cat","embeddable":true,"href":"https:\/\/sfu.sk\/en\/wp-json\/wp\/v2\/product_cat?post=38566"},{"taxonomy":"product_tag","embeddable":true,"href":"https:\/\/sfu.sk\/en\/wp-json\/wp\/v2\/product_tag?post=38566"}],"curies":[{"name":"wp","href":"https:\/\/api.w.org\/{rel}","templated":true}]}}