{"id":38842,"date":"2024-03-04T12:06:02","date_gmt":"2024-03-04T11:06:02","guid":{"rendered":"https:\/\/sfu.sk\/?post_type=product&#038;p=38842"},"modified":"2024-06-19T11:27:27","modified_gmt":"2024-06-19T09:27:27","slug":"cinepur-151-2024","status":"publish","type":"product","link":"https:\/\/sfu.sk\/en\/eshop\/cinepur-151-2024\/","title":{"rendered":"Cinepur 151\/2024"},"content":{"rendered":"<p>Pr\u016fvodce labyritnem nejlep\u0161\u00edch film\u016f roku 2023 \/ Editorial 151 Jind\u0159i\u0161ka Bl\u00e1hov\u00e1 \/<br \/>\nAnketa \/ Nejlep\u0161\u00ed filmy roku 2023<br \/>\nglosa<br \/>\nJe\u017eek v kleci dogmatu \/ Reakce na rozhovor s Martinem Je\u017ekem Vojt\u011bch Ma\u0161ek \/<\/p>\n<p>flashback<br \/>\nNech je t\u00e9ct, Maugl\u00ed, jsou to jen slzy \/ Gallipoli Anton\u00edn Tesa\u0159 \/<\/p>\n<p>kamera-pero<br \/>\nMoje d\u00edt\u011b m\u00e1 velkou hlavu (a j\u00e1 ho i tak m\u00e1m r\u00e1da) Greta Stocklassa \/<\/p>\n<p>seri\u00e1l<br \/>\nKancel\u00e1\u0159sk\u00e1 apokalypsa \/ Carol a konec sv\u011bta Martin Svoboda \/<\/p>\n<p>videohra<br \/>\nTemn\u00fd sestup do bunkru \/ Amnesia: The Bunker Anton\u00edn Tesa\u0159 \/<\/p>\n<p>mimo kino<br \/>\nPr\u00e1vo t\u011b\u017eit ropu \/ Cobell Energy Petra Chaloupkov\u00e1 \/<\/p>\n<p>soundtrack<br \/>\nVenkovsk\u00fd klav\u00edr a hluk ve v\u011b\u017ei \/ Chlapec a volavka \u0160t\u011bp\u00e1n \u0160anda \/<\/p>\n<p>kniha<br \/>\nSkryt\u00e9 d\u011bdictv\u00ed \u010desk\u00e9ho my\u0161len\u00ed o film. st\u0159ihu \/ \u010cesk\u00e1 \u0161kola st\u0159ihov\u00e9 skladby V\u00edt\u011bzslav Chovanec \/<\/p>\n<p>kritika<br \/>\nEzobox \u010dmel\u00e1ka Vachlera \/ Tajemstv\u00ed a smysl \u017eivota Martin Ple\u0161til \/<br \/>\nP\u0159emoci patriarch\u00e1t tradicemi \/ Sestry z kou\u0159ov\u00e9 sauny Ema Fischerov\u00e1 \/<br \/>\nNapoleonsk\u00fd m\u00fdtus a estetika trapnosti \/ Napoleon Janis Pr\u00e1\u0161il \/<br \/>\nCesta do terapie \/ Chlapec a volavka Dan Kr\u00e1tk\u00fd \/<br \/>\nBesson\u016fv rozh\u00e1ran\u00fd podvra\u0165\u00e1k \/ DogMan Jarmila K\u0159enkov\u00e1 \/<\/p>\n","protected":false},"excerpt":{"rendered":"<p>Pr\u016fvodce labyritnem nejlep\u0161\u00edch film\u016f roku 2023 \/ Editorial 151 Jind\u0159i\u0161ka Bl\u00e1hov\u00e1 \/ Anketa \/ Nejlep\u0161\u00ed filmy roku 2023 glosa Je\u017eek v kleci dogmatu \/ Reakce na rozhovor s Martinem Je\u017ekem Vojt\u011bch Ma\u0161ek \/ flashback Nech je t\u00e9ct, Maugl\u00ed, jsou to jen slzy \/ Gallipoli Anton\u00edn Tesa\u0159 \/ kamera-pero Moje d\u00edt\u011b m\u00e1 velkou hlavu (a j\u00e1 [&hellip;]<\/p>\n","protected":false},"featured_media":38843,"comment_status":"closed","ping_status":"closed","template":"","meta":{"_acf_changed":false,"inline_featured_image":false},"product_brand":[],"product_cat":[29,333],"product_tag":[],"class_list":{"0":"post-38842","1":"product","2":"type-product","3":"status-publish","4":"has-post-thumbnail","6":"product_cat-casopisy","7":"product_cat-cinepur-tituly-inych-vydavatelstiev-casopisy","9":"first","10":"outofstock","11":"shipping-taxable","12":"purchasable","13":"product-type-simple"},"acf":[],"_links":{"self":[{"href":"https:\/\/sfu.sk\/en\/wp-json\/wp\/v2\/product\/38842","targetHints":{"allow":["GET"]}}],"collection":[{"href":"https:\/\/sfu.sk\/en\/wp-json\/wp\/v2\/product"}],"about":[{"href":"https:\/\/sfu.sk\/en\/wp-json\/wp\/v2\/types\/product"}],"replies":[{"embeddable":true,"href":"https:\/\/sfu.sk\/en\/wp-json\/wp\/v2\/comments?post=38842"}],"wp:featuredmedia":[{"embeddable":true,"href":"https:\/\/sfu.sk\/en\/wp-json\/wp\/v2\/media\/38843"}],"wp:attachment":[{"href":"https:\/\/sfu.sk\/en\/wp-json\/wp\/v2\/media?parent=38842"}],"wp:term":[{"taxonomy":"product_brand","embeddable":true,"href":"https:\/\/sfu.sk\/en\/wp-json\/wp\/v2\/product_brand?post=38842"},{"taxonomy":"product_cat","embeddable":true,"href":"https:\/\/sfu.sk\/en\/wp-json\/wp\/v2\/product_cat?post=38842"},{"taxonomy":"product_tag","embeddable":true,"href":"https:\/\/sfu.sk\/en\/wp-json\/wp\/v2\/product_tag?post=38842"}],"curies":[{"name":"wp","href":"https:\/\/api.w.org\/{rel}","templated":true}]}}