{"id":39157,"date":"2024-03-06T15:43:35","date_gmt":"2024-03-06T14:43:35","guid":{"rendered":"https:\/\/sfu.sk\/?post_type=product&#038;p=39157"},"modified":"2025-01-23T15:35:41","modified_gmt":"2025-01-23T14:35:41","slug":"film-sk-no-3-2024","status":"publish","type":"product","link":"https:\/\/sfu.sk\/en\/eshop\/film-sk-no-3-2024\/","title":{"rendered":"Film.sk NO. 3\/2024"},"content":{"rendered":"<p>T\u00e9mou marcov\u00e9ho \u010d\u00edsla Film.sk je Filmov\u00fd arch\u00edv.<\/p>\n<div dir=\"auto\">Okrem toho si m\u00f4\u017eete v \u010d\u00edsle pre\u010d\u00edta\u0165:<\/div>\n<div dir=\"auto\"><span class=\"x3nfvp2 x1j61x8r x1fcty0u xdj266r xhhsvwb xat24cr xgzva0m xxymvpz xlup9mm x1kky2od\">&#8211; <\/span>rozhovor s re\u017eis\u00e9rom, anim\u00e1torom a ilustr\u00e1torom D\u00e1vidom \u0160tumpfom<\/div>\n<div dir=\"auto\"><span class=\"x3nfvp2 x1j61x8r x1fcty0u xdj266r xhhsvwb xat24cr xgzva0m xxymvpz xlup9mm x1kky2od\">&#8211;<\/span> o filmov\u00fdch novink\u00e1ch Fentasy, Vysvetlenie na v\u0161etko, Sucho<\/div>\n<div dir=\"auto\"><span class=\"x3nfvp2 x1j61x8r x1fcty0u xdj266r xhhsvwb xat24cr xgzva0m xxymvpz xlup9mm x1kky2od\">&#8211;<\/span> recenzie filmov Vojna policajtov, Chudiatko, Dokonal\u00e9 dni, Pri\u0161la v noci, \u0160tyria mlad\u00ed dospel\u00ed, Svet pod\u013ea m\u00f4jho tatka, Aristokratka vo vare<\/div>\n<div dir=\"auto\"><span class=\"x3nfvp2 x1j61x8r x1fcty0u xdj266r xhhsvwb xat24cr xgzva0m xxymvpz xlup9mm x1kky2od\">&#8211;<\/span> profil: Jozef Kroner, Juraj Nvota, Alena Spustov\u00e1, Pavol Mikul\u00edk, Franti\u0161ek Veleck\u00fd, Gabriela Gaval\u010dinov\u00e1<\/div>\n<div dir=\"auto\"><span class=\"x3nfvp2 x1j61x8r x1fcty0u xdj266r xhhsvwb xat24cr xgzva0m xxymvpz xlup9mm x1kky2od\">&#8211;<\/span> a mnoho \u010fal\u0161\u00edch \u010dl\u00e1nkov.<\/div>\n<div dir=\"auto\">\n<h2><strong>Predplatn\u00e9 online \u010dasopisu tu: <\/strong><a href=\"https:\/\/filmsk.sk\/predplatne\/\" target=\"_blank\" rel=\"noopener\"><strong>filmsk.sk<\/strong><\/a><\/h2>\n<\/div>\n","protected":false},"excerpt":{"rendered":"<p>T\u00e9mou marcov\u00e9ho \u010d\u00edsla Film.sk je Filmov\u00fd arch\u00edv. Okrem toho si m\u00f4\u017eete v \u010d\u00edsle pre\u010d\u00edta\u0165: &#8211; rozhovor s re\u017eis\u00e9rom, anim\u00e1torom a ilustr\u00e1torom D\u00e1vidom \u0160tumpfom &#8211; o filmov\u00fdch novink\u00e1ch Fentasy, Vysvetlenie na v\u0161etko, Sucho &#8211; recenzie filmov Vojna policajtov, Chudiatko, Dokonal\u00e9 dni, Pri\u0161la v noci, \u0160tyria mlad\u00ed dospel\u00ed, Svet pod\u013ea m\u00f4jho tatka, Aristokratka vo vare &#8211; profil: [&hellip;]<\/p>\n","protected":false},"featured_media":39159,"comment_status":"closed","ping_status":"closed","template":"","meta":{"_acf_changed":false,"inline_featured_image":false},"product_brand":[],"product_cat":[29,336,335],"product_tag":[],"class_list":{"0":"post-39157","1":"product","2":"type-product","3":"status-publish","4":"has-post-thumbnail","6":"product_cat-casopisy","7":"product_cat-film-sk","8":"product_cat-tituly-sfu-casopisy","10":"first","11":"instock","12":"shipping-taxable","13":"purchasable","14":"product-type-simple"},"acf":[],"_links":{"self":[{"href":"https:\/\/sfu.sk\/en\/wp-json\/wp\/v2\/product\/39157","targetHints":{"allow":["GET"]}}],"collection":[{"href":"https:\/\/sfu.sk\/en\/wp-json\/wp\/v2\/product"}],"about":[{"href":"https:\/\/sfu.sk\/en\/wp-json\/wp\/v2\/types\/product"}],"replies":[{"embeddable":true,"href":"https:\/\/sfu.sk\/en\/wp-json\/wp\/v2\/comments?post=39157"}],"wp:featuredmedia":[{"embeddable":true,"href":"https:\/\/sfu.sk\/en\/wp-json\/wp\/v2\/media\/39159"}],"wp:attachment":[{"href":"https:\/\/sfu.sk\/en\/wp-json\/wp\/v2\/media?parent=39157"}],"wp:term":[{"taxonomy":"product_brand","embeddable":true,"href":"https:\/\/sfu.sk\/en\/wp-json\/wp\/v2\/product_brand?post=39157"},{"taxonomy":"product_cat","embeddable":true,"href":"https:\/\/sfu.sk\/en\/wp-json\/wp\/v2\/product_cat?post=39157"},{"taxonomy":"product_tag","embeddable":true,"href":"https:\/\/sfu.sk\/en\/wp-json\/wp\/v2\/product_tag?post=39157"}],"curies":[{"name":"wp","href":"https:\/\/api.w.org\/{rel}","templated":true}]}}