{"id":39161,"date":"2024-03-06T15:56:36","date_gmt":"2024-03-06T14:56:36","guid":{"rendered":"https:\/\/sfu.sk\/?post_type=product&#038;p=39161"},"modified":"2026-04-09T14:39:46","modified_gmt":"2026-04-09T12:39:46","slug":"kino-ikon-2-2023","status":"publish","type":"product","link":"https:\/\/sfu.sk\/en\/eshop\/kino-ikon-2-2023\/","title":{"rendered":"KINO IKON 2\/2023"},"content":{"rendered":"<p>\u010c\u00edslo otv\u00e1ra \u0161t\u00fadia \u010desk\u00e9ho estetika Vlastimila Zusku venovan\u00e1 fenom\u00e9nu atmosf\u00e9ry ako inovat\u00edvnej estetickej kateg\u00f3rii, o\u00a0ktorej sa \u010dasto uva\u017euje aj v\u00a0kontexte filmovej tvorby (od B\u00e9lu Bal\u00e1zsa). Jednou z\u00a0hlavn\u00fdch tematick\u00fdch l\u00edni\u00ed, ktor\u00e1 prech\u00e1dza r\u00f4znymi rubrikami je hist\u00f3ria k\u00edn z\u00a0h\u013eadiska soci\u00e1lneho, politick\u00e9ho, architektonick\u00e9ho, technologick\u00e9ho v\u00a0r\u00f4znych filmov\u00fdch kult\u00farach \u2013 od slovenskej (Slavom\u00edra Mac\u00e1kov\u00e1), cez ir\u00e1nsku (Martin Ka\u0148uch), po japonsk\u00fa (Rudolf Schimera). V\u00a0bohatej rubrike rozhovorov sa venujeme filozofick\u00e9mu \u010d\u00edtaniu filmov (Paisley Livingstone), filmovej tvorbe a\u00a0umelej inteligencii (Viera \u010c\u00e1kanyov\u00e1) alebo v\u00fdnimo\u010dnosti Han\u00e1kov\u00fdch <em>Obrazov star\u00e9ho sveta<\/em> (Daniel Bird, Jonathan Owen). \u0160tefan Komorn\u00fd v\u00a0laudatiu pripom\u00edna osobnos\u0165 hlavn\u00e9ho kolibsk\u00e9ho technol\u00f3ga R\u00f3berta Hardonyiho (1930 \u2013 2009). Pozoruhodn\u00e1 \u0161tudentsk\u00e1 reflexia Anny Gazd\u00edkovej rozkr\u00fdva filozofiu <em>Z\u00e1hrady<\/em> Martina \u0160ul\u00edka.<\/p>\n","protected":false},"excerpt":{"rendered":"<p>\u010c\u00edslo otv\u00e1ra \u0161t\u00fadia \u010desk\u00e9ho estetika Vlastimila Zusku venovan\u00e1 fenom\u00e9nu atmosf\u00e9ry ako inovat\u00edvnej estetickej kateg\u00f3rii, o\u00a0ktorej sa \u010dasto uva\u017euje aj v\u00a0kontexte filmovej tvorby (od B\u00e9lu Bal\u00e1zsa). Jednou z\u00a0hlavn\u00fdch tematick\u00fdch l\u00edni\u00ed, ktor\u00e1 prech\u00e1dza r\u00f4znymi rubrikami je hist\u00f3ria k\u00edn z\u00a0h\u013eadiska soci\u00e1lneho, politick\u00e9ho, architektonick\u00e9ho, technologick\u00e9ho v\u00a0r\u00f4znych filmov\u00fdch kult\u00farach \u2013 od slovenskej (Slavom\u00edra Mac\u00e1kov\u00e1), cez ir\u00e1nsku (Martin Ka\u0148uch), po japonsk\u00fa [&hellip;]<\/p>\n","protected":false},"featured_media":39162,"comment_status":"closed","ping_status":"closed","template":"","meta":{"_acf_changed":false,"inline_featured_image":false},"product_brand":[],"product_cat":[29,340,335],"product_tag":[],"class_list":{"0":"post-39161","1":"product","2":"type-product","3":"status-publish","4":"has-post-thumbnail","6":"product_cat-casopisy","7":"product_cat-kino-ikon","8":"product_cat-tituly-sfu-casopisy","10":"first","11":"instock","12":"shipping-taxable","13":"purchasable","14":"product-type-simple"},"acf":[],"_links":{"self":[{"href":"https:\/\/sfu.sk\/en\/wp-json\/wp\/v2\/product\/39161","targetHints":{"allow":["GET"]}}],"collection":[{"href":"https:\/\/sfu.sk\/en\/wp-json\/wp\/v2\/product"}],"about":[{"href":"https:\/\/sfu.sk\/en\/wp-json\/wp\/v2\/types\/product"}],"replies":[{"embeddable":true,"href":"https:\/\/sfu.sk\/en\/wp-json\/wp\/v2\/comments?post=39161"}],"wp:featuredmedia":[{"embeddable":true,"href":"https:\/\/sfu.sk\/en\/wp-json\/wp\/v2\/media\/39162"}],"wp:attachment":[{"href":"https:\/\/sfu.sk\/en\/wp-json\/wp\/v2\/media?parent=39161"}],"wp:term":[{"taxonomy":"product_brand","embeddable":true,"href":"https:\/\/sfu.sk\/en\/wp-json\/wp\/v2\/product_brand?post=39161"},{"taxonomy":"product_cat","embeddable":true,"href":"https:\/\/sfu.sk\/en\/wp-json\/wp\/v2\/product_cat?post=39161"},{"taxonomy":"product_tag","embeddable":true,"href":"https:\/\/sfu.sk\/en\/wp-json\/wp\/v2\/product_tag?post=39161"}],"curies":[{"name":"wp","href":"https:\/\/api.w.org\/{rel}","templated":true}]}}