{"id":39758,"date":"2024-04-04T11:40:33","date_gmt":"2024-04-04T09:40:33","guid":{"rendered":"https:\/\/sfu.sk\/?post_type=product&#038;p=39758"},"modified":"2026-01-16T10:19:12","modified_gmt":"2026-01-16T09:19:12","slug":"vysoke-umenie-a-popularna-kultura","status":"publish","type":"product","link":"https:\/\/sfu.sk\/en\/eshop\/vysoke-umenie-a-popularna-kultura\/","title":{"rendered":"Vysok\u00e9 umenie a popul\u00e1rna kult\u00fara"},"content":{"rendered":"<p>S\u00fabor textov <em>Vysok\u00e9 umenie a\u00a0popul\u00e1rna kult\u00fara<\/em>, ktor\u00fd tvor\u00ed \u0161t\u00fadia zostavovate\u013ea a\u00a0sedem prekladov textov najv\u00fdznamnej\u0161\u00edch svetov\u00fdch estetikov a\u00a0filozofov, zachyt\u00e1va vz\u0165ah vysokej a\u00a0popul\u00e1rnej kult\u00fary v r\u00e1mcoch filozofie, estetiky \u010di kult\u00farnych \u0161t\u00fadi\u00ed. Jednotliv\u00e9 texty obhajuj\u00fa aj kritizuj\u00fa vysok\u00e9 umenie aj popul\u00e1rnu kult\u00faru. Zachycuj\u00fa s\u00fa\u010dasn\u00e9 podoby tohto rozdelenia, ku ktor\u00e9mu do\u0161lo na Z\u00e1pade pred dvesto rokmi. Odvtedy sa odli\u0161uje \u201evysok\u00fd\u201c a \u201epopul\u00e1rny\u201c kult\u00farny svet. Ka\u017ed\u00fd z\u00a0nich m\u00e1\u00a0vlastn\u00fd jazyk, pravidl\u00e1 a hodnoty. Rozdielne maj\u00fa o\u010dak\u00e1vania aj sp\u00f4soby posudzovania. Naoko sa nepotrebuj\u00fa, hoci v\u00a0skuto\u010dnosti nevedia bez seba \u017ei\u0165. Neraz sa hrubo odsudzuj\u00fa, bezo\u010divo oso\u010duj\u00fa a zosmie\u0161\u0148uj\u00fa. Inokedy si vr\u00facne padaj\u00fa do n\u00e1ru\u010dia. Vz\u00e1jomn\u00fd antagonizmus na\u010falej definuje identitu vysokej, ale aj popul\u00e1rnej kult\u00fary. Hoci filozofia, estetika, ale aj umeleck\u00e1 prax neraz zakr\u00fdvaj\u00fa existenciu tejto odli\u0161nosti. Ch\u00e1pu ju viac ako anachronizmus nerozlu\u010dne sp\u00e4t\u00fd s\u00a0modernizmom, ne\u017e s\u00fa\u010dasn\u00fd fenom\u00e9n. No na\u0161\u0165astie jestvuj\u00fa alternat\u00edvy k\u00a0tak\u00e9muto uva\u017eovaniu. \u010cas\u0165 z\u00a0nich predstavuje aj t\u00e1to kniha.<\/p>\n<p>Kniha je s\u00fa\u010das\u0165ou ed\u00edcie Cinest\u00e9zia.<\/p>\n","protected":false},"excerpt":{"rendered":"<p>S\u00fabor textov Vysok\u00e9 umenie a\u00a0popul\u00e1rna kult\u00fara, ktor\u00fd tvor\u00ed \u0161t\u00fadia zostavovate\u013ea a\u00a0sedem prekladov textov najv\u00fdznamnej\u0161\u00edch svetov\u00fdch estetikov a\u00a0filozofov, zachyt\u00e1va vz\u0165ah vysokej a\u00a0popul\u00e1rnej kult\u00fary v r\u00e1mcoch filozofie, estetiky \u010di kult\u00farnych \u0161t\u00fadi\u00ed. Jednotliv\u00e9 texty obhajuj\u00fa aj kritizuj\u00fa vysok\u00e9 umenie aj popul\u00e1rnu kult\u00faru. Zachycuj\u00fa s\u00fa\u010dasn\u00e9 podoby tohto rozdelenia, ku ktor\u00e9mu do\u0161lo na Z\u00e1pade pred dvesto rokmi. Odvtedy sa odli\u0161uje [&hellip;]<\/p>\n","protected":false},"featured_media":39759,"comment_status":"closed","ping_status":"closed","template":"","meta":{"_acf_changed":false,"inline_featured_image":false},"product_brand":[],"product_cat":[331,28,324],"product_tag":[],"class_list":{"0":"post-39758","1":"product","2":"type-product","3":"status-publish","4":"has-post-thumbnail","6":"product_cat-edicia-cinestezia","7":"product_cat-knihy","8":"product_cat-tituly-sfu-knihy","10":"first","11":"instock","12":"shipping-taxable","13":"purchasable","14":"product-type-simple"},"acf":[],"_links":{"self":[{"href":"https:\/\/sfu.sk\/en\/wp-json\/wp\/v2\/product\/39758","targetHints":{"allow":["GET"]}}],"collection":[{"href":"https:\/\/sfu.sk\/en\/wp-json\/wp\/v2\/product"}],"about":[{"href":"https:\/\/sfu.sk\/en\/wp-json\/wp\/v2\/types\/product"}],"replies":[{"embeddable":true,"href":"https:\/\/sfu.sk\/en\/wp-json\/wp\/v2\/comments?post=39758"}],"wp:featuredmedia":[{"embeddable":true,"href":"https:\/\/sfu.sk\/en\/wp-json\/wp\/v2\/media\/39759"}],"wp:attachment":[{"href":"https:\/\/sfu.sk\/en\/wp-json\/wp\/v2\/media?parent=39758"}],"wp:term":[{"taxonomy":"product_brand","embeddable":true,"href":"https:\/\/sfu.sk\/en\/wp-json\/wp\/v2\/product_brand?post=39758"},{"taxonomy":"product_cat","embeddable":true,"href":"https:\/\/sfu.sk\/en\/wp-json\/wp\/v2\/product_cat?post=39758"},{"taxonomy":"product_tag","embeddable":true,"href":"https:\/\/sfu.sk\/en\/wp-json\/wp\/v2\/product_tag?post=39758"}],"curies":[{"name":"wp","href":"https:\/\/api.w.org\/{rel}","templated":true}]}}