{"id":39787,"date":"2024-04-04T15:36:51","date_gmt":"2024-04-04T13:36:51","guid":{"rendered":"https:\/\/sfu.sk\/?post_type=product&#038;p=39787"},"modified":"2024-04-04T15:36:51","modified_gmt":"2024-04-04T13:36:51","slug":"experimentation-and-reversibility","status":"publish","type":"product","link":"https:\/\/sfu.sk\/en\/eshop\/experimentation-and-reversibility\/","title":{"rendered":"Experimentation and Reversibility"},"content":{"rendered":"<p>Publik\u00e1cia prezentuje spolo\u010dn\u00fa tvorbu dvoch v\u00fdtvarn\u00edkov \u2013 fotografky a skl\u00e1ra, ktor\u00ed spolupracuj\u00fa od roku 2010 a svoje spolo\u010dn\u00e9 projekty viackr\u00e1t \u00faspe\u0161ne vystavovali doma aj v zahrani\u010d\u00ed.<\/p>\n<p>Jana Hojstri\u010dov\u00e1 (1972) a Palo Macho (1965) a absolvovali V\u0160VU v Bratislave, kde v s\u00fa\u010dasnosti p\u00f4sobia ako pedag\u00f3govia. Z\u00e1merom publik\u00e1cie je obrazom a slovom zmapova\u0165 ich spolo\u010dn\u00e9 projekty in situ (2010 \u2013 2021), ich nov\u00e1torsk\u00fa poz\u00edciu na s\u00fa\u010dasnej sc\u00e9ne, ke\u010f\u017ee sa im v priebehu rokov podarilo cez viacer\u00e9 technologick\u00e9 experimenty spoji\u0165 fotografiu a sklo (nielen na ploche, 2D), ale aj v priestore (3D) \u2013 v poslednom \u010dase umeleck\u00fdm uva\u017eovan\u00edm vykro\u010dili ku komplexn\u00e9mu stv\u00e1rneniu priestoru formou spolo\u010dn\u00fdch in\u0161tal\u00e1ci\u00ed. Publik\u00e1cia okrem obrazovej \u010dasti obsahuje nov\u00e9 interpreta\u010dn\u00e9 texty histori\u010dky umenia Bohunky Koklesovej, spolo\u010dn\u00fd text Mariana Zervana a Moniky Mit\u00e1\u0161ovej a to nielen v slovenskom, ale aj v anglickom jazyku. Nov\u00e1torsky dizajn publik\u00e1cie Marcel Ben\u010d\u00edk.<\/p>\n","protected":false},"excerpt":{"rendered":"<p>Publik\u00e1cia prezentuje spolo\u010dn\u00fa tvorbu dvoch v\u00fdtvarn\u00edkov \u2013 fotografky a skl\u00e1ra, ktor\u00ed spolupracuj\u00fa od roku 2010 a svoje spolo\u010dn\u00e9 projekty viackr\u00e1t \u00faspe\u0161ne vystavovali doma aj v zahrani\u010d\u00ed. Jana Hojstri\u010dov\u00e1 (1972) a Palo Macho (1965) a absolvovali V\u0160VU v Bratislave, kde v s\u00fa\u010dasnosti p\u00f4sobia ako pedag\u00f3govia. Z\u00e1merom publik\u00e1cie je obrazom a slovom zmapova\u0165 ich spolo\u010dn\u00e9 projekty in [&hellip;]<\/p>\n","protected":false},"featured_media":39788,"comment_status":"closed","ping_status":"closed","template":"","meta":{"_acf_changed":false,"inline_featured_image":false},"product_brand":[],"product_cat":[28,318],"product_tag":[],"class_list":{"0":"post-39787","1":"product","2":"type-product","3":"status-publish","4":"has-post-thumbnail","6":"product_cat-knihy","7":"product_cat-tituly-inych-vydavatelstiev","9":"first","10":"instock","11":"shipping-taxable","12":"purchasable","13":"product-type-simple"},"acf":[],"_links":{"self":[{"href":"https:\/\/sfu.sk\/en\/wp-json\/wp\/v2\/product\/39787","targetHints":{"allow":["GET"]}}],"collection":[{"href":"https:\/\/sfu.sk\/en\/wp-json\/wp\/v2\/product"}],"about":[{"href":"https:\/\/sfu.sk\/en\/wp-json\/wp\/v2\/types\/product"}],"replies":[{"embeddable":true,"href":"https:\/\/sfu.sk\/en\/wp-json\/wp\/v2\/comments?post=39787"}],"wp:featuredmedia":[{"embeddable":true,"href":"https:\/\/sfu.sk\/en\/wp-json\/wp\/v2\/media\/39788"}],"wp:attachment":[{"href":"https:\/\/sfu.sk\/en\/wp-json\/wp\/v2\/media?parent=39787"}],"wp:term":[{"taxonomy":"product_brand","embeddable":true,"href":"https:\/\/sfu.sk\/en\/wp-json\/wp\/v2\/product_brand?post=39787"},{"taxonomy":"product_cat","embeddable":true,"href":"https:\/\/sfu.sk\/en\/wp-json\/wp\/v2\/product_cat?post=39787"},{"taxonomy":"product_tag","embeddable":true,"href":"https:\/\/sfu.sk\/en\/wp-json\/wp\/v2\/product_tag?post=39787"}],"curies":[{"name":"wp","href":"https:\/\/api.w.org\/{rel}","templated":true}]}}