{"id":40392,"date":"2024-04-16T17:44:13","date_gmt":"2024-04-16T15:44:13","guid":{"rendered":"https:\/\/sfu.sk\/?post_type=product&#038;p=40392"},"modified":"2025-01-23T15:35:31","modified_gmt":"2025-01-23T14:35:31","slug":"film-sk-no-4-2024-podporene-a-nepodporene-projekty-v-audiovizualnom-fonde-v-roku-2023-priloha","status":"publish","type":"product","link":"https:\/\/sfu.sk\/en\/eshop\/film-sk-no-4-2024-podporene-a-nepodporene-projekty-v-audiovizualnom-fonde-v-roku-2023-priloha\/","title":{"rendered":"Film.sk NO. 4\/2024 + Podporen\u00e9 a nepodporen\u00e9 projekty v Audiovizu\u00e1lnom fonde v roku 2023 (pr\u00edloha)"},"content":{"rendered":"<p>T\u00e9mou marcov\u00e9ho \u010d\u00edsla Film.sk s\u00fa: Festivaly, ocenenia, prest\u00ed\u017e a pred\u00e1tori<\/p>\n<div dir=\"auto\">Okrem toho si m\u00f4\u017eete v \u010d\u00edsle pre\u010d\u00edta\u0165:<\/div>\n<div dir=\"auto\"><span class=\"x3nfvp2 x1j61x8r x1fcty0u xdj266r xhhsvwb xat24cr xgzva0m xxymvpz xlup9mm x1kky2od\">&#8211; <\/span>rozhovor s Katar\u00ednou Krn\u00e1\u010dovou<\/div>\n<div dir=\"auto\"><span class=\"x3nfvp2 x1j61x8r x1fcty0u xdj266r xhhsvwb xat24cr xgzva0m xxymvpz xlup9mm x1kky2od\">&#8211;<\/span> o filmov\u00fdch novink\u00e1ch Spiaci \u00fa\u010det, Smr\u0161\u0165, Ch\u00fdbanie, Lesn\u00fd vrah<\/div>\n<div dir=\"auto\"><span class=\"x3nfvp2 x1j61x8r x1fcty0u xdj266r xhhsvwb xat24cr xgzva0m xxymvpz xlup9mm x1kky2od\">&#8211;<\/span> recenzie filmov Fentasy, Z\u00f3na z\u00e1ujmu, Sucho, Samota, Duna: \u010cas\u0165 druh\u00e1, Tancuj Matylda, Zimn\u00e9 pr\u00e1zdniny, \u010cas n\u00e1dej\u00ed<\/div>\n<div dir=\"auto\"><span class=\"x3nfvp2 x1j61x8r x1fcty0u xdj266r xhhsvwb xat24cr xgzva0m xxymvpz xlup9mm x1kky2od\">&#8211; pr\u00edloha: PODPOREN\u00c9 A NEPODPOREN\u00c9 PROJEKTY V AUDIOVIZU\u00c1LNOM FONDE V ROKU 2023<\/span><\/div>\n<div dir=\"auto\">\n<h2><strong>Predplatn\u00e9 online \u010dasopisu tu: <\/strong><a href=\"https:\/\/filmsk.sk\/predplatne\/\" target=\"_blank\" rel=\"noopener\"><strong>filmsk.sk<\/strong><\/a><\/h2>\n<\/div>\n","protected":false},"excerpt":{"rendered":"<p>T\u00e9mou marcov\u00e9ho \u010d\u00edsla Film.sk s\u00fa: Festivaly, ocenenia, prest\u00ed\u017e a pred\u00e1tori Okrem toho si m\u00f4\u017eete v \u010d\u00edsle pre\u010d\u00edta\u0165: &#8211; rozhovor s Katar\u00ednou Krn\u00e1\u010dovou &#8211; o filmov\u00fdch novink\u00e1ch Spiaci \u00fa\u010det, Smr\u0161\u0165, Ch\u00fdbanie, Lesn\u00fd vrah &#8211; recenzie filmov Fentasy, Z\u00f3na z\u00e1ujmu, Sucho, Samota, Duna: \u010cas\u0165 druh\u00e1, Tancuj Matylda, Zimn\u00e9 pr\u00e1zdniny, \u010cas n\u00e1dej\u00ed &#8211; pr\u00edloha: PODPOREN\u00c9 A NEPODPOREN\u00c9 PROJEKTY [&hellip;]<\/p>\n","protected":false},"featured_media":40393,"comment_status":"closed","ping_status":"closed","template":"","meta":{"_acf_changed":false,"inline_featured_image":false},"product_brand":[],"product_cat":[29,336,335],"product_tag":[],"class_list":{"0":"post-40392","1":"product","2":"type-product","3":"status-publish","4":"has-post-thumbnail","6":"product_cat-casopisy","7":"product_cat-film-sk","8":"product_cat-tituly-sfu-casopisy","10":"first","11":"instock","12":"shipping-taxable","13":"purchasable","14":"product-type-simple"},"acf":[],"_links":{"self":[{"href":"https:\/\/sfu.sk\/en\/wp-json\/wp\/v2\/product\/40392","targetHints":{"allow":["GET"]}}],"collection":[{"href":"https:\/\/sfu.sk\/en\/wp-json\/wp\/v2\/product"}],"about":[{"href":"https:\/\/sfu.sk\/en\/wp-json\/wp\/v2\/types\/product"}],"replies":[{"embeddable":true,"href":"https:\/\/sfu.sk\/en\/wp-json\/wp\/v2\/comments?post=40392"}],"wp:featuredmedia":[{"embeddable":true,"href":"https:\/\/sfu.sk\/en\/wp-json\/wp\/v2\/media\/40393"}],"wp:attachment":[{"href":"https:\/\/sfu.sk\/en\/wp-json\/wp\/v2\/media?parent=40392"}],"wp:term":[{"taxonomy":"product_brand","embeddable":true,"href":"https:\/\/sfu.sk\/en\/wp-json\/wp\/v2\/product_brand?post=40392"},{"taxonomy":"product_cat","embeddable":true,"href":"https:\/\/sfu.sk\/en\/wp-json\/wp\/v2\/product_cat?post=40392"},{"taxonomy":"product_tag","embeddable":true,"href":"https:\/\/sfu.sk\/en\/wp-json\/wp\/v2\/product_tag?post=40392"}],"curies":[{"name":"wp","href":"https:\/\/api.w.org\/{rel}","templated":true}]}}