{"id":41196,"date":"2024-05-13T10:42:35","date_gmt":"2024-05-13T08:42:35","guid":{"rendered":"https:\/\/sfu.sk\/?post_type=product&#038;p=41196"},"modified":"2024-05-13T10:48:31","modified_gmt":"2024-05-13T08:48:31","slug":"cinepur-152-2024","status":"publish","type":"product","link":"https:\/\/sfu.sk\/en\/eshop\/cinepur-152-2024\/","title":{"rendered":"Cinepur 152\/2024"},"content":{"rendered":"<p>Portr\u00e9t Wim Wenders &#8211; Zoom v\u00edt\u011bz Berlinare &#8211; Flashback Flesh &#8211; Odkaz Davida Bordwella &#8211; Ran\u00e9 filmy Jane Campion &#8211; Autorsk\u00e1 zna\u010dka J.C. &#8211; Fenom\u00e9n Piano &#8211; Posledn\u00ed erotick\u00fd thriller.<\/p>\n<p>Kritiky: Z\u00f3na z\u00e1ujmu, Chud\u00e1\u010dci, Duna: \u010cas\u0165 druh\u00e1, Man\u017eel\u00e9 Stodolovi, To se mi sn\u00e1d zd\u00e1<\/p>\n","protected":false},"excerpt":{"rendered":"<p>Portr\u00e9t Wim Wenders &#8211; Zoom v\u00edt\u011bz Berlinare &#8211; Flashback Flesh &#8211; Odkaz Davida Bordwella &#8211; Ran\u00e9 filmy Jane Campion &#8211; Autorsk\u00e1 zna\u010dka J.C. &#8211; Fenom\u00e9n Piano &#8211; Posledn\u00ed erotick\u00fd thriller. Kritiky: Z\u00f3na z\u00e1ujmu, Chud\u00e1\u010dci, Duna: \u010cas\u0165 druh\u00e1, Man\u017eel\u00e9 Stodolovi, To se mi sn\u00e1d zd\u00e1<\/p>\n","protected":false},"featured_media":41197,"comment_status":"closed","ping_status":"closed","template":"","meta":{"_acf_changed":false,"inline_featured_image":false},"product_brand":[],"product_cat":[29,333],"product_tag":[],"class_list":{"0":"post-41196","1":"product","2":"type-product","3":"status-publish","4":"has-post-thumbnail","6":"product_cat-casopisy","7":"product_cat-cinepur-tituly-inych-vydavatelstiev-casopisy","9":"first","10":"instock","11":"shipping-taxable","12":"purchasable","13":"product-type-simple"},"acf":[],"_links":{"self":[{"href":"https:\/\/sfu.sk\/en\/wp-json\/wp\/v2\/product\/41196","targetHints":{"allow":["GET"]}}],"collection":[{"href":"https:\/\/sfu.sk\/en\/wp-json\/wp\/v2\/product"}],"about":[{"href":"https:\/\/sfu.sk\/en\/wp-json\/wp\/v2\/types\/product"}],"replies":[{"embeddable":true,"href":"https:\/\/sfu.sk\/en\/wp-json\/wp\/v2\/comments?post=41196"}],"wp:featuredmedia":[{"embeddable":true,"href":"https:\/\/sfu.sk\/en\/wp-json\/wp\/v2\/media\/41197"}],"wp:attachment":[{"href":"https:\/\/sfu.sk\/en\/wp-json\/wp\/v2\/media?parent=41196"}],"wp:term":[{"taxonomy":"product_brand","embeddable":true,"href":"https:\/\/sfu.sk\/en\/wp-json\/wp\/v2\/product_brand?post=41196"},{"taxonomy":"product_cat","embeddable":true,"href":"https:\/\/sfu.sk\/en\/wp-json\/wp\/v2\/product_cat?post=41196"},{"taxonomy":"product_tag","embeddable":true,"href":"https:\/\/sfu.sk\/en\/wp-json\/wp\/v2\/product_tag?post=41196"}],"curies":[{"name":"wp","href":"https:\/\/api.w.org\/{rel}","templated":true}]}}