{"id":41324,"date":"2024-05-16T11:02:25","date_gmt":"2024-05-16T09:02:25","guid":{"rendered":"https:\/\/sfu.sk\/?post_type=product&#038;p=41324"},"modified":"2026-01-05T02:06:41","modified_gmt":"2026-01-05T01:06:41","slug":"mame-svoj-film","status":"publish","type":"product","link":"https:\/\/sfu.sk\/en\/eshop\/mame-svoj-film\/","title":{"rendered":"M\u00e1me svoj film! Slovensk\u00e1 filmov\u00e1 kult\u00fara a propaganda 1939 \u2013 1945"},"content":{"rendered":"<p>Publik\u00e1cia M\u00e1me svoj film! Slovensk\u00e1 filmov\u00e1 kult\u00fara a propaganda 1939 \u2013 1945 je prvou samostatnou monografiou venovanou dom\u00e1cej filmovej kult\u00fare v obdob\u00ed Slovensk\u00e9ho \u0161t\u00e1tu. Film sk\u00fama v \u0161ir\u0161om kult\u00farnom i recep\u010dnom r\u00e1mci. Nevenuje sa len filmom a ich tvorcom, ale aj in\u0161titucion\u00e1lnemu z\u00e1zemiu filmu, propagande a cenz\u00fare, skladbe a podmienkam kinoprojekcie, div\u00e1ctvu \u010di marketingov\u00fdm politik\u00e1m. Aj vzh\u013eadom na to, \u017ee kone\u010dn\u00fdm produktom tohto obdobia e\u0161te nie je dlhometr\u00e1\u017ena produkcia \u2013 teda to, \u010do oby\u010dajne tvor\u00ed \u201echrbtov\u00fa kos\u0165\u201c n\u00e1rodnej kinematografie, bolo treba z\u00e1ujmy i n\u00e1stroje ich (s)pozn\u00e1vania roz\u0161\u00edri\u0165 do interdisciplin\u00e1rnych pol\u00ed. Pr\u00e1ve preto by kniha mohla by\u0165 zauj\u00edmav\u00e1 aj pre \u0161ir\u0161ie \u010ditate\u013estvo.<\/p>\n","protected":false},"excerpt":{"rendered":"<p>Publik\u00e1cia M\u00e1me svoj film! Slovensk\u00e1 filmov\u00e1 kult\u00fara a propaganda 1939 \u2013 1945 je prvou samostatnou monografiou venovanou dom\u00e1cej filmovej kult\u00fare v obdob\u00ed Slovensk\u00e9ho \u0161t\u00e1tu. Film sk\u00fama v \u0161ir\u0161om kult\u00farnom i recep\u010dnom r\u00e1mci. Nevenuje sa len filmom a ich tvorcom, ale aj in\u0161titucion\u00e1lnemu z\u00e1zemiu filmu, propagande a cenz\u00fare, skladbe a podmienkam kinoprojekcie, div\u00e1ctvu \u010di marketingov\u00fdm politik\u00e1m. [&hellip;]<\/p>\n","protected":false},"featured_media":41325,"comment_status":"closed","ping_status":"closed","template":"","meta":{"_acf_changed":false,"inline_featured_image":false},"product_brand":[],"product_cat":[28,324],"product_tag":[],"class_list":{"0":"post-41324","1":"product","2":"type-product","3":"status-publish","4":"has-post-thumbnail","6":"product_cat-knihy","7":"product_cat-tituly-sfu-knihy","9":"first","10":"instock","11":"shipping-taxable","12":"purchasable","13":"product-type-simple"},"acf":[],"_links":{"self":[{"href":"https:\/\/sfu.sk\/en\/wp-json\/wp\/v2\/product\/41324","targetHints":{"allow":["GET"]}}],"collection":[{"href":"https:\/\/sfu.sk\/en\/wp-json\/wp\/v2\/product"}],"about":[{"href":"https:\/\/sfu.sk\/en\/wp-json\/wp\/v2\/types\/product"}],"replies":[{"embeddable":true,"href":"https:\/\/sfu.sk\/en\/wp-json\/wp\/v2\/comments?post=41324"}],"wp:featuredmedia":[{"embeddable":true,"href":"https:\/\/sfu.sk\/en\/wp-json\/wp\/v2\/media\/41325"}],"wp:attachment":[{"href":"https:\/\/sfu.sk\/en\/wp-json\/wp\/v2\/media?parent=41324"}],"wp:term":[{"taxonomy":"product_brand","embeddable":true,"href":"https:\/\/sfu.sk\/en\/wp-json\/wp\/v2\/product_brand?post=41324"},{"taxonomy":"product_cat","embeddable":true,"href":"https:\/\/sfu.sk\/en\/wp-json\/wp\/v2\/product_cat?post=41324"},{"taxonomy":"product_tag","embeddable":true,"href":"https:\/\/sfu.sk\/en\/wp-json\/wp\/v2\/product_tag?post=41324"}],"curies":[{"name":"wp","href":"https:\/\/api.w.org\/{rel}","templated":true}]}}