{"id":41508,"date":"2024-05-23T09:51:56","date_gmt":"2024-05-23T07:51:56","guid":{"rendered":"https:\/\/sfu.sk\/?post_type=product&#038;p=41508"},"modified":"2024-05-23T09:51:57","modified_gmt":"2024-05-23T07:51:57","slug":"tricko-tigre-v-meste","status":"publish","type":"product","link":"https:\/\/sfu.sk\/en\/eshop\/tricko-tigre-v-meste\/","title":{"rendered":"Tri\u010dko &#8211; Tigre v meste"},"content":{"rendered":"<p>Tri\u010dko Tigre v meste<\/p>\n<p>(ve\u013ekos\u0165 M &#8211; 1 ks, ve\u013ekos\u0165 L &#8211; 3 ks)<\/p>\n<p>&nbsp;<\/p>\n","protected":false},"excerpt":{"rendered":"<p>Tri\u010dko Tigre v meste (ve\u013ekos\u0165 M &#8211; 1 ks, ve\u013ekos\u0165 L &#8211; 3 ks) &nbsp;<\/p>\n","protected":false},"featured_media":41509,"comment_status":"closed","ping_status":"closed","template":"","meta":{"_acf_changed":false,"inline_featured_image":false},"product_brand":[],"product_cat":[22,322],"product_tag":[],"class_list":{"0":"post-41508","1":"product","2":"type-product","3":"status-publish","4":"has-post-thumbnail","6":"product_cat-ine","7":"product_cat-tituly-inych-vydavatelstiev-ine","9":"first","10":"instock","11":"shipping-taxable","12":"purchasable","13":"product-type-simple"},"acf":[],"_links":{"self":[{"href":"https:\/\/sfu.sk\/en\/wp-json\/wp\/v2\/product\/41508","targetHints":{"allow":["GET"]}}],"collection":[{"href":"https:\/\/sfu.sk\/en\/wp-json\/wp\/v2\/product"}],"about":[{"href":"https:\/\/sfu.sk\/en\/wp-json\/wp\/v2\/types\/product"}],"replies":[{"embeddable":true,"href":"https:\/\/sfu.sk\/en\/wp-json\/wp\/v2\/comments?post=41508"}],"wp:featuredmedia":[{"embeddable":true,"href":"https:\/\/sfu.sk\/en\/wp-json\/wp\/v2\/media\/41509"}],"wp:attachment":[{"href":"https:\/\/sfu.sk\/en\/wp-json\/wp\/v2\/media?parent=41508"}],"wp:term":[{"taxonomy":"product_brand","embeddable":true,"href":"https:\/\/sfu.sk\/en\/wp-json\/wp\/v2\/product_brand?post=41508"},{"taxonomy":"product_cat","embeddable":true,"href":"https:\/\/sfu.sk\/en\/wp-json\/wp\/v2\/product_cat?post=41508"},{"taxonomy":"product_tag","embeddable":true,"href":"https:\/\/sfu.sk\/en\/wp-json\/wp\/v2\/product_tag?post=41508"}],"curies":[{"name":"wp","href":"https:\/\/api.w.org\/{rel}","templated":true}]}}