{"id":41609,"date":"2024-06-04T13:29:34","date_gmt":"2024-06-04T11:29:34","guid":{"rendered":"https:\/\/sfu.sk\/?post_type=product&#038;p=41609"},"modified":"2024-12-13T10:39:51","modified_gmt":"2024-12-13T09:39:51","slug":"filmovy-kalendar-2008-obrazy-stareho-sveta","status":"publish","type":"product","link":"https:\/\/sfu.sk\/en\/eshop\/filmovy-kalendar-2008-obrazy-stareho-sveta\/","title":{"rendered":"Filmov\u00fd kalend\u00e1r 2008 &#8211; Obrazy star\u00e9ho sveta"},"content":{"rendered":"<p>Filmov\u00fd kalend\u00e1r Slovensk\u00e9ho filmov\u00e9ho \u00fastavu na rok 2008 venovan\u00fd filmu Du\u0161ana Han\u00e1ka Obrazy star\u00e9ho sveta.<\/p>\n","protected":false},"excerpt":{"rendered":"<p>Filmov\u00fd kalend\u00e1r Slovensk\u00e9ho filmov\u00e9ho \u00fastavu na rok 2008 venovan\u00fd filmu Du\u0161ana Han\u00e1ka Obrazy star\u00e9ho sveta.<\/p>\n","protected":false},"featured_media":41610,"comment_status":"closed","ping_status":"closed","template":"","meta":{"_acf_changed":false,"inline_featured_image":false},"product_brand":[],"product_cat":[22,337],"product_tag":[],"class_list":{"0":"post-41609","1":"product","2":"type-product","3":"status-publish","4":"has-post-thumbnail","6":"product_cat-ine","7":"product_cat-tituly-sfu-ine","9":"first","10":"outofstock","11":"sale","12":"shipping-taxable","13":"purchasable","14":"product-type-simple"},"acf":[],"_links":{"self":[{"href":"https:\/\/sfu.sk\/en\/wp-json\/wp\/v2\/product\/41609","targetHints":{"allow":["GET"]}}],"collection":[{"href":"https:\/\/sfu.sk\/en\/wp-json\/wp\/v2\/product"}],"about":[{"href":"https:\/\/sfu.sk\/en\/wp-json\/wp\/v2\/types\/product"}],"replies":[{"embeddable":true,"href":"https:\/\/sfu.sk\/en\/wp-json\/wp\/v2\/comments?post=41609"}],"wp:featuredmedia":[{"embeddable":true,"href":"https:\/\/sfu.sk\/en\/wp-json\/wp\/v2\/media\/41610"}],"wp:attachment":[{"href":"https:\/\/sfu.sk\/en\/wp-json\/wp\/v2\/media?parent=41609"}],"wp:term":[{"taxonomy":"product_brand","embeddable":true,"href":"https:\/\/sfu.sk\/en\/wp-json\/wp\/v2\/product_brand?post=41609"},{"taxonomy":"product_cat","embeddable":true,"href":"https:\/\/sfu.sk\/en\/wp-json\/wp\/v2\/product_cat?post=41609"},{"taxonomy":"product_tag","embeddable":true,"href":"https:\/\/sfu.sk\/en\/wp-json\/wp\/v2\/product_tag?post=41609"}],"curies":[{"name":"wp","href":"https:\/\/api.w.org\/{rel}","templated":true}]}}