{"id":41629,"date":"2024-06-06T11:39:34","date_gmt":"2024-06-06T09:39:34","guid":{"rendered":"https:\/\/sfu.sk\/?post_type=product&#038;p=41629"},"modified":"2025-01-23T15:35:19","modified_gmt":"2025-01-23T14:35:19","slug":"film-sk-5-2024","status":"publish","type":"product","link":"https:\/\/sfu.sk\/en\/eshop\/film-sk-5-2024\/","title":{"rendered":"Film.sk 5\/2024"},"content":{"rendered":"<p><span class=\"x193iq5w xeuugli x13faqbe x1vvkbs x1xmvt09 x1lliihq x1s928wv xhkezso x1gmr53x x1cpjm7i x1fgarty x1943h6x xudqn12 x3x7a5m x6prxxf xvq8zen xo1l8bm xzsf02u x1yc453h\" dir=\"auto\">M\u00e1jov\u00e9 \u010d\u00edslo Film.sk je \u0161peci\u00e1lne v tom, \u017ee je viac ne\u017e inokedy monotematick\u00e9 a vinie sa n\u00edm t\u00e9ma Audiovizu\u00e1lny fond, ktor\u00fd oslavuje 15 rokov od svojho vzniku. V s\u00favislosti s t\u00e9mou v \u0148om n\u00e1jdete nieko\u013eko rozhovorov i n\u00e1zorov, no v \u010d\u00edsle nech\u00fdbaj\u00fa ani ob\u013e\u00faben\u00e9 rubriky ako recenzie \u010di novinky, v ktor\u00fdch p\u00ed\u0161eme o filmoch Mir nam, Hranice Eur\u00f3py, Spiaci \u00fa\u010det, Smr\u0161\u0165, Vysvetlenie na v\u0161etko, Ch\u00fdbanie, Man\u017eelia Stodolovci, To sa mi sn\u00e1\u010f len zd\u00e1 a \u00datek z Ut\u00f3pie.<\/span><\/p>\n<h2><strong>Predplatn\u00e9 online \u010dasopisu tu: <\/strong><a href=\"https:\/\/filmsk.sk\/predplatne\/\" target=\"_blank\" rel=\"noopener\"><strong>filmsk.sk<\/strong><\/a><\/h2>\n","protected":false},"excerpt":{"rendered":"<p>M\u00e1jov\u00e9 \u010d\u00edslo Film.sk je \u0161peci\u00e1lne v tom, \u017ee je viac ne\u017e inokedy monotematick\u00e9 a vinie sa n\u00edm t\u00e9ma Audiovizu\u00e1lny fond, ktor\u00fd oslavuje 15 rokov od svojho vzniku. V s\u00favislosti s t\u00e9mou v \u0148om n\u00e1jdete nieko\u013eko rozhovorov i n\u00e1zorov, no v \u010d\u00edsle nech\u00fdbaj\u00fa ani ob\u013e\u00faben\u00e9 rubriky ako recenzie \u010di novinky, v ktor\u00fdch p\u00ed\u0161eme o filmoch Mir [&hellip;]<\/p>\n","protected":false},"featured_media":41631,"comment_status":"closed","ping_status":"closed","template":"","meta":{"_acf_changed":false,"inline_featured_image":false},"product_brand":[],"product_cat":[29,336,335],"product_tag":[],"class_list":{"0":"post-41629","1":"product","2":"type-product","3":"status-publish","4":"has-post-thumbnail","6":"product_cat-casopisy","7":"product_cat-film-sk","8":"product_cat-tituly-sfu-casopisy","10":"first","11":"instock","12":"shipping-taxable","13":"purchasable","14":"product-type-simple"},"acf":[],"_links":{"self":[{"href":"https:\/\/sfu.sk\/en\/wp-json\/wp\/v2\/product\/41629","targetHints":{"allow":["GET"]}}],"collection":[{"href":"https:\/\/sfu.sk\/en\/wp-json\/wp\/v2\/product"}],"about":[{"href":"https:\/\/sfu.sk\/en\/wp-json\/wp\/v2\/types\/product"}],"replies":[{"embeddable":true,"href":"https:\/\/sfu.sk\/en\/wp-json\/wp\/v2\/comments?post=41629"}],"wp:featuredmedia":[{"embeddable":true,"href":"https:\/\/sfu.sk\/en\/wp-json\/wp\/v2\/media\/41631"}],"wp:attachment":[{"href":"https:\/\/sfu.sk\/en\/wp-json\/wp\/v2\/media?parent=41629"}],"wp:term":[{"taxonomy":"product_brand","embeddable":true,"href":"https:\/\/sfu.sk\/en\/wp-json\/wp\/v2\/product_brand?post=41629"},{"taxonomy":"product_cat","embeddable":true,"href":"https:\/\/sfu.sk\/en\/wp-json\/wp\/v2\/product_cat?post=41629"},{"taxonomy":"product_tag","embeddable":true,"href":"https:\/\/sfu.sk\/en\/wp-json\/wp\/v2\/product_tag?post=41629"}],"curies":[{"name":"wp","href":"https:\/\/api.w.org\/{rel}","templated":true}]}}