{"id":41634,"date":"2024-06-06T11:46:43","date_gmt":"2024-06-06T09:46:43","guid":{"rendered":"https:\/\/sfu.sk\/?post_type=product&#038;p=41634"},"modified":"2025-01-23T15:34:25","modified_gmt":"2025-01-23T14:34:25","slug":"film-sk-no-6-2024-register-24-rocnika-2023-film-sk-priloha","status":"publish","type":"product","link":"https:\/\/sfu.sk\/en\/eshop\/film-sk-no-6-2024-register-24-rocnika-2023-film-sk-priloha\/","title":{"rendered":"Film.sk NO. 6\/2024 + Register 24. ro\u010dn\u00edka (2023) Film.sk (pr\u00edloha)"},"content":{"rendered":"<p>J\u00fanov\u00e9 \u010d\u00edslo Film.sk je posledn\u00fdm, ktor\u00e9 vych\u00e1dza v tla\u010denej podobe. \u010casopis po 25 rokoch svojej existencie nezanikne, od j\u00fala v\u0161ak vstupuje do novej \u00e9ry. Bude vych\u00e1dza\u0165 bez papiera, u\u017e len online.<\/p>\n<p>V e\u0161te papierovej podobe si m\u00f4\u017eete teda vo Film.sk pre\u010d\u00edta\u0165 aj nie\u010do z pripravovan\u00fdch fimov\u00fdch festivalov (Artfilm, FestAn\u010da, June Film Fest). T\u00e9mou je: M\u00e1me svoje arch\u00edvy, len ich treba preb\u00e1da\u0165. Rozhovor s p. Bo\u017eidarou Turzonovovou. Recenzie k filmom Mir nam, S\u00faperi, Hranice Eur\u00f3py, Star\u00fd dub a mnoho \u010fal\u0161ieho z filmov\u00e9ho sveta.<\/p>\n<h2><strong>Predplatn\u00e9 online \u010dasopisu tu: <\/strong><a href=\"https:\/\/filmsk.sk\/predplatne\/\" target=\"_blank\" rel=\"noopener\"><strong>filmsk.sk<\/strong><\/a><\/h2>\n<p>&nbsp;<\/p>\n","protected":false},"excerpt":{"rendered":"<p>J\u00fanov\u00e9 \u010d\u00edslo Film.sk je posledn\u00fdm, ktor\u00e9 vych\u00e1dza v tla\u010denej podobe. \u010casopis po 25 rokoch svojej existencie nezanikne, od j\u00fala v\u0161ak vstupuje do novej \u00e9ry. Bude vych\u00e1dza\u0165 bez papiera, u\u017e len online. V e\u0161te papierovej podobe si m\u00f4\u017eete teda vo Film.sk pre\u010d\u00edta\u0165 aj nie\u010do z pripravovan\u00fdch fimov\u00fdch festivalov (Artfilm, FestAn\u010da, June Film Fest). T\u00e9mou je: M\u00e1me [&hellip;]<\/p>\n","protected":false},"featured_media":41635,"comment_status":"closed","ping_status":"closed","template":"","meta":{"_acf_changed":false,"inline_featured_image":false},"product_brand":[],"product_cat":[29,336,335],"product_tag":[],"class_list":{"0":"post-41634","1":"product","2":"type-product","3":"status-publish","4":"has-post-thumbnail","6":"product_cat-casopisy","7":"product_cat-film-sk","8":"product_cat-tituly-sfu-casopisy","10":"first","11":"instock","12":"shipping-taxable","13":"purchasable","14":"product-type-simple"},"acf":[],"_links":{"self":[{"href":"https:\/\/sfu.sk\/en\/wp-json\/wp\/v2\/product\/41634","targetHints":{"allow":["GET"]}}],"collection":[{"href":"https:\/\/sfu.sk\/en\/wp-json\/wp\/v2\/product"}],"about":[{"href":"https:\/\/sfu.sk\/en\/wp-json\/wp\/v2\/types\/product"}],"replies":[{"embeddable":true,"href":"https:\/\/sfu.sk\/en\/wp-json\/wp\/v2\/comments?post=41634"}],"wp:featuredmedia":[{"embeddable":true,"href":"https:\/\/sfu.sk\/en\/wp-json\/wp\/v2\/media\/41635"}],"wp:attachment":[{"href":"https:\/\/sfu.sk\/en\/wp-json\/wp\/v2\/media?parent=41634"}],"wp:term":[{"taxonomy":"product_brand","embeddable":true,"href":"https:\/\/sfu.sk\/en\/wp-json\/wp\/v2\/product_brand?post=41634"},{"taxonomy":"product_cat","embeddable":true,"href":"https:\/\/sfu.sk\/en\/wp-json\/wp\/v2\/product_cat?post=41634"},{"taxonomy":"product_tag","embeddable":true,"href":"https:\/\/sfu.sk\/en\/wp-json\/wp\/v2\/product_tag?post=41634"}],"curies":[{"name":"wp","href":"https:\/\/api.w.org\/{rel}","templated":true}]}}