{"id":41637,"date":"2024-06-06T11:50:47","date_gmt":"2024-06-06T09:50:47","guid":{"rendered":"https:\/\/sfu.sk\/?post_type=product&#038;p=41637"},"modified":"2024-06-06T11:50:47","modified_gmt":"2024-06-06T09:50:47","slug":"film-a-doba-1-2024","status":"publish","type":"product","link":"https:\/\/sfu.sk\/en\/eshop\/film-a-doba-1-2024\/","title":{"rendered":"Film a doba 1\/2024"},"content":{"rendered":"<p>Prvn\u00ed \u010d\u00edslo Filmu a doby roku 2024 zahajuje 70. ro\u010dn\u00edk tohoto filmov\u00e9ho periodika. V \u00favodu p\u0159in\u00e1\u0161\u00ed pohled dvou autor\u016f a jedn\u00e9 autorky na \u010desk\u00fd film (hran\u00fd, dokument\u00e1rn\u00ed a animovan\u00fd) uplynul\u00e9ho roku. Dal\u0161\u00ed texty p\u0159in\u00e1\u0161ej\u00ed nap\u0159\u00edklad pohledy na kinematografii filip\u00ednsk\u00e9ho re\u017eis\u00e9ra Lav Diaze nebo na \u00edr\u00e1nsk\u00fd film v exilu. P\u0159ekladov\u00e9 texty se zam\u011b\u0159uj\u00ed na \u0161pan\u011blsk\u00e9ho re\u017eis\u00e9ra a filmov\u00e9ho kritika V\u00edctora Ericeho. Rozhovor jsme vedli s re\u017eis\u00e9rkou Vierou \u010c\u00e1kanyovou, jej\u00ed\u017e film &#8220;Pozn\u00e1mky z Eremoc\u00e9nu&#8221; m\u011bl premi\u00e9ru v sekci Forum na Berlinale. Kritiky se v\u011bnuj\u00ed vybran\u00fdm filmov\u00fdch d\u00edl\u016fm (Ferrari, Chud\u00e1\u010dci, Z\u00f3na z\u00e1jmu, Ohniv\u011b \u010derven\u00e1 obloha a dal\u0161\u00edm), zat\u00edmco v kni\u017en\u00ed sekce lze \u010d\u00edst o sborn\u00edku &#8220;Myslet filmem&#8221;, kter\u00fd je textovou performanc\u00ed teoretizuj\u00edc\u00edch praktik\u016f i praktikuj\u00edc\u00edch teoretik\u016f. V z\u00e1v\u011bru \u010d\u00edsla p\u0159edstavujeme tane\u010dn\u00ed film 1+1 re\u017eis\u00e9rky Terezy Vejvodov\u00e9.<\/p>\n","protected":false},"excerpt":{"rendered":"<p>Prvn\u00ed \u010d\u00edslo Filmu a doby roku 2024 zahajuje 70. ro\u010dn\u00edk tohoto filmov\u00e9ho periodika. V \u00favodu p\u0159in\u00e1\u0161\u00ed pohled dvou autor\u016f a jedn\u00e9 autorky na \u010desk\u00fd film (hran\u00fd, dokument\u00e1rn\u00ed a animovan\u00fd) uplynul\u00e9ho roku. Dal\u0161\u00ed texty p\u0159in\u00e1\u0161ej\u00ed nap\u0159\u00edklad pohledy na kinematografii filip\u00ednsk\u00e9ho re\u017eis\u00e9ra Lav Diaze nebo na \u00edr\u00e1nsk\u00fd film v exilu. P\u0159ekladov\u00e9 texty se zam\u011b\u0159uj\u00ed na \u0161pan\u011blsk\u00e9ho re\u017eis\u00e9ra [&hellip;]<\/p>\n","protected":false},"featured_media":41639,"comment_status":"closed","ping_status":"closed","template":"","meta":{"_acf_changed":false,"inline_featured_image":false},"product_brand":[],"product_cat":[29,334,327],"product_tag":[],"class_list":{"0":"post-41637","1":"product","2":"type-product","3":"status-publish","4":"has-post-thumbnail","6":"product_cat-casopisy","7":"product_cat-film-a-doba-tituly-inych-vydavatelstiev-casopisy","8":"product_cat-tituly-inych-vydavatelstiev-casopisy","10":"first","11":"instock","12":"shipping-taxable","13":"purchasable","14":"product-type-simple"},"acf":[],"_links":{"self":[{"href":"https:\/\/sfu.sk\/en\/wp-json\/wp\/v2\/product\/41637","targetHints":{"allow":["GET"]}}],"collection":[{"href":"https:\/\/sfu.sk\/en\/wp-json\/wp\/v2\/product"}],"about":[{"href":"https:\/\/sfu.sk\/en\/wp-json\/wp\/v2\/types\/product"}],"replies":[{"embeddable":true,"href":"https:\/\/sfu.sk\/en\/wp-json\/wp\/v2\/comments?post=41637"}],"wp:featuredmedia":[{"embeddable":true,"href":"https:\/\/sfu.sk\/en\/wp-json\/wp\/v2\/media\/41639"}],"wp:attachment":[{"href":"https:\/\/sfu.sk\/en\/wp-json\/wp\/v2\/media?parent=41637"}],"wp:term":[{"taxonomy":"product_brand","embeddable":true,"href":"https:\/\/sfu.sk\/en\/wp-json\/wp\/v2\/product_brand?post=41637"},{"taxonomy":"product_cat","embeddable":true,"href":"https:\/\/sfu.sk\/en\/wp-json\/wp\/v2\/product_cat?post=41637"},{"taxonomy":"product_tag","embeddable":true,"href":"https:\/\/sfu.sk\/en\/wp-json\/wp\/v2\/product_tag?post=41637"}],"curies":[{"name":"wp","href":"https:\/\/api.w.org\/{rel}","templated":true}]}}