{"id":41669,"date":"2024-06-10T16:46:59","date_gmt":"2024-06-10T14:46:59","guid":{"rendered":"https:\/\/sfu.sk\/?post_type=product&#038;p=41669"},"modified":"2025-04-25T14:09:16","modified_gmt":"2025-04-25T12:09:16","slug":"aristokratka-ve-varu","status":"publish","type":"product","link":"https:\/\/sfu.sk\/en\/eshop\/aristokratka-ve-varu\/","title":{"rendered":"Aristokratka ve Varu"},"content":{"rendered":"<p>Hrab\u011b Frank Kostka (Hynek \u010cerm\u00e1k), jeho \u017eena Vivien (Tatiana Dykov\u00e1) a jejich dcera Marie (Yvona Stola\u0159ov\u00e1) \u017eij\u00ed na sv\u00e9m rodov\u00e9m z\u00e1mku Kostka. Udr\u017eovat z\u00e1mek v chodu jim pom\u00e1h\u00e1 hospodyn\u011b pan\u00ed Tich\u00e1 (Eli\u0161ka Balzerov\u00e1), \u00fadr\u017eb\u00e1\u0159 Kr\u00e1sa (Pavel Li\u0161ka) a komorn\u00edk Josef (Martin Pechl\u00e1t). P\u016fvodn\u00ed z\u00e1jem n\u00e1v\u0161t\u011bvn\u00edk\u016f z\u00e1mku o kletbu komtesy Marie u\u017e net\u00e1hne jako d\u0159\u00edv, co\u017e Marii v\u016fbec nevad\u00ed \u2013 alespo\u0148 m\u00e1 dostatek \u010dasu na sv\u00e9ho Maxe (Zden\u011bk Pi\u0161kula), \u0161lechtice z vedlej\u0161\u00edho z\u00e1mku Hv\u011bzda. Frank je ov\u0161em v konc\u00edch, nen\u00ed dost pen\u011bz ani na v\u00fdplaty, ani na pot\u0159ebn\u00e9 opravy. A pr\u00e1v\u011b v tu chv\u00edli se objev\u00ed dcera pr\u00e1vn\u00edka Bendy (Vojt\u011bch Kotek) Denisa (Simona Lewandowska), kter\u00e1 rozv\u00ed\u0159\u00ed poklidn\u00e9 vody rodov\u00e9ho s\u00eddla\u2026<\/p>\n","protected":false},"excerpt":{"rendered":"<p>Hrab\u011b Frank Kostka (Hynek \u010cerm\u00e1k), jeho \u017eena Vivien (Tatiana Dykov\u00e1) a jejich dcera Marie (Yvona Stola\u0159ov\u00e1) \u017eij\u00ed na sv\u00e9m rodov\u00e9m z\u00e1mku Kostka. Udr\u017eovat z\u00e1mek v chodu jim pom\u00e1h\u00e1 hospodyn\u011b pan\u00ed Tich\u00e1 (Eli\u0161ka Balzerov\u00e1), \u00fadr\u017eb\u00e1\u0159 Kr\u00e1sa (Pavel Li\u0161ka) a komorn\u00edk Josef (Martin Pechl\u00e1t). P\u016fvodn\u00ed z\u00e1jem n\u00e1v\u0161t\u011bvn\u00edk\u016f z\u00e1mku o kletbu komtesy Marie u\u017e net\u00e1hne jako d\u0159\u00edv, co\u017e [&hellip;]<\/p>\n","protected":false},"featured_media":41670,"comment_status":"closed","ping_status":"closed","template":"","meta":{"_acf_changed":false,"inline_featured_image":false},"product_brand":[],"product_cat":[30,319],"product_tag":[],"class_list":{"0":"post-41669","1":"product","2":"type-product","3":"status-publish","4":"has-post-thumbnail","6":"product_cat-dvd","7":"product_cat-tituly-inych-vydavatelstiev-dvd","9":"first","10":"outofstock","11":"shipping-taxable","12":"purchasable","13":"product-type-simple"},"acf":[],"_links":{"self":[{"href":"https:\/\/sfu.sk\/en\/wp-json\/wp\/v2\/product\/41669","targetHints":{"allow":["GET"]}}],"collection":[{"href":"https:\/\/sfu.sk\/en\/wp-json\/wp\/v2\/product"}],"about":[{"href":"https:\/\/sfu.sk\/en\/wp-json\/wp\/v2\/types\/product"}],"replies":[{"embeddable":true,"href":"https:\/\/sfu.sk\/en\/wp-json\/wp\/v2\/comments?post=41669"}],"wp:featuredmedia":[{"embeddable":true,"href":"https:\/\/sfu.sk\/en\/wp-json\/wp\/v2\/media\/41670"}],"wp:attachment":[{"href":"https:\/\/sfu.sk\/en\/wp-json\/wp\/v2\/media?parent=41669"}],"wp:term":[{"taxonomy":"product_brand","embeddable":true,"href":"https:\/\/sfu.sk\/en\/wp-json\/wp\/v2\/product_brand?post=41669"},{"taxonomy":"product_cat","embeddable":true,"href":"https:\/\/sfu.sk\/en\/wp-json\/wp\/v2\/product_cat?post=41669"},{"taxonomy":"product_tag","embeddable":true,"href":"https:\/\/sfu.sk\/en\/wp-json\/wp\/v2\/product_tag?post=41669"}],"curies":[{"name":"wp","href":"https:\/\/api.w.org\/{rel}","templated":true}]}}