{"id":41675,"date":"2024-06-11T16:16:43","date_gmt":"2024-06-11T14:16:43","guid":{"rendered":"https:\/\/sfu.sk\/?post_type=product&#038;p=41675"},"modified":"2024-07-25T14:31:05","modified_gmt":"2024-07-25T12:31:05","slug":"digitalni-krizenecky","status":"publish","type":"product","link":"https:\/\/sfu.sk\/en\/eshop\/digitalni-krizenecky\/","title":{"rendered":"Digit\u00e1ln\u00ed K\u0159\u00ed\u017eeneck\u00fd"},"content":{"rendered":"<div class=\"vc-commoditydetail_annotation\">\n<div class=\"annotation wysiwyg\">Rozs\u00e1hl\u00e1 publikace kolektivu autor\u016f NFA je prvn\u00ed ucelenou v\u011bdeckou monografi\u00ed v\u011bnovanou film\u016fm (a jejich digitalizaci) \u010desk\u00e9ho re\u017eis\u00e9ra a kameramana, pr\u016fkopn\u00edka \u010desk\u00e9 kinematografie Jana K\u0159\u00ed\u017eeneck\u00e9ho. Kniha nab\u00edz\u00ed pohled na d\u011bjiny ran\u00e9ho \u010desk\u00e9ho filmu a materi\u00e1ln\u00ed podobu prvotn\u00edch kinematografick\u00fdch d\u011bl. Op\u00edr\u00e1 se o dlouholet\u00fd archivn\u00ed v\u00fdzkum filmov\u00fdch materi\u00e1l\u016f v N\u00e1rodn\u00edm filmov\u00e9m archivu a dosavadn\u00ed zku\u0161enosti s jejich prezentac\u00ed, i o \u0161irok\u00e9 rozp\u011bt\u00ed metodologick\u00fdch p\u0159\u00edstup\u016f, zejm\u00e9na o teorii archivnictv\u00ed a digit\u00e1ln\u00ed restaurov\u00e1n\u00ed, d\u011bjiny filmov\u00e9 techniky, materialistickou teorii filmu a m\u00e9di\u00ed, medi\u00e1ln\u00ed archeologii, filmovou estetiku, \u010di um\u011bleck\u00fd v\u00fdzkum. Publikace sest\u00e1v\u00e1 ze dvou rozsahov\u011b stejn\u00fdch \u010d\u00e1st\u00ed, prvn\u00ed tvo\u0159\u00ed p\u016fvodn\u00ed studie, je\u017e z r\u016fzn\u00fdch pozic rozkr\u00fdvaj\u00ed materialitu a cirkulaci K\u0159\u00ed\u017eeneck\u00e9ho film\u016f; vznik teoretick\u00fdch pas\u00e1\u017e\u00ed se p\u0159itom odv\u00edjel tak\u00e9 od procesu digitalizace. Ve druh\u00e9 \u010d\u00e1sti je prezentov\u00e1na obs\u00e1hl\u00e1 detailn\u011b okomentovan\u00e1 Edice dokument\u016f, je\u017e \u017eivot prvn\u00edch \u010desk\u00fdch film\u016f i jejich tv\u016frce kontextu\u00e1ln\u011b a faktograficky ukotvuje (mapa m\u00edst, kde Jan K\u0159\u00ed\u017eeneck\u00fd nat\u00e1\u010del; \u010dasov\u00e1 osa \u017eivota a d\u00edla; dochovan\u00e9 hmotn\u00e9 objekty J. K\u0159\u00ed\u017eeneck\u00e9ho aj.). Monografie obsahuje bohatou obrazovou p\u0159\u00edlohu, filmografii, bibliografii a rejst\u0159\u00edky.<\/div>\n<\/div>\n","protected":false},"excerpt":{"rendered":"<p>Rozs\u00e1hl\u00e1 publikace kolektivu autor\u016f NFA je prvn\u00ed ucelenou v\u011bdeckou monografi\u00ed v\u011bnovanou film\u016fm (a jejich digitalizaci) \u010desk\u00e9ho re\u017eis\u00e9ra a kameramana, pr\u016fkopn\u00edka \u010desk\u00e9 kinematografie Jana K\u0159\u00ed\u017eeneck\u00e9ho. Kniha nab\u00edz\u00ed pohled na d\u011bjiny ran\u00e9ho \u010desk\u00e9ho filmu a materi\u00e1ln\u00ed podobu prvotn\u00edch kinematografick\u00fdch d\u011bl. Op\u00edr\u00e1 se o dlouholet\u00fd archivn\u00ed v\u00fdzkum filmov\u00fdch materi\u00e1l\u016f v N\u00e1rodn\u00edm filmov\u00e9m archivu a dosavadn\u00ed zku\u0161enosti s jejich [&hellip;]<\/p>\n","protected":false},"featured_media":41676,"comment_status":"closed","ping_status":"closed","template":"","meta":{"_acf_changed":false,"inline_featured_image":false},"product_brand":[],"product_cat":[28,318],"product_tag":[],"class_list":{"0":"post-41675","1":"product","2":"type-product","3":"status-publish","4":"has-post-thumbnail","6":"product_cat-knihy","7":"product_cat-tituly-inych-vydavatelstiev","9":"first","10":"instock","11":"shipping-taxable","12":"purchasable","13":"product-type-simple"},"acf":[],"_links":{"self":[{"href":"https:\/\/sfu.sk\/en\/wp-json\/wp\/v2\/product\/41675","targetHints":{"allow":["GET"]}}],"collection":[{"href":"https:\/\/sfu.sk\/en\/wp-json\/wp\/v2\/product"}],"about":[{"href":"https:\/\/sfu.sk\/en\/wp-json\/wp\/v2\/types\/product"}],"replies":[{"embeddable":true,"href":"https:\/\/sfu.sk\/en\/wp-json\/wp\/v2\/comments?post=41675"}],"wp:featuredmedia":[{"embeddable":true,"href":"https:\/\/sfu.sk\/en\/wp-json\/wp\/v2\/media\/41676"}],"wp:attachment":[{"href":"https:\/\/sfu.sk\/en\/wp-json\/wp\/v2\/media?parent=41675"}],"wp:term":[{"taxonomy":"product_brand","embeddable":true,"href":"https:\/\/sfu.sk\/en\/wp-json\/wp\/v2\/product_brand?post=41675"},{"taxonomy":"product_cat","embeddable":true,"href":"https:\/\/sfu.sk\/en\/wp-json\/wp\/v2\/product_cat?post=41675"},{"taxonomy":"product_tag","embeddable":true,"href":"https:\/\/sfu.sk\/en\/wp-json\/wp\/v2\/product_tag?post=41675"}],"curies":[{"name":"wp","href":"https:\/\/api.w.org\/{rel}","templated":true}]}}