{"id":41680,"date":"2024-06-11T16:20:44","date_gmt":"2024-06-11T14:20:44","guid":{"rendered":"https:\/\/sfu.sk\/?post_type=product&#038;p=41680"},"modified":"2024-06-11T16:20:45","modified_gmt":"2024-06-11T14:20:45","slug":"propletani-svetu","status":"publish","type":"product","link":"https:\/\/sfu.sk\/en\/eshop\/propletani-svetu\/","title":{"rendered":"Propl\u00e9t\u00e1n\u00ed sv\u011bt\u016f"},"content":{"rendered":"<div class=\"vc-commoditydetail_annotation\">\n<div class=\"annotation wysiwyg\">Prvn\u00ed odborn\u00e1 kniha v\u011bnovan\u00e1 d\u011bjin\u00e1m Mezin\u00e1rodn\u00edho filmov\u00e9ho festivalu Karlovy Vary p\u0159ed rokem 1989. V\u00fdznamnou kulturn\u00ed socialistickou instituci zkoum\u00e1 s d\u016frazem na transnacion\u00e1ln\u00ed perspektivu. Potk\u00e1vaj\u00ed se v n\u00ed p\u0159\u00edstupy z institucion\u00e1ln\u00edch, (geo)politick\u00fdch, kulturn\u00edch a ekonomick\u00fdch d\u011bjin, recep\u010dn\u00edch studi\u00ed, star studies \u010di d\u011bjin ka\u017edodennosti. Sleduje v\u00fdznam festivalu pro \u010deskoslovenskou filmovou kulturu i jeho roli v socialistick\u00e9m internacionalismu, post-kolonialismu a alternativn\u00edch modelech globalizace. Kriticky reviduje p\u0159edstavu perifern\u00ed, politicky zkorumpovan\u00e9 akce. P\u0159edstavuje MFF KV jako sou\u010d\u00e1st festivalov\u00e9 sc\u00e9ny druh\u00e9 poloviny 20. stolet\u00ed na obou stran\u00e1ch \u017eelezn\u00e9 opony a p\u0159isp\u00edv\u00e1 i k pochopen\u00ed kulturn\u00ed dimenze glob\u00e1ln\u00edho socialismu.<\/div>\n<\/div>\n","protected":false},"excerpt":{"rendered":"<p>Prvn\u00ed odborn\u00e1 kniha v\u011bnovan\u00e1 d\u011bjin\u00e1m Mezin\u00e1rodn\u00edho filmov\u00e9ho festivalu Karlovy Vary p\u0159ed rokem 1989. V\u00fdznamnou kulturn\u00ed socialistickou instituci zkoum\u00e1 s d\u016frazem na transnacion\u00e1ln\u00ed perspektivu. Potk\u00e1vaj\u00ed se v n\u00ed p\u0159\u00edstupy z institucion\u00e1ln\u00edch, (geo)politick\u00fdch, kulturn\u00edch a ekonomick\u00fdch d\u011bjin, recep\u010dn\u00edch studi\u00ed, star studies \u010di d\u011bjin ka\u017edodennosti. Sleduje v\u00fdznam festivalu pro \u010deskoslovenskou filmovou kulturu i jeho roli v socialistick\u00e9m internacionalismu, [&hellip;]<\/p>\n","protected":false},"featured_media":41681,"comment_status":"closed","ping_status":"closed","template":"","meta":{"_acf_changed":false,"inline_featured_image":false},"product_brand":[],"product_cat":[28,318],"product_tag":[],"class_list":{"0":"post-41680","1":"product","2":"type-product","3":"status-publish","4":"has-post-thumbnail","6":"product_cat-knihy","7":"product_cat-tituly-inych-vydavatelstiev","9":"first","10":"instock","11":"shipping-taxable","12":"purchasable","13":"product-type-simple"},"acf":[],"_links":{"self":[{"href":"https:\/\/sfu.sk\/en\/wp-json\/wp\/v2\/product\/41680","targetHints":{"allow":["GET"]}}],"collection":[{"href":"https:\/\/sfu.sk\/en\/wp-json\/wp\/v2\/product"}],"about":[{"href":"https:\/\/sfu.sk\/en\/wp-json\/wp\/v2\/types\/product"}],"replies":[{"embeddable":true,"href":"https:\/\/sfu.sk\/en\/wp-json\/wp\/v2\/comments?post=41680"}],"wp:featuredmedia":[{"embeddable":true,"href":"https:\/\/sfu.sk\/en\/wp-json\/wp\/v2\/media\/41681"}],"wp:attachment":[{"href":"https:\/\/sfu.sk\/en\/wp-json\/wp\/v2\/media?parent=41680"}],"wp:term":[{"taxonomy":"product_brand","embeddable":true,"href":"https:\/\/sfu.sk\/en\/wp-json\/wp\/v2\/product_brand?post=41680"},{"taxonomy":"product_cat","embeddable":true,"href":"https:\/\/sfu.sk\/en\/wp-json\/wp\/v2\/product_cat?post=41680"},{"taxonomy":"product_tag","embeddable":true,"href":"https:\/\/sfu.sk\/en\/wp-json\/wp\/v2\/product_tag?post=41680"}],"curies":[{"name":"wp","href":"https:\/\/api.w.org\/{rel}","templated":true}]}}