{"id":41700,"date":"2024-06-14T16:22:40","date_gmt":"2024-06-14T14:22:40","guid":{"rendered":"https:\/\/sfu.sk\/?post_type=product&#038;p=41700"},"modified":"2024-06-14T16:22:41","modified_gmt":"2024-06-14T14:22:41","slug":"o-dve-slabiky-pozadu","status":"publish","type":"product","link":"https:\/\/sfu.sk\/en\/eshop\/o-dve-slabiky-pozadu\/","title":{"rendered":"O dve slabiky pozadu"},"content":{"rendered":"<p>Zuzana je pr\u00ed\u0165a\u017eliv\u00e1 a sympatick\u00e1 \u0161tudentka v\u00fdtvarn\u00e9ho umenia, ktor\u00e1 popri \u0161t\u00fadiu pracuje, preto\u017ee by chcela za\u010da\u0165 \u017ei\u0165 pod\u013ea vlastn\u00fdch predst\u00e1v. V\u010faka svojmu pr\u00edstupu k svetu a zmyslu pre dobrodru\u017estvo sa dost\u00e1va do r\u00f4znych neo\u010dak\u00e1van\u00fdch a pikantn\u00fdch situ\u00e1ci\u00ed. Tak ako mnoho mlad\u00fdch \u013eud\u00ed sa sna\u017e\u00ed n\u00e1js\u0165 to, \u010do by ju nap\u013a\u0148alo, \u010do by chcela robi\u0165, zisti\u0165, s k\u00fdm by chcela \u017ei\u0165. Od jedn\u00e9ho milenca v Bratislave utek\u00e1 do Par\u00ed\u017ea za druh\u00fdm, ke\u010f m\u00e1 by\u0165 v \u0161kole, je v pr\u00e1ci, ke\u010f je v \u0161kole, sp\u00ed, ke\u010f m\u00e1 by\u0165 doma, cestuje po svete. Jednoducho sa \u010dasto c\u00edti by\u0165 o dve slabiky pozadu. A to nielen doslovne pri pr\u00e1ci v dabingu, ale v prenesenom v\u00fdzname vo svojom vlastnom \u017eivote. Film je ur\u010den\u00fd predov\u0161etk\u00fdm mlad\u00fdm \u013eu\u010fom, je pln\u00fd skvelej hudby Jana P. Muchowa ( Samot\u00e1\u0159i, Jedna ruka netlesk\u00e1, \u0160eptej ) a rovnako v\u00fdborn\u00fdch a uvo\u013enen\u00fdch hereck\u00fdch v\u00fdkonov.<\/p>\n","protected":false},"excerpt":{"rendered":"<p>Zuzana je pr\u00ed\u0165a\u017eliv\u00e1 a sympatick\u00e1 \u0161tudentka v\u00fdtvarn\u00e9ho umenia, ktor\u00e1 popri \u0161t\u00fadiu pracuje, preto\u017ee by chcela za\u010da\u0165 \u017ei\u0165 pod\u013ea vlastn\u00fdch predst\u00e1v. V\u010faka svojmu pr\u00edstupu k svetu a zmyslu pre dobrodru\u017estvo sa dost\u00e1va do r\u00f4znych neo\u010dak\u00e1van\u00fdch a pikantn\u00fdch situ\u00e1ci\u00ed. Tak ako mnoho mlad\u00fdch \u013eud\u00ed sa sna\u017e\u00ed n\u00e1js\u0165 to, \u010do by ju nap\u013a\u0148alo, \u010do by chcela robi\u0165, zisti\u0165, [&hellip;]<\/p>\n","protected":false},"featured_media":41701,"comment_status":"closed","ping_status":"closed","template":"","meta":{"_acf_changed":false,"inline_featured_image":false},"product_brand":[],"product_cat":[30,319],"product_tag":[],"class_list":{"0":"post-41700","1":"product","2":"type-product","3":"status-publish","4":"has-post-thumbnail","6":"product_cat-dvd","7":"product_cat-tituly-inych-vydavatelstiev-dvd","9":"first","10":"instock","11":"shipping-taxable","12":"purchasable","13":"product-type-simple"},"acf":[],"_links":{"self":[{"href":"https:\/\/sfu.sk\/en\/wp-json\/wp\/v2\/product\/41700","targetHints":{"allow":["GET"]}}],"collection":[{"href":"https:\/\/sfu.sk\/en\/wp-json\/wp\/v2\/product"}],"about":[{"href":"https:\/\/sfu.sk\/en\/wp-json\/wp\/v2\/types\/product"}],"replies":[{"embeddable":true,"href":"https:\/\/sfu.sk\/en\/wp-json\/wp\/v2\/comments?post=41700"}],"wp:featuredmedia":[{"embeddable":true,"href":"https:\/\/sfu.sk\/en\/wp-json\/wp\/v2\/media\/41701"}],"wp:attachment":[{"href":"https:\/\/sfu.sk\/en\/wp-json\/wp\/v2\/media?parent=41700"}],"wp:term":[{"taxonomy":"product_brand","embeddable":true,"href":"https:\/\/sfu.sk\/en\/wp-json\/wp\/v2\/product_brand?post=41700"},{"taxonomy":"product_cat","embeddable":true,"href":"https:\/\/sfu.sk\/en\/wp-json\/wp\/v2\/product_cat?post=41700"},{"taxonomy":"product_tag","embeddable":true,"href":"https:\/\/sfu.sk\/en\/wp-json\/wp\/v2\/product_tag?post=41700"}],"curies":[{"name":"wp","href":"https:\/\/api.w.org\/{rel}","templated":true}]}}