{"id":41760,"date":"2024-06-18T15:45:57","date_gmt":"2024-06-18T13:45:57","guid":{"rendered":"https:\/\/sfu.sk\/?post_type=product&#038;p=41760"},"modified":"2024-07-25T14:28:16","modified_gmt":"2024-07-25T12:28:16","slug":"filmovy-kalendar-2017-viktor-kubal","status":"publish","type":"product","link":"https:\/\/sfu.sk\/en\/eshop\/filmovy-kalendar-2017-viktor-kubal\/","title":{"rendered":"Filmov\u00fd kalend\u00e1r 2017 &#8211; Viktor Kubal"},"content":{"rendered":"<p>Filmov\u00fd kalend\u00e1r Slovensk\u00e9ho filmov\u00e9ho \u00fastavu na rok 2017 venovan\u00fd nestorovi slovensk\u00e9ho animovan\u00e9ho filmu Viktorovi Kubalovi.<\/p>\n","protected":false},"excerpt":{"rendered":"<p>Filmov\u00fd kalend\u00e1r Slovensk\u00e9ho filmov\u00e9ho \u00fastavu na rok 2017 venovan\u00fd nestorovi slovensk\u00e9ho animovan\u00e9ho filmu Viktorovi Kubalovi.<\/p>\n","protected":false},"featured_media":41761,"comment_status":"closed","ping_status":"closed","template":"","meta":{"_acf_changed":false,"inline_featured_image":false},"product_brand":[],"product_cat":[22,337],"product_tag":[],"class_list":{"0":"post-41760","1":"product","2":"type-product","3":"status-publish","4":"has-post-thumbnail","6":"product_cat-ine","7":"product_cat-tituly-sfu-ine","9":"first","10":"instock","11":"sale","12":"shipping-taxable","13":"purchasable","14":"product-type-simple"},"acf":[],"_links":{"self":[{"href":"https:\/\/sfu.sk\/en\/wp-json\/wp\/v2\/product\/41760","targetHints":{"allow":["GET"]}}],"collection":[{"href":"https:\/\/sfu.sk\/en\/wp-json\/wp\/v2\/product"}],"about":[{"href":"https:\/\/sfu.sk\/en\/wp-json\/wp\/v2\/types\/product"}],"replies":[{"embeddable":true,"href":"https:\/\/sfu.sk\/en\/wp-json\/wp\/v2\/comments?post=41760"}],"wp:featuredmedia":[{"embeddable":true,"href":"https:\/\/sfu.sk\/en\/wp-json\/wp\/v2\/media\/41761"}],"wp:attachment":[{"href":"https:\/\/sfu.sk\/en\/wp-json\/wp\/v2\/media?parent=41760"}],"wp:term":[{"taxonomy":"product_brand","embeddable":true,"href":"https:\/\/sfu.sk\/en\/wp-json\/wp\/v2\/product_brand?post=41760"},{"taxonomy":"product_cat","embeddable":true,"href":"https:\/\/sfu.sk\/en\/wp-json\/wp\/v2\/product_cat?post=41760"},{"taxonomy":"product_tag","embeddable":true,"href":"https:\/\/sfu.sk\/en\/wp-json\/wp\/v2\/product_tag?post=41760"}],"curies":[{"name":"wp","href":"https:\/\/api.w.org\/{rel}","templated":true}]}}