{"id":41772,"date":"2024-06-18T16:25:04","date_gmt":"2024-06-18T14:25:04","guid":{"rendered":"https:\/\/sfu.sk\/?post_type=product&#038;p=41772"},"modified":"2024-06-18T16:25:05","modified_gmt":"2024-06-18T14:25:05","slug":"filmovy-kalendar-2013-v-nasich-filmoch-je-aj-nasa-historia","status":"publish","type":"product","link":"https:\/\/sfu.sk\/en\/eshop\/filmovy-kalendar-2013-v-nasich-filmoch-je-aj-nasa-historia\/","title":{"rendered":"Filmov\u00fd kalend\u00e1r 2013 &#8211; V na\u0161ich filmoch je aj na\u0161a hist\u00f3ria"},"content":{"rendered":"<p>Filmov\u00fd kalend\u00e1r Slovensk\u00e9ho filmov\u00e9ho \u00fastavu na rok 2013 je venovan\u00fd t\u00e9me V na\u0161ich filmoch je aj na\u0161a hist\u00f3ria.<\/p>\n","protected":false},"excerpt":{"rendered":"<p>Filmov\u00fd kalend\u00e1r Slovensk\u00e9ho filmov\u00e9ho \u00fastavu na rok 2013 je venovan\u00fd t\u00e9me V na\u0161ich filmoch je aj na\u0161a hist\u00f3ria.<\/p>\n","protected":false},"featured_media":41773,"comment_status":"closed","ping_status":"closed","template":"","meta":{"_acf_changed":false,"inline_featured_image":false},"product_brand":[],"product_cat":[22,337],"product_tag":[],"class_list":{"0":"post-41772","1":"product","2":"type-product","3":"status-publish","4":"has-post-thumbnail","6":"product_cat-ine","7":"product_cat-tituly-sfu-ine","9":"first","10":"instock","11":"sale","12":"shipping-taxable","13":"purchasable","14":"product-type-simple"},"acf":[],"_links":{"self":[{"href":"https:\/\/sfu.sk\/en\/wp-json\/wp\/v2\/product\/41772","targetHints":{"allow":["GET"]}}],"collection":[{"href":"https:\/\/sfu.sk\/en\/wp-json\/wp\/v2\/product"}],"about":[{"href":"https:\/\/sfu.sk\/en\/wp-json\/wp\/v2\/types\/product"}],"replies":[{"embeddable":true,"href":"https:\/\/sfu.sk\/en\/wp-json\/wp\/v2\/comments?post=41772"}],"wp:featuredmedia":[{"embeddable":true,"href":"https:\/\/sfu.sk\/en\/wp-json\/wp\/v2\/media\/41773"}],"wp:attachment":[{"href":"https:\/\/sfu.sk\/en\/wp-json\/wp\/v2\/media?parent=41772"}],"wp:term":[{"taxonomy":"product_brand","embeddable":true,"href":"https:\/\/sfu.sk\/en\/wp-json\/wp\/v2\/product_brand?post=41772"},{"taxonomy":"product_cat","embeddable":true,"href":"https:\/\/sfu.sk\/en\/wp-json\/wp\/v2\/product_cat?post=41772"},{"taxonomy":"product_tag","embeddable":true,"href":"https:\/\/sfu.sk\/en\/wp-json\/wp\/v2\/product_tag?post=41772"}],"curies":[{"name":"wp","href":"https:\/\/api.w.org\/{rel}","templated":true}]}}