{"id":42448,"date":"2024-07-15T14:41:30","date_gmt":"2024-07-15T12:41:30","guid":{"rendered":"https:\/\/sfu.sk\/?post_type=product&#038;p=42448"},"modified":"2025-08-06T11:05:03","modified_gmt":"2025-08-06T09:05:03","slug":"film-a-doba-2-2024","status":"publish","type":"product","link":"https:\/\/sfu.sk\/en\/eshop\/film-a-doba-2-2024\/","title":{"rendered":"Film a doba 2\/2024"},"content":{"rendered":"<p>Druh\u00e9 \u010d\u00edslo p\u0159in\u00e1\u0161\u00ed hned n\u011bkolik pohled\u016f do filmov\u00e9 historie: p\u0159\u00edkladem mohou b\u00fdt texty zam\u011b\u0159en\u00e9 na americk\u00e9ho re\u017eis\u00e9ra Jeffa Nicholse nebo na francouzskou re\u017eis\u00e9rku a sc\u00e9n\u00e1ristku Marguerite Duras. Dal\u0161\u00ed texty p\u0159in\u00e1\u0161ej\u00ed pohledy na filmy Tsai Ming-lianga nebo na st\u00e1le popul\u00e1rn\u011bj\u0161\u00ed form\u00e1t true crime, tentokr\u00e1t v \u010desk\u00e9m prost\u0159ed\u00ed. P\u0159ekladov\u00e9 texty se zam\u011b\u0159uj\u00ed na n\u011bmeckou re\u017eis\u00e9rku Helgu Fanderl a na jej\u00ed inovace se Super 8mm filmem. Rozhovor jsme vedli s Martinem Smatanou, v\u00fdtvarn\u00edkem a anim\u00e1torem. Kritiky se v\u011bnuj\u00ed vybran\u00fdm filmov\u00fdch d\u00edl\u016fm (Chim\u00e9ra, Stovky bobr\u016f, Furiosa: S\u00e1ga \u0160\u00edlen\u00e9ho Maxe a dal\u0161\u00edm), zat\u00edmco v kni\u017en\u00ed sekce lze \u010d\u00edst o knih\u00e1ch Digit\u00e1ln\u00ed K\u0159\u00ed\u017eeneck\u00fd nebo Slep\u00e1 cesta k socialistick\u00e9 detektivce. V z\u00e1v\u011bru \u010d\u00edsla p\u0159edstavujeme celove\u010dern\u00ed debut Adama Martince Mord, kter\u00fd bude m\u00edt premi\u00e9ru v Hlavn\u00ed sout\u011b\u017ei KVIFF 2024.<\/p>\n","protected":false},"excerpt":{"rendered":"<p>Druh\u00e9 \u010d\u00edslo p\u0159in\u00e1\u0161\u00ed hned n\u011bkolik pohled\u016f do filmov\u00e9 historie: p\u0159\u00edkladem mohou b\u00fdt texty zam\u011b\u0159en\u00e9 na americk\u00e9ho re\u017eis\u00e9ra Jeffa Nicholse nebo na francouzskou re\u017eis\u00e9rku a sc\u00e9n\u00e1ristku Marguerite Duras. Dal\u0161\u00ed texty p\u0159in\u00e1\u0161ej\u00ed pohledy na filmy Tsai Ming-lianga nebo na st\u00e1le popul\u00e1rn\u011bj\u0161\u00ed form\u00e1t true crime, tentokr\u00e1t v \u010desk\u00e9m prost\u0159ed\u00ed. P\u0159ekladov\u00e9 texty se zam\u011b\u0159uj\u00ed na n\u011bmeckou re\u017eis\u00e9rku Helgu Fanderl [&hellip;]<\/p>\n","protected":false},"featured_media":42450,"comment_status":"closed","ping_status":"closed","template":"","meta":{"_acf_changed":false,"inline_featured_image":false},"product_brand":[],"product_cat":[29,334,327],"product_tag":[],"class_list":{"0":"post-42448","1":"product","2":"type-product","3":"status-publish","4":"has-post-thumbnail","6":"product_cat-casopisy","7":"product_cat-film-a-doba-tituly-inych-vydavatelstiev-casopisy","8":"product_cat-tituly-inych-vydavatelstiev-casopisy","10":"first","11":"instock","12":"shipping-taxable","13":"purchasable","14":"product-type-simple"},"acf":[],"_links":{"self":[{"href":"https:\/\/sfu.sk\/en\/wp-json\/wp\/v2\/product\/42448","targetHints":{"allow":["GET"]}}],"collection":[{"href":"https:\/\/sfu.sk\/en\/wp-json\/wp\/v2\/product"}],"about":[{"href":"https:\/\/sfu.sk\/en\/wp-json\/wp\/v2\/types\/product"}],"replies":[{"embeddable":true,"href":"https:\/\/sfu.sk\/en\/wp-json\/wp\/v2\/comments?post=42448"}],"wp:featuredmedia":[{"embeddable":true,"href":"https:\/\/sfu.sk\/en\/wp-json\/wp\/v2\/media\/42450"}],"wp:attachment":[{"href":"https:\/\/sfu.sk\/en\/wp-json\/wp\/v2\/media?parent=42448"}],"wp:term":[{"taxonomy":"product_brand","embeddable":true,"href":"https:\/\/sfu.sk\/en\/wp-json\/wp\/v2\/product_brand?post=42448"},{"taxonomy":"product_cat","embeddable":true,"href":"https:\/\/sfu.sk\/en\/wp-json\/wp\/v2\/product_cat?post=42448"},{"taxonomy":"product_tag","embeddable":true,"href":"https:\/\/sfu.sk\/en\/wp-json\/wp\/v2\/product_tag?post=42448"}],"curies":[{"name":"wp","href":"https:\/\/api.w.org\/{rel}","templated":true}]}}