{"id":42453,"date":"2024-07-15T14:45:28","date_gmt":"2024-07-15T12:45:28","guid":{"rendered":"https:\/\/sfu.sk\/?post_type=product&#038;p=42453"},"modified":"2025-07-30T15:03:14","modified_gmt":"2025-07-30T13:03:14","slug":"cinepur-153-2024","status":"publish","type":"product","link":"https:\/\/sfu.sk\/en\/eshop\/cinepur-153-2024\/","title":{"rendered":"Cinepur 153\/2024"},"content":{"rendered":"<p>Film prvn\u00ed republiky editorial Editorial 153 Jind\u0159i\u0161ka Bl\u00e1hov\u00e1 \/ report Skute\u010dnost je dostupn\u011bj\u0161\u00ed, ne\u017e se zd\u00e1\/ Cannes 2024 Jakub Felcman \/ rozhovor Film je cesta dom\u016f \/ Rozhovor s Carlosem Reygadasem Janis Pr\u00e1\u0161il \/ mimo kino Starci a digit\u00e1ln\u00ed periferie \/ Televize A11 Petra Chaloupkov\u00e1 \/ kniha Sv\u011bty mezi V\u00fdchodem a Z\u00e1padem \/ D\u011bjiny karlovarsk\u00e9ho festivalu jako skupinov\u00e9 sezen\u00ed Janis Pr\u00e1\u0161il<\/p>\n","protected":false},"excerpt":{"rendered":"<p>Film prvn\u00ed republiky editorial Editorial 153 Jind\u0159i\u0161ka Bl\u00e1hov\u00e1 \/ report Skute\u010dnost je dostupn\u011bj\u0161\u00ed, ne\u017e se zd\u00e1\/ Cannes 2024 Jakub Felcman \/ rozhovor Film je cesta dom\u016f \/ Rozhovor s Carlosem Reygadasem Janis Pr\u00e1\u0161il \/ mimo kino Starci a digit\u00e1ln\u00ed periferie \/ Televize A11 Petra Chaloupkov\u00e1 \/ kniha Sv\u011bty mezi V\u00fdchodem a Z\u00e1padem \/ D\u011bjiny karlovarsk\u00e9ho [&hellip;]<\/p>\n","protected":false},"featured_media":42455,"comment_status":"closed","ping_status":"closed","template":"","meta":{"_acf_changed":false,"inline_featured_image":false},"product_brand":[],"product_cat":[29,333],"product_tag":[],"class_list":{"0":"post-42453","1":"product","2":"type-product","3":"status-publish","4":"has-post-thumbnail","6":"product_cat-casopisy","7":"product_cat-cinepur-tituly-inych-vydavatelstiev-casopisy","9":"first","10":"instock","11":"shipping-taxable","12":"purchasable","13":"product-type-simple"},"acf":[],"_links":{"self":[{"href":"https:\/\/sfu.sk\/en\/wp-json\/wp\/v2\/product\/42453","targetHints":{"allow":["GET"]}}],"collection":[{"href":"https:\/\/sfu.sk\/en\/wp-json\/wp\/v2\/product"}],"about":[{"href":"https:\/\/sfu.sk\/en\/wp-json\/wp\/v2\/types\/product"}],"replies":[{"embeddable":true,"href":"https:\/\/sfu.sk\/en\/wp-json\/wp\/v2\/comments?post=42453"}],"wp:featuredmedia":[{"embeddable":true,"href":"https:\/\/sfu.sk\/en\/wp-json\/wp\/v2\/media\/42455"}],"wp:attachment":[{"href":"https:\/\/sfu.sk\/en\/wp-json\/wp\/v2\/media?parent=42453"}],"wp:term":[{"taxonomy":"product_brand","embeddable":true,"href":"https:\/\/sfu.sk\/en\/wp-json\/wp\/v2\/product_brand?post=42453"},{"taxonomy":"product_cat","embeddable":true,"href":"https:\/\/sfu.sk\/en\/wp-json\/wp\/v2\/product_cat?post=42453"},{"taxonomy":"product_tag","embeddable":true,"href":"https:\/\/sfu.sk\/en\/wp-json\/wp\/v2\/product_tag?post=42453"}],"curies":[{"name":"wp","href":"https:\/\/api.w.org\/{rel}","templated":true}]}}