{"id":42519,"date":"2024-07-16T14:53:04","date_gmt":"2024-07-16T12:53:04","guid":{"rendered":"https:\/\/sfu.sk\/?post_type=product&#038;p=42519"},"modified":"2026-03-26T10:30:48","modified_gmt":"2026-03-26T09:30:48","slug":"filmovy-zvuk-pro-nezvukare-2","status":"publish","type":"product","link":"https:\/\/sfu.sk\/en\/eshop\/filmovy-zvuk-pro-nezvukare-2\/","title":{"rendered":"Filmov\u00fd zvuk pro nezvuka\u0159e 2"},"content":{"rendered":"<p>Druh\u00fd d\u00edl p\u0159\u00edru\u010dky pro filma\u0159e-nezvuka\u0159e. Kde prvn\u00ed d\u00edl vysv\u011btluje, jak je t\u0159eba p\u0159i nat\u00e1\u010den\u00ed audiovizu\u00e1ln\u00edho d\u00edla postupovat, aby bylo mo\u017en\u00e9 n\u011bjak pracovat se zvukem, tam druh\u00fd d\u00edl p\u0159in\u00e1\u0161\u00ed praktick\u00e9 p\u0159\u00edklady toho, co v\u0161e je mo\u017en\u00e9 se zvukem d\u011blat \u2013 v\u010detn\u011b nazna\u010den\u00ed princip\u016f, na nich\u017e jednotliv\u00e9 postupy stoj\u00ed. Odhal\u00edme, \u017ee v\u0161e souvis\u00ed se v\u0161\u00edm, a zabrous\u00edme i do ostatn\u00edch filma\u0159sk\u00fdch profes\u00ed, i do n\u011bkolika v\u011bdn\u00edch discipl\u00edn.<\/p>\n","protected":false},"excerpt":{"rendered":"<p>Druh\u00fd d\u00edl p\u0159\u00edru\u010dky pro filma\u0159e-nezvuka\u0159e. Kde prvn\u00ed d\u00edl vysv\u011btluje, jak je t\u0159eba p\u0159i nat\u00e1\u010den\u00ed audiovizu\u00e1ln\u00edho d\u00edla postupovat, aby bylo mo\u017en\u00e9 n\u011bjak pracovat se zvukem, tam druh\u00fd d\u00edl p\u0159in\u00e1\u0161\u00ed praktick\u00e9 p\u0159\u00edklady toho, co v\u0161e je mo\u017en\u00e9 se zvukem d\u011blat \u2013 v\u010detn\u011b nazna\u010den\u00ed princip\u016f, na nich\u017e jednotliv\u00e9 postupy stoj\u00ed. Odhal\u00edme, \u017ee v\u0161e souvis\u00ed se v\u0161\u00edm, a zabrous\u00edme [&hellip;]<\/p>\n","protected":false},"featured_media":42521,"comment_status":"closed","ping_status":"closed","template":"","meta":{"_acf_changed":false,"inline_featured_image":false},"product_brand":[],"product_cat":[28,318],"product_tag":[],"class_list":{"0":"post-42519","1":"product","2":"type-product","3":"status-publish","4":"has-post-thumbnail","6":"product_cat-knihy","7":"product_cat-tituly-inych-vydavatelstiev","9":"first","10":"outofstock","11":"shipping-taxable","12":"purchasable","13":"product-type-simple"},"acf":[],"_links":{"self":[{"href":"https:\/\/sfu.sk\/en\/wp-json\/wp\/v2\/product\/42519","targetHints":{"allow":["GET"]}}],"collection":[{"href":"https:\/\/sfu.sk\/en\/wp-json\/wp\/v2\/product"}],"about":[{"href":"https:\/\/sfu.sk\/en\/wp-json\/wp\/v2\/types\/product"}],"replies":[{"embeddable":true,"href":"https:\/\/sfu.sk\/en\/wp-json\/wp\/v2\/comments?post=42519"}],"wp:featuredmedia":[{"embeddable":true,"href":"https:\/\/sfu.sk\/en\/wp-json\/wp\/v2\/media\/42521"}],"wp:attachment":[{"href":"https:\/\/sfu.sk\/en\/wp-json\/wp\/v2\/media?parent=42519"}],"wp:term":[{"taxonomy":"product_brand","embeddable":true,"href":"https:\/\/sfu.sk\/en\/wp-json\/wp\/v2\/product_brand?post=42519"},{"taxonomy":"product_cat","embeddable":true,"href":"https:\/\/sfu.sk\/en\/wp-json\/wp\/v2\/product_cat?post=42519"},{"taxonomy":"product_tag","embeddable":true,"href":"https:\/\/sfu.sk\/en\/wp-json\/wp\/v2\/product_tag?post=42519"}],"curies":[{"name":"wp","href":"https:\/\/api.w.org\/{rel}","templated":true}]}}