{"id":42524,"date":"2024-07-16T14:56:23","date_gmt":"2024-07-16T12:56:23","guid":{"rendered":"https:\/\/sfu.sk\/?post_type=product&#038;p=42524"},"modified":"2024-12-02T09:15:38","modified_gmt":"2024-12-02T08:15:38","slug":"pritomnost","status":"publish","type":"product","link":"https:\/\/sfu.sk\/en\/eshop\/pritomnost\/","title":{"rendered":"P\u0159\u00edtomnost"},"content":{"rendered":"<p>Mexick\u00fd re\u017eis\u00e9r Carlos Reygadas pat\u0159\u00ed mezi v\u016fd\u010d\u00ed osobnosti sou\u010dasn\u00e9ho autorsk\u00e9ho filmu. Za Tich\u00e9 sv\u011btlo (2007) z\u00edskal Cenu poroty v Cannes a za Post Tenebras Lux (2012) Cenu za nejlep\u0161\u00ed re\u017eii tamt\u00e9\u017e. Je to tv\u016frce, jeho\u017e velmi osobit\u00fd p\u0159\u00edstup k mizansc\u00e9n\u011b, herectv\u00ed, zvuku i st\u0159ihu umo\u017e\u0148uje otev\u00edrat velmi obecn\u00e1 filozofick\u00e1, n\u00e1bo\u017eensk\u00e1 a jin\u00e1 t\u00e9mata.<\/p>\n<p>Kniha vych\u00e1z\u00ed jako prvn\u00ed svazek nov\u00e9 edice Autorsk\u00e9 my\u0161len\u00ed, jej\u00edm\u017e prost\u0159ednictv\u00edm FAMU nab\u00edz\u00ed setk\u00e1n\u00ed s tv\u016frci v\u0161ech filma\u0159sk\u00fdch profes\u00ed sou\u010dasn\u00e9 sv\u011btov\u00e9 kinematografie, k nim\u017e v r\u00e1mci fakulty doch\u00e1z\u00ed ve form\u011b p\u0159edn\u00e1\u0161ek, semin\u00e1\u0159\u016f \u010di d\u00edlen. Obsahem jsou \u00favahy Carlose Reygadase obecn\u011b o kinematografii i o jeho vztahu k filmu.<\/p>\n","protected":false},"excerpt":{"rendered":"<p>Mexick\u00fd re\u017eis\u00e9r Carlos Reygadas pat\u0159\u00ed mezi v\u016fd\u010d\u00ed osobnosti sou\u010dasn\u00e9ho autorsk\u00e9ho filmu. Za Tich\u00e9 sv\u011btlo (2007) z\u00edskal Cenu poroty v Cannes a za Post Tenebras Lux (2012) Cenu za nejlep\u0161\u00ed re\u017eii tamt\u00e9\u017e. Je to tv\u016frce, jeho\u017e velmi osobit\u00fd p\u0159\u00edstup k mizansc\u00e9n\u011b, herectv\u00ed, zvuku i st\u0159ihu umo\u017e\u0148uje otev\u00edrat velmi obecn\u00e1 filozofick\u00e1, n\u00e1bo\u017eensk\u00e1 a jin\u00e1 t\u00e9mata. Kniha vych\u00e1z\u00ed [&hellip;]<\/p>\n","protected":false},"featured_media":42526,"comment_status":"closed","ping_status":"closed","template":"","meta":{"_acf_changed":false,"inline_featured_image":false},"product_brand":[],"product_cat":[28,318],"product_tag":[],"class_list":{"0":"post-42524","1":"product","2":"type-product","3":"status-publish","4":"has-post-thumbnail","6":"product_cat-knihy","7":"product_cat-tituly-inych-vydavatelstiev","9":"first","10":"outofstock","11":"shipping-taxable","12":"purchasable","13":"product-type-simple"},"acf":[],"_links":{"self":[{"href":"https:\/\/sfu.sk\/en\/wp-json\/wp\/v2\/product\/42524","targetHints":{"allow":["GET"]}}],"collection":[{"href":"https:\/\/sfu.sk\/en\/wp-json\/wp\/v2\/product"}],"about":[{"href":"https:\/\/sfu.sk\/en\/wp-json\/wp\/v2\/types\/product"}],"replies":[{"embeddable":true,"href":"https:\/\/sfu.sk\/en\/wp-json\/wp\/v2\/comments?post=42524"}],"wp:featuredmedia":[{"embeddable":true,"href":"https:\/\/sfu.sk\/en\/wp-json\/wp\/v2\/media\/42526"}],"wp:attachment":[{"href":"https:\/\/sfu.sk\/en\/wp-json\/wp\/v2\/media?parent=42524"}],"wp:term":[{"taxonomy":"product_brand","embeddable":true,"href":"https:\/\/sfu.sk\/en\/wp-json\/wp\/v2\/product_brand?post=42524"},{"taxonomy":"product_cat","embeddable":true,"href":"https:\/\/sfu.sk\/en\/wp-json\/wp\/v2\/product_cat?post=42524"},{"taxonomy":"product_tag","embeddable":true,"href":"https:\/\/sfu.sk\/en\/wp-json\/wp\/v2\/product_tag?post=42524"}],"curies":[{"name":"wp","href":"https:\/\/api.w.org\/{rel}","templated":true}]}}