{"id":42529,"date":"2024-07-16T14:59:35","date_gmt":"2024-07-16T12:59:35","guid":{"rendered":"https:\/\/sfu.sk\/?post_type=product&#038;p=42529"},"modified":"2024-11-25T16:31:12","modified_gmt":"2024-11-25T15:31:12","slug":"dejiny-animovaneho-filmu-dil-1-pocatky-zlaty-vek","status":"publish","type":"product","link":"https:\/\/sfu.sk\/en\/eshop\/dejiny-animovaneho-filmu-dil-1-pocatky-zlaty-vek\/","title":{"rendered":"D\u011bjiny animovan\u00e9ho filmu, d\u00edl 1. Po\u010d\u00e1tky \u2013 zlat\u00fd v\u011bk"},"content":{"rendered":"<p>D\u011bjiny animace plynule navazuj\u00ed na autorovu pr\u016flomovou publikaci Cartoons: One Hundred Years of Cinema Animation z roku 1994. V sou\u010dasnosti se jedn\u00e1 o nejrozs\u00e1hlej\u0161\u00ed a nejhlub\u0161\u00ed text sv\u00e9ho druhu, zalo\u017een\u00fd na my\u0161lence, \u017ee si animace jako sv\u00e9bytn\u00e9 kinematografick\u00e9 odv\u011btv\u00ed zasluhuje vlastn\u00ed odborn\u00fd v\u00fdklad a vlastn\u00ed d\u011bjiny. Bendazzi nez\u016fst\u00e1v\u00e1 u Disneyho, jde mnohem d\u00e1l: hovo\u0159\u00ed o animaci v kinematografii rusk\u00e9, africk\u00e9, latinoamerick\u00e9 a o spoust\u011b jin\u00fdch, po t\u00e9to str\u00e1nce dlouho opom\u00edjen\u00fdch kultur. Zam\u011b\u0159uje se tak\u00e9 na l\u00e9ta neobjeven\u00e9 projekty a tv\u016frce z v\u00edce ne\u017e devades\u00e1ti zem\u00ed na sv\u011bt\u011b. Informace p\u0159ed\u00e1v\u00e1 v p\u0159ehledn\u00e9m svazku v geografick\u00e9m a chronologick\u00e9m \u0159azen\u00ed.<\/p>\n","protected":false},"excerpt":{"rendered":"<p>D\u011bjiny animace plynule navazuj\u00ed na autorovu pr\u016flomovou publikaci Cartoons: One Hundred Years of Cinema Animation z roku 1994. V sou\u010dasnosti se jedn\u00e1 o nejrozs\u00e1hlej\u0161\u00ed a nejhlub\u0161\u00ed text sv\u00e9ho druhu, zalo\u017een\u00fd na my\u0161lence, \u017ee si animace jako sv\u00e9bytn\u00e9 kinematografick\u00e9 odv\u011btv\u00ed zasluhuje vlastn\u00ed odborn\u00fd v\u00fdklad a vlastn\u00ed d\u011bjiny. Bendazzi nez\u016fst\u00e1v\u00e1 u Disneyho, jde mnohem d\u00e1l: hovo\u0159\u00ed o [&hellip;]<\/p>\n","protected":false},"featured_media":42530,"comment_status":"closed","ping_status":"closed","template":"","meta":{"_acf_changed":false,"inline_featured_image":false},"product_brand":[],"product_cat":[28,318],"product_tag":[],"class_list":{"0":"post-42529","1":"product","2":"type-product","3":"status-publish","4":"has-post-thumbnail","6":"product_cat-knihy","7":"product_cat-tituly-inych-vydavatelstiev","9":"first","10":"outofstock","11":"shipping-taxable","12":"purchasable","13":"product-type-simple"},"acf":[],"_links":{"self":[{"href":"https:\/\/sfu.sk\/en\/wp-json\/wp\/v2\/product\/42529","targetHints":{"allow":["GET"]}}],"collection":[{"href":"https:\/\/sfu.sk\/en\/wp-json\/wp\/v2\/product"}],"about":[{"href":"https:\/\/sfu.sk\/en\/wp-json\/wp\/v2\/types\/product"}],"replies":[{"embeddable":true,"href":"https:\/\/sfu.sk\/en\/wp-json\/wp\/v2\/comments?post=42529"}],"wp:featuredmedia":[{"embeddable":true,"href":"https:\/\/sfu.sk\/en\/wp-json\/wp\/v2\/media\/42530"}],"wp:attachment":[{"href":"https:\/\/sfu.sk\/en\/wp-json\/wp\/v2\/media?parent=42529"}],"wp:term":[{"taxonomy":"product_brand","embeddable":true,"href":"https:\/\/sfu.sk\/en\/wp-json\/wp\/v2\/product_brand?post=42529"},{"taxonomy":"product_cat","embeddable":true,"href":"https:\/\/sfu.sk\/en\/wp-json\/wp\/v2\/product_cat?post=42529"},{"taxonomy":"product_tag","embeddable":true,"href":"https:\/\/sfu.sk\/en\/wp-json\/wp\/v2\/product_tag?post=42529"}],"curies":[{"name":"wp","href":"https:\/\/api.w.org\/{rel}","templated":true}]}}