{"id":42533,"date":"2024-07-16T15:02:12","date_gmt":"2024-07-16T13:02:12","guid":{"rendered":"https:\/\/sfu.sk\/?post_type=product&#038;p=42533"},"modified":"2024-08-07T10:35:00","modified_gmt":"2024-08-07T08:35:00","slug":"nezname-a-zapomenute-filmy-vaclava-zykmunda","status":"publish","type":"product","link":"https:\/\/sfu.sk\/en\/eshop\/nezname-a-zapomenute-filmy-vaclava-zykmunda\/","title":{"rendered":"Nezn\u00e1m\u00e9 a zapomenut\u00e9 Filmy V\u00e1clava Zykmunda"},"content":{"rendered":"<p>V\u00fdtvarn\u00edk, fotograf, prozaik a teoretik V\u00e1clav Zykmund (1914\u20131984) byl v\u00fdznamnou osobnost\u00ed \u010desk\u00e9ho i moravsk\u00e9ho kulturn\u00edho \u017eivota. Letos to bude 110 let od jeho narozen\u00ed a 40 let od \u00famrt\u00ed. Studie o jeho nezn\u00e1m\u00e9 animovan\u00e9 i priv\u00e1tn\u00ed tvorb\u011b vych\u00e1z\u00ed z nov\u011bj\u0161\u00edho p\u016fvodn\u00edho v\u00fdzkumu materi\u00e1l\u016f k historii a \u010dinnosti brn\u011bnsk\u00e9ho studia loutkov\u00e9ho filmu z let 1949\u20131953 z archivu NFA. Kniha je p\u0159\u00ednosem nejen k pozn\u00e1n\u00ed jeho filmov\u00e9 tvorby pro odborn\u00edky i studenty filmov\u00e9 v\u011bdy, ale i dopl\u0148kem k pozn\u00e1n\u00ed komplexu jeho tvorby, kterou v oblasti fotografie a v\u00fdtvarn\u00e9ho um\u011bn\u00ed p\u0159inesly zejm\u00e9na katalogov\u00e9 studie Marie M\u017eykov\u00e9, Anton\u00edna Dufka \u010di Josefa Mouchy.<\/p>\n","protected":false},"excerpt":{"rendered":"<p>V\u00fdtvarn\u00edk, fotograf, prozaik a teoretik V\u00e1clav Zykmund (1914\u20131984) byl v\u00fdznamnou osobnost\u00ed \u010desk\u00e9ho i moravsk\u00e9ho kulturn\u00edho \u017eivota. Letos to bude 110 let od jeho narozen\u00ed a 40 let od \u00famrt\u00ed. Studie o jeho nezn\u00e1m\u00e9 animovan\u00e9 i priv\u00e1tn\u00ed tvorb\u011b vych\u00e1z\u00ed z nov\u011bj\u0161\u00edho p\u016fvodn\u00edho v\u00fdzkumu materi\u00e1l\u016f k historii a \u010dinnosti brn\u011bnsk\u00e9ho studia loutkov\u00e9ho filmu z let 1949\u20131953 z [&hellip;]<\/p>\n","protected":false},"featured_media":42534,"comment_status":"closed","ping_status":"closed","template":"","meta":{"_acf_changed":false,"inline_featured_image":false},"product_brand":[],"product_cat":[28,318],"product_tag":[],"class_list":{"0":"post-42533","1":"product","2":"type-product","3":"status-publish","4":"has-post-thumbnail","6":"product_cat-knihy","7":"product_cat-tituly-inych-vydavatelstiev","9":"first","10":"instock","11":"shipping-taxable","12":"purchasable","13":"product-type-simple"},"acf":[],"_links":{"self":[{"href":"https:\/\/sfu.sk\/en\/wp-json\/wp\/v2\/product\/42533","targetHints":{"allow":["GET"]}}],"collection":[{"href":"https:\/\/sfu.sk\/en\/wp-json\/wp\/v2\/product"}],"about":[{"href":"https:\/\/sfu.sk\/en\/wp-json\/wp\/v2\/types\/product"}],"replies":[{"embeddable":true,"href":"https:\/\/sfu.sk\/en\/wp-json\/wp\/v2\/comments?post=42533"}],"wp:featuredmedia":[{"embeddable":true,"href":"https:\/\/sfu.sk\/en\/wp-json\/wp\/v2\/media\/42534"}],"wp:attachment":[{"href":"https:\/\/sfu.sk\/en\/wp-json\/wp\/v2\/media?parent=42533"}],"wp:term":[{"taxonomy":"product_brand","embeddable":true,"href":"https:\/\/sfu.sk\/en\/wp-json\/wp\/v2\/product_brand?post=42533"},{"taxonomy":"product_cat","embeddable":true,"href":"https:\/\/sfu.sk\/en\/wp-json\/wp\/v2\/product_cat?post=42533"},{"taxonomy":"product_tag","embeddable":true,"href":"https:\/\/sfu.sk\/en\/wp-json\/wp\/v2\/product_tag?post=42533"}],"curies":[{"name":"wp","href":"https:\/\/api.w.org\/{rel}","templated":true}]}}