{"id":42593,"date":"2024-07-17T11:18:14","date_gmt":"2024-07-17T09:18:14","guid":{"rendered":"https:\/\/sfu.sk\/?post_type=product&#038;p=42593"},"modified":"2026-01-05T02:06:57","modified_gmt":"2026-01-05T01:06:57","slug":"blu-ray-obrazy-stareho-sveta","status":"publish","type":"product","link":"https:\/\/sfu.sk\/en\/eshop\/blu-ray-obrazy-stareho-sveta\/","title":{"rendered":"blu-ray Obrazy star\u00e9ho sveta"},"content":{"rendered":"<p><strong>Obrazy star\u00e9ho sveta (1972)<\/strong><\/p>\n<p>Sugest\u00edvne portr\u00e9ty star\u00fdch \u013eud\u00ed z Liptova a Oravy, ktor\u00ed dok\u00e1\u017eu aj v stave civiliza\u010dn\u00e9ho chaosu a neistoty \u017ei\u0165 vn\u00fatorne slobodn\u00ed. Tvorcovi filmu, in\u0161pirovan\u00e9mu fotografick\u00fdmi cyklami Martina Martin\u010deka, sa podarilo s v\u00fdnimo\u010dnou citlivos\u0165ou zachyti\u0165 jedine\u010dnos\u0165 sledovan\u00fdch post\u00e1v, ich svojr\u00e1zne postoje k \u017eivotu i vz\u00e1cnu mor\u00e1lnu \u010distotu.<\/p>\n<p><strong>N\u00e1vraty k Obrazom star\u00e9ho sveta (2024)<\/strong><\/p>\n<p>Filmov\u00e1 pocta tvorbe re\u017eis\u00e9ra Du\u0161ana Han\u00e1ka zameriavaj\u00faca sa na jeho mimoriadne dielo Obrazy star\u00e9ho sveta (1972) v kombin\u00e1cii so s\u00favisiacimi kr\u00e1tkymi filmami Om\u0161a (1967) a Zanecha\u0165 stopu (1970). Svojho \u010dasu zak\u00e1zan\u00e9 Obrazy star\u00e9ho sveta maj\u00fa charakter slobodn\u00e9ho, nez\u00e1visl\u00e9ho kinematografick\u00e9ho diela a hlboko \u013eudsk\u00fd rozmer napriek tomu, \u017ee vznikli po okup\u00e1cii \u010ceskoslovenska v roku 1968, v \u010dase najtvrd\u0161ej normaliz\u00e1cie. Du\u0161an Han\u00e1k odkr\u00fdva z\u00e1zemie ich vzniku, svoje n\u00e1zory a postrehy v\u0161ak vyjadria aj viacer\u00e9 osobnosti, znalci a priatelia slobodnej filmovej tvorby.<\/p>\n<p><strong>Om\u0161a (1967)<\/strong><\/p>\n<p>Filmov\u00fd z\u00e1znam adventnej om\u0161e v Spi\u0161skej Sobote s autentick\u00fdmi liturgick\u00fdmi textami a spevmi.<\/p>\n<p><strong>Zanecha\u0165 stopu (1970)<\/strong><\/p>\n<p>Dokument\u00e1rny film o majstrovi hrn\u010diarovi J\u00e1novi Frankovi\u010dovi.<\/p>\n","protected":false},"excerpt":{"rendered":"<p>Obrazy star\u00e9ho sveta (1972) Sugest\u00edvne portr\u00e9ty star\u00fdch \u013eud\u00ed z Liptova a Oravy, ktor\u00ed dok\u00e1\u017eu aj v stave civiliza\u010dn\u00e9ho chaosu a neistoty \u017ei\u0165 vn\u00fatorne slobodn\u00ed. Tvorcovi filmu, in\u0161pirovan\u00e9mu fotografick\u00fdmi cyklami Martina Martin\u010deka, sa podarilo s v\u00fdnimo\u010dnou citlivos\u0165ou zachyti\u0165 jedine\u010dnos\u0165 sledovan\u00fdch post\u00e1v, ich svojr\u00e1zne postoje k \u017eivotu i vz\u00e1cnu mor\u00e1lnu \u010distotu. N\u00e1vraty k Obrazom star\u00e9ho sveta (2024) [&hellip;]<\/p>\n","protected":false},"featured_media":42594,"comment_status":"closed","ping_status":"closed","template":"","meta":{"_acf_changed":false,"inline_featured_image":false},"product_brand":[],"product_cat":[31,330],"product_tag":[],"class_list":{"0":"post-42593","1":"product","2":"type-product","3":"status-publish","4":"has-post-thumbnail","6":"product_cat-blu-ray","7":"product_cat-tituly-sfu-blu-ray","9":"first","10":"instock","11":"shipping-taxable","12":"purchasable","13":"product-type-simple"},"acf":[],"_links":{"self":[{"href":"https:\/\/sfu.sk\/en\/wp-json\/wp\/v2\/product\/42593","targetHints":{"allow":["GET"]}}],"collection":[{"href":"https:\/\/sfu.sk\/en\/wp-json\/wp\/v2\/product"}],"about":[{"href":"https:\/\/sfu.sk\/en\/wp-json\/wp\/v2\/types\/product"}],"replies":[{"embeddable":true,"href":"https:\/\/sfu.sk\/en\/wp-json\/wp\/v2\/comments?post=42593"}],"wp:featuredmedia":[{"embeddable":true,"href":"https:\/\/sfu.sk\/en\/wp-json\/wp\/v2\/media\/42594"}],"wp:attachment":[{"href":"https:\/\/sfu.sk\/en\/wp-json\/wp\/v2\/media?parent=42593"}],"wp:term":[{"taxonomy":"product_brand","embeddable":true,"href":"https:\/\/sfu.sk\/en\/wp-json\/wp\/v2\/product_brand?post=42593"},{"taxonomy":"product_cat","embeddable":true,"href":"https:\/\/sfu.sk\/en\/wp-json\/wp\/v2\/product_cat?post=42593"},{"taxonomy":"product_tag","embeddable":true,"href":"https:\/\/sfu.sk\/en\/wp-json\/wp\/v2\/product_tag?post=42593"}],"curies":[{"name":"wp","href":"https:\/\/api.w.org\/{rel}","templated":true}]}}