{"id":43718,"date":"2024-09-02T12:57:56","date_gmt":"2024-09-02T10:57:56","guid":{"rendered":"https:\/\/sfu.sk\/?post_type=product&#038;p=43718"},"modified":"2025-07-30T15:03:08","modified_gmt":"2025-07-30T13:03:08","slug":"cinepur-154-2024","status":"publish","type":"product","link":"https:\/\/sfu.sk\/en\/eshop\/cinepur-154-2024\/","title":{"rendered":"Cinepur 154\/2024"},"content":{"rendered":"<p>Report Karlovy Vary \/ Seri\u00e1l Sympatizant \/ Pozor, Jerzy Stuhr! \/ Kamera-pero K. Tasovsk\u00e1 \/ Dobr\u00e9 \u0161patn\u00e9 filmy \/ Lekce Sally Potter \/ Nespolehliv\u00fd Hong Sang-su \/ Rozhovor Lav Diaz<\/p>\n","protected":false},"excerpt":{"rendered":"<p>Report Karlovy Vary \/ Seri\u00e1l Sympatizant \/ Pozor, Jerzy Stuhr! \/ Kamera-pero K. Tasovsk\u00e1 \/ Dobr\u00e9 \u0161patn\u00e9 filmy \/ Lekce Sally Potter \/ Nespolehliv\u00fd Hong Sang-su \/ Rozhovor Lav Diaz<\/p>\n","protected":false},"featured_media":43719,"comment_status":"closed","ping_status":"closed","template":"","meta":{"_acf_changed":false,"inline_featured_image":false},"product_brand":[],"product_cat":[29,333],"product_tag":[],"class_list":{"0":"post-43718","1":"product","2":"type-product","3":"status-publish","4":"has-post-thumbnail","6":"product_cat-casopisy","7":"product_cat-cinepur-tituly-inych-vydavatelstiev-casopisy","9":"first","10":"instock","11":"shipping-taxable","12":"purchasable","13":"product-type-simple"},"acf":[],"_links":{"self":[{"href":"https:\/\/sfu.sk\/en\/wp-json\/wp\/v2\/product\/43718","targetHints":{"allow":["GET"]}}],"collection":[{"href":"https:\/\/sfu.sk\/en\/wp-json\/wp\/v2\/product"}],"about":[{"href":"https:\/\/sfu.sk\/en\/wp-json\/wp\/v2\/types\/product"}],"replies":[{"embeddable":true,"href":"https:\/\/sfu.sk\/en\/wp-json\/wp\/v2\/comments?post=43718"}],"wp:featuredmedia":[{"embeddable":true,"href":"https:\/\/sfu.sk\/en\/wp-json\/wp\/v2\/media\/43719"}],"wp:attachment":[{"href":"https:\/\/sfu.sk\/en\/wp-json\/wp\/v2\/media?parent=43718"}],"wp:term":[{"taxonomy":"product_brand","embeddable":true,"href":"https:\/\/sfu.sk\/en\/wp-json\/wp\/v2\/product_brand?post=43718"},{"taxonomy":"product_cat","embeddable":true,"href":"https:\/\/sfu.sk\/en\/wp-json\/wp\/v2\/product_cat?post=43718"},{"taxonomy":"product_tag","embeddable":true,"href":"https:\/\/sfu.sk\/en\/wp-json\/wp\/v2\/product_tag?post=43718"}],"curies":[{"name":"wp","href":"https:\/\/api.w.org\/{rel}","templated":true}]}}