{"id":44118,"date":"2024-09-26T15:49:06","date_gmt":"2024-09-26T13:49:06","guid":{"rendered":"https:\/\/sfu.sk\/?post_type=product&#038;p=44118"},"modified":"2024-09-26T15:49:55","modified_gmt":"2024-09-26T13:49:55","slug":"vlna-c-95","status":"publish","type":"product","link":"https:\/\/sfu.sk\/en\/eshop\/vlna-c-95\/","title":{"rendered":"Vlna \u010d. 95"},"content":{"rendered":"<p>LETOEDITORI\u00c1L: Text Petra Feriancov\u00e1. KOMIKS: L\u00edvia Such\u00e1. ANOTHER SUMMER: Text Marianna Serranov\u00e1. NAJ\u010eALEJ OD SLNKA. (POZN\u00c1MKY K LETN\u00c9MU SM\u00daTKU): Text Katar\u00edna Polia\u010dikov\u00e1. LETO V BRATISLAVE. KR\u00c1TKE AKUSTICK\u00c9 POZOROVANIE: Text a foto Eva Voz\u00e1rov\u00e1; Nahr\u00e1vka Fero Kir\u00e1ly. EGOV\u00ddLETY A NAJ\u017dIARIVEJ\u0160IE OBDOBIE: Text Peter Macsovszky. POHODA\u2019\u200523: Fotoreport Darjan Hardi. BALVANY A DIERY:<br \/>\nText M\u00e1ria Modrovich. AKO NEZOMRIE\u0164. SV\u00c4T\u00c9 ZDRAVIE: Text Luca Lov\u00e1sz. LENIN, 2011: Text Ana Men\u00e9ndez; Prelo\u017eila M\u00e1ria Modrovich. DVE (POLO)LETN\u00c9 B\u00c1SNE: Text Peter \u0160ulej. AK\u00dd KR\u00c1SNY PROBL\u00c9M: Text Rastislav Podhorsk\u00fd. PARCOURS. MAP OF THE PLEIN SUD NETWORK.<\/p>\n","protected":false},"excerpt":{"rendered":"<p>LETOEDITORI\u00c1L: Text Petra Feriancov\u00e1. KOMIKS: L\u00edvia Such\u00e1. ANOTHER SUMMER: Text Marianna Serranov\u00e1. NAJ\u010eALEJ OD SLNKA. (POZN\u00c1MKY K LETN\u00c9MU SM\u00daTKU): Text Katar\u00edna Polia\u010dikov\u00e1. LETO V BRATISLAVE. KR\u00c1TKE AKUSTICK\u00c9 POZOROVANIE: Text a foto Eva Voz\u00e1rov\u00e1; Nahr\u00e1vka Fero Kir\u00e1ly. EGOV\u00ddLETY A NAJ\u017dIARIVEJ\u0160IE OBDOBIE: Text Peter Macsovszky. POHODA\u2019\u200523: Fotoreport Darjan Hardi. BALVANY A DIERY: Text M\u00e1ria Modrovich. AKO NEZOMRIE\u0164. [&hellip;]<\/p>\n","protected":false},"featured_media":44119,"comment_status":"closed","ping_status":"closed","template":"","meta":{"_acf_changed":false,"inline_featured_image":false},"product_brand":[],"product_cat":[29,327],"product_tag":[],"class_list":{"0":"post-44118","1":"product","2":"type-product","3":"status-publish","4":"has-post-thumbnail","6":"product_cat-casopisy","7":"product_cat-tituly-inych-vydavatelstiev-casopisy","9":"first","10":"instock","11":"shipping-taxable","12":"purchasable","13":"product-type-simple"},"acf":[],"_links":{"self":[{"href":"https:\/\/sfu.sk\/en\/wp-json\/wp\/v2\/product\/44118","targetHints":{"allow":["GET"]}}],"collection":[{"href":"https:\/\/sfu.sk\/en\/wp-json\/wp\/v2\/product"}],"about":[{"href":"https:\/\/sfu.sk\/en\/wp-json\/wp\/v2\/types\/product"}],"replies":[{"embeddable":true,"href":"https:\/\/sfu.sk\/en\/wp-json\/wp\/v2\/comments?post=44118"}],"wp:featuredmedia":[{"embeddable":true,"href":"https:\/\/sfu.sk\/en\/wp-json\/wp\/v2\/media\/44119"}],"wp:attachment":[{"href":"https:\/\/sfu.sk\/en\/wp-json\/wp\/v2\/media?parent=44118"}],"wp:term":[{"taxonomy":"product_brand","embeddable":true,"href":"https:\/\/sfu.sk\/en\/wp-json\/wp\/v2\/product_brand?post=44118"},{"taxonomy":"product_cat","embeddable":true,"href":"https:\/\/sfu.sk\/en\/wp-json\/wp\/v2\/product_cat?post=44118"},{"taxonomy":"product_tag","embeddable":true,"href":"https:\/\/sfu.sk\/en\/wp-json\/wp\/v2\/product_tag?post=44118"}],"curies":[{"name":"wp","href":"https:\/\/api.w.org\/{rel}","templated":true}]}}