{"id":44122,"date":"2024-09-26T15:53:46","date_gmt":"2024-09-26T13:53:46","guid":{"rendered":"https:\/\/sfu.sk\/?post_type=product&#038;p=44122"},"modified":"2024-09-26T15:53:46","modified_gmt":"2024-09-26T13:53:46","slug":"vlna-c-96","status":"publish","type":"product","link":"https:\/\/sfu.sk\/en\/eshop\/vlna-c-96\/","title":{"rendered":"Vlna \u010d. 96"},"content":{"rendered":"<p>VEGETAT\u00cdVNE \u013dUDSTVO: Text Petra Feriancov\u00e1. KULT\u00daRA NED\u00d4VERY: Text Rowena Harris, Preklad M\u00e1ria Modrovich. V ORAN\u017d\u00c9RII: Text Stanis\u0142aw Ma\u0142ecki; Preklad Petra Feriancov\u00e1. EXPLODING STAR: Text Daniel Gr\u00fa\u0148. SME JEDNODUCHO TRH: Text M\u00e1ria Modrovich. \u010eAL\u0160\u00cd PROJEKT, KTOR\u00dd ZLYHAL: Text Petra Fornayov\u00e1. FIGOV\u00c1 JAMA AKO GESTO KULTIV\u00c1CIE: Text Adri\u00e1n Kobeti\u010d \u2013 Peter Megye\u0161i. DIVOK\u00c9 VLASTNOSTI: Text Borb\u00e1la So\u00f3s. ZELEN\u00c1 JE TR\u00c1VA: Text Petra Fornajov\u00e1. STROM AKO PROTAGONISTA: Text Milo Jur\u00e1ni. KYTICA PIESN\u00cd\u2026 ALEBO PIESNE KYTICE: Text \u013dubom\u00edr Pavelka. HERBARIUM:\u00a0 B\u00e1sne Mila Haugov\u00e1. MISIA: Text Ondrej \u0160tef\u00e1nik. METAMORF\u00d3ZA UHORKY:Text Ivana Gibov\u00e1<\/p>\n","protected":false},"excerpt":{"rendered":"<p>VEGETAT\u00cdVNE \u013dUDSTVO: Text Petra Feriancov\u00e1. KULT\u00daRA NED\u00d4VERY: Text Rowena Harris, Preklad M\u00e1ria Modrovich. V ORAN\u017d\u00c9RII: Text Stanis\u0142aw Ma\u0142ecki; Preklad Petra Feriancov\u00e1. EXPLODING STAR: Text Daniel Gr\u00fa\u0148. SME JEDNODUCHO TRH: Text M\u00e1ria Modrovich. \u010eAL\u0160\u00cd PROJEKT, KTOR\u00dd ZLYHAL: Text Petra Fornayov\u00e1. FIGOV\u00c1 JAMA AKO GESTO KULTIV\u00c1CIE: Text Adri\u00e1n Kobeti\u010d \u2013 Peter Megye\u0161i. DIVOK\u00c9 VLASTNOSTI: Text Borb\u00e1la So\u00f3s. [&hellip;]<\/p>\n","protected":false},"featured_media":44123,"comment_status":"closed","ping_status":"closed","template":"","meta":{"_acf_changed":false,"inline_featured_image":false},"product_brand":[],"product_cat":[29,327],"product_tag":[],"class_list":{"0":"post-44122","1":"product","2":"type-product","3":"status-publish","4":"has-post-thumbnail","6":"product_cat-casopisy","7":"product_cat-tituly-inych-vydavatelstiev-casopisy","9":"first","10":"instock","11":"shipping-taxable","12":"purchasable","13":"product-type-simple"},"acf":[],"_links":{"self":[{"href":"https:\/\/sfu.sk\/en\/wp-json\/wp\/v2\/product\/44122","targetHints":{"allow":["GET"]}}],"collection":[{"href":"https:\/\/sfu.sk\/en\/wp-json\/wp\/v2\/product"}],"about":[{"href":"https:\/\/sfu.sk\/en\/wp-json\/wp\/v2\/types\/product"}],"replies":[{"embeddable":true,"href":"https:\/\/sfu.sk\/en\/wp-json\/wp\/v2\/comments?post=44122"}],"wp:featuredmedia":[{"embeddable":true,"href":"https:\/\/sfu.sk\/en\/wp-json\/wp\/v2\/media\/44123"}],"wp:attachment":[{"href":"https:\/\/sfu.sk\/en\/wp-json\/wp\/v2\/media?parent=44122"}],"wp:term":[{"taxonomy":"product_brand","embeddable":true,"href":"https:\/\/sfu.sk\/en\/wp-json\/wp\/v2\/product_brand?post=44122"},{"taxonomy":"product_cat","embeddable":true,"href":"https:\/\/sfu.sk\/en\/wp-json\/wp\/v2\/product_cat?post=44122"},{"taxonomy":"product_tag","embeddable":true,"href":"https:\/\/sfu.sk\/en\/wp-json\/wp\/v2\/product_tag?post=44122"}],"curies":[{"name":"wp","href":"https:\/\/api.w.org\/{rel}","templated":true}]}}