{"id":44125,"date":"2024-09-26T15:57:05","date_gmt":"2024-09-26T13:57:05","guid":{"rendered":"https:\/\/sfu.sk\/?post_type=product&#038;p=44125"},"modified":"2024-09-26T16:00:45","modified_gmt":"2024-09-26T14:00:45","slug":"vlna-c-97","status":"publish","type":"product","link":"https:\/\/sfu.sk\/en\/eshop\/vlna-c-97\/","title":{"rendered":"Vlna \u010d. 97"},"content":{"rendered":"<p>DOM\u00c1CA SC\u00c9NA: Text Petra Feriancov\u00e1. CINEMATIC NA VLNE DOSPIEVANIA: Text Barbora Gvozdj\u00e1kov\u00e1. PR\u00cdRODA, SKRVAVEN\u00c9 ZUBY, PAZ\u00daRY V TRANZITE: Text (red.). ROZHOVOR SO SILVIOU VAN ESPEN: Text Petra Feriancov\u00e1. \u017dENA, RUS\u00cdNKA, HUS\u00c1KOVO DIE\u0164A: Text Mira Keratov\u00e1. YARMAT = NA ZDRAVIE: Text Dagmar Bedn\u00e1rikov\u00e1.<\/p>\n","protected":false},"excerpt":{"rendered":"<p>DOM\u00c1CA SC\u00c9NA: Text Petra Feriancov\u00e1. CINEMATIC NA VLNE DOSPIEVANIA: Text Barbora Gvozdj\u00e1kov\u00e1. PR\u00cdRODA, SKRVAVEN\u00c9 ZUBY, PAZ\u00daRY V TRANZITE: Text (red.). ROZHOVOR SO SILVIOU VAN ESPEN: Text Petra Feriancov\u00e1. \u017dENA, RUS\u00cdNKA, HUS\u00c1KOVO DIE\u0164A: Text Mira Keratov\u00e1. YARMAT = NA ZDRAVIE: Text Dagmar Bedn\u00e1rikov\u00e1.<\/p>\n","protected":false},"featured_media":44126,"comment_status":"closed","ping_status":"closed","template":"","meta":{"_acf_changed":false,"inline_featured_image":false},"product_brand":[],"product_cat":[29,327],"product_tag":[],"class_list":{"0":"post-44125","1":"product","2":"type-product","3":"status-publish","4":"has-post-thumbnail","6":"product_cat-casopisy","7":"product_cat-tituly-inych-vydavatelstiev-casopisy","9":"first","10":"outofstock","11":"shipping-taxable","12":"purchasable","13":"product-type-simple"},"acf":[],"_links":{"self":[{"href":"https:\/\/sfu.sk\/en\/wp-json\/wp\/v2\/product\/44125","targetHints":{"allow":["GET"]}}],"collection":[{"href":"https:\/\/sfu.sk\/en\/wp-json\/wp\/v2\/product"}],"about":[{"href":"https:\/\/sfu.sk\/en\/wp-json\/wp\/v2\/types\/product"}],"replies":[{"embeddable":true,"href":"https:\/\/sfu.sk\/en\/wp-json\/wp\/v2\/comments?post=44125"}],"wp:featuredmedia":[{"embeddable":true,"href":"https:\/\/sfu.sk\/en\/wp-json\/wp\/v2\/media\/44126"}],"wp:attachment":[{"href":"https:\/\/sfu.sk\/en\/wp-json\/wp\/v2\/media?parent=44125"}],"wp:term":[{"taxonomy":"product_brand","embeddable":true,"href":"https:\/\/sfu.sk\/en\/wp-json\/wp\/v2\/product_brand?post=44125"},{"taxonomy":"product_cat","embeddable":true,"href":"https:\/\/sfu.sk\/en\/wp-json\/wp\/v2\/product_cat?post=44125"},{"taxonomy":"product_tag","embeddable":true,"href":"https:\/\/sfu.sk\/en\/wp-json\/wp\/v2\/product_tag?post=44125"}],"curies":[{"name":"wp","href":"https:\/\/api.w.org\/{rel}","templated":true}]}}