{"id":44128,"date":"2024-09-26T16:03:36","date_gmt":"2024-09-26T14:03:36","guid":{"rendered":"https:\/\/sfu.sk\/?post_type=product&#038;p=44128"},"modified":"2024-09-26T16:03:37","modified_gmt":"2024-09-26T14:03:37","slug":"vlna-c-98","status":"publish","type":"product","link":"https:\/\/sfu.sk\/en\/eshop\/vlna-c-98\/","title":{"rendered":"Vlna \u010d. 98"},"content":{"rendered":"<p>EDITORI\u00c1L O PO\u010cAS\u00cd: Text Petra Feriancov\u00e1, KOMIKS: L\u00edvia Such\u00e1, NESMRTE\u013dN\u00c9 ZVIERAT\u00c1. PRIESTOR ABNORM\u00c1LNE NEZVY\u010cAJNE DLH\u00ddCH \u017dIVOTOV ZVIERAT: Text Juraj Rattaj. ROZT\u00c1PAJ\u00daCA SA DU\u0160A JEDNEJ UMELKYNE: Preklad M\u00e1ria Modrovich. M U R M U R: Text Martin Ko\u010di\u0161. LINGUA FRANCA: Text Tiago de Abreu Pinto. SKICA NA OKRAJ METEOROL\u00d3GIE: Text Peter Macsovszky. PO\u013dN\u00c1 TR\u00c1VA: Text Martin Furmanik. AKO SPIA HOLUBY?: Text Oksana Sadovenko. B\u00c1SNE: Text Du\u0161an \u0160utar\u00edk.<\/p>\n","protected":false},"excerpt":{"rendered":"<p>EDITORI\u00c1L O PO\u010cAS\u00cd: Text Petra Feriancov\u00e1, KOMIKS: L\u00edvia Such\u00e1, NESMRTE\u013dN\u00c9 ZVIERAT\u00c1. PRIESTOR ABNORM\u00c1LNE NEZVY\u010cAJNE DLH\u00ddCH \u017dIVOTOV ZVIERAT: Text Juraj Rattaj. ROZT\u00c1PAJ\u00daCA SA DU\u0160A JEDNEJ UMELKYNE: Preklad M\u00e1ria Modrovich. M U R M U R: Text Martin Ko\u010di\u0161. LINGUA FRANCA: Text Tiago de Abreu Pinto. SKICA NA OKRAJ METEOROL\u00d3GIE: Text Peter Macsovszky. PO\u013dN\u00c1 TR\u00c1VA: Text Martin [&hellip;]<\/p>\n","protected":false},"featured_media":44129,"comment_status":"closed","ping_status":"closed","template":"","meta":{"_acf_changed":false,"inline_featured_image":false},"product_brand":[],"product_cat":[29,327],"product_tag":[],"class_list":{"0":"post-44128","1":"product","2":"type-product","3":"status-publish","4":"has-post-thumbnail","6":"product_cat-casopisy","7":"product_cat-tituly-inych-vydavatelstiev-casopisy","9":"first","10":"outofstock","11":"shipping-taxable","12":"purchasable","13":"product-type-simple"},"acf":[],"_links":{"self":[{"href":"https:\/\/sfu.sk\/en\/wp-json\/wp\/v2\/product\/44128","targetHints":{"allow":["GET"]}}],"collection":[{"href":"https:\/\/sfu.sk\/en\/wp-json\/wp\/v2\/product"}],"about":[{"href":"https:\/\/sfu.sk\/en\/wp-json\/wp\/v2\/types\/product"}],"replies":[{"embeddable":true,"href":"https:\/\/sfu.sk\/en\/wp-json\/wp\/v2\/comments?post=44128"}],"wp:featuredmedia":[{"embeddable":true,"href":"https:\/\/sfu.sk\/en\/wp-json\/wp\/v2\/media\/44129"}],"wp:attachment":[{"href":"https:\/\/sfu.sk\/en\/wp-json\/wp\/v2\/media?parent=44128"}],"wp:term":[{"taxonomy":"product_brand","embeddable":true,"href":"https:\/\/sfu.sk\/en\/wp-json\/wp\/v2\/product_brand?post=44128"},{"taxonomy":"product_cat","embeddable":true,"href":"https:\/\/sfu.sk\/en\/wp-json\/wp\/v2\/product_cat?post=44128"},{"taxonomy":"product_tag","embeddable":true,"href":"https:\/\/sfu.sk\/en\/wp-json\/wp\/v2\/product_tag?post=44128"}],"curies":[{"name":"wp","href":"https:\/\/api.w.org\/{rel}","templated":true}]}}