{"id":44142,"date":"2024-09-27T10:45:50","date_gmt":"2024-09-27T08:45:50","guid":{"rendered":"https:\/\/sfu.sk\/?post_type=product&#038;p=44142"},"modified":"2024-09-27T10:45:51","modified_gmt":"2024-09-27T08:45:51","slug":"vlna-c-99","status":"publish","type":"product","link":"https:\/\/sfu.sk\/en\/eshop\/vlna-c-99\/","title":{"rendered":"Vlna \u010d. 99"},"content":{"rendered":"<p>(DEZ)INFORM\u00c1CIA: Text Peter \u0160ulej. V\u0160ADE SAM\u00cd CUDZINCI: Text Petra Fornayov\u00e1 \/ Peter \u0160ulej. JAZYKY \u00daNIKU: Text Marek Debn\u00e1r. SOUTH OUT?: Text Petra Fornayov\u00e1. SMOLN\u00cdK \/ 66 HOD\u00cdN: Text Peter \u0160ulej. REFLECTING ACTION, SHAPING SELF: Text Anne Avramut, preklad M\u00e1ria Modrovich. JANOVSK\u00c9 DO\u0160IROKA OTVOREN\u00c9 SLOV\u00c1: Text M\u00e1ria Modrovich \/ Peter \u0160ulej. RAJ SOMAR\u00cdN: Text Peter Macsovszky. \u00daTOK: Text Peter \u0160ulej. OB\u010cERSTVENIE: Text Michal Bal\u00e1\u017e. TROCHU VZRU\u0160UJ\u00daCEJ TEMNOTY DO SLNE\u010cN\u00ddCH DN\u00cd\u2026 \u013dAHK\u00c1 M\u00daZA 40: Text \u013dubom\u00edr Pavelka. PODIVN\u00dd PR\u00cdPAD STV\u00c1R\u0147OVANIA PR\u00cdTOMN\u00c9HO OKAMIHU: Text Marian Zervan \/ Monika Mita\u0161ov\u00e1. BETH GIBBSON: LIVES OUTGROWN: Text Sam Toniba. MARK KNOPFLER: ONE DEEP RIVER: Text Billy Budd. DANIEL KORD\u00cdK: SATIS<br \/>\nText \u013dubom\u00edr Pavelka.<\/p>\n","protected":false},"excerpt":{"rendered":"<p>(DEZ)INFORM\u00c1CIA: Text Peter \u0160ulej. V\u0160ADE SAM\u00cd CUDZINCI: Text Petra Fornayov\u00e1 \/ Peter \u0160ulej. JAZYKY \u00daNIKU: Text Marek Debn\u00e1r. SOUTH OUT?: Text Petra Fornayov\u00e1. SMOLN\u00cdK \/ 66 HOD\u00cdN: Text Peter \u0160ulej. REFLECTING ACTION, SHAPING SELF: Text Anne Avramut, preklad M\u00e1ria Modrovich. JANOVSK\u00c9 DO\u0160IROKA OTVOREN\u00c9 SLOV\u00c1: Text M\u00e1ria Modrovich \/ Peter \u0160ulej. RAJ SOMAR\u00cdN: Text Peter Macsovszky. [&hellip;]<\/p>\n","protected":false},"featured_media":44143,"comment_status":"closed","ping_status":"closed","template":"","meta":{"_acf_changed":false,"inline_featured_image":false},"product_brand":[],"product_cat":[29,327],"product_tag":[],"class_list":{"0":"post-44142","1":"product","2":"type-product","3":"status-publish","4":"has-post-thumbnail","6":"product_cat-casopisy","7":"product_cat-tituly-inych-vydavatelstiev-casopisy","9":"first","10":"instock","11":"shipping-taxable","12":"purchasable","13":"product-type-simple"},"acf":[],"_links":{"self":[{"href":"https:\/\/sfu.sk\/en\/wp-json\/wp\/v2\/product\/44142","targetHints":{"allow":["GET"]}}],"collection":[{"href":"https:\/\/sfu.sk\/en\/wp-json\/wp\/v2\/product"}],"about":[{"href":"https:\/\/sfu.sk\/en\/wp-json\/wp\/v2\/types\/product"}],"replies":[{"embeddable":true,"href":"https:\/\/sfu.sk\/en\/wp-json\/wp\/v2\/comments?post=44142"}],"wp:featuredmedia":[{"embeddable":true,"href":"https:\/\/sfu.sk\/en\/wp-json\/wp\/v2\/media\/44143"}],"wp:attachment":[{"href":"https:\/\/sfu.sk\/en\/wp-json\/wp\/v2\/media?parent=44142"}],"wp:term":[{"taxonomy":"product_brand","embeddable":true,"href":"https:\/\/sfu.sk\/en\/wp-json\/wp\/v2\/product_brand?post=44142"},{"taxonomy":"product_cat","embeddable":true,"href":"https:\/\/sfu.sk\/en\/wp-json\/wp\/v2\/product_cat?post=44142"},{"taxonomy":"product_tag","embeddable":true,"href":"https:\/\/sfu.sk\/en\/wp-json\/wp\/v2\/product_tag?post=44142"}],"curies":[{"name":"wp","href":"https:\/\/api.w.org\/{rel}","templated":true}]}}