{"id":44206,"date":"2024-10-07T10:07:09","date_gmt":"2024-10-07T08:07:09","guid":{"rendered":"https:\/\/sfu.sk\/?post_type=product&#038;p=44206"},"modified":"2026-01-05T02:06:48","modified_gmt":"2026-01-05T01:06:48","slug":"priroda-kultura-film","status":"publish","type":"product","link":"https:\/\/sfu.sk\/en\/eshop\/priroda-kultura-film\/","title":{"rendered":"Pr\u00edroda, kult\u00fara, film"},"content":{"rendered":"<p>Zborn\u00edk <em>Pr\u00edroda, kult\u00fara, film<\/em> tvor\u00ed s\u00fabor pr\u00edspevkov z 21. ro\u010dn\u00edka v\u00fdro\u010dnej \u010desko-slovenskej filmologickej konferencie, ktor\u00e1 sa uskuto\u010dnila v\u00a0d\u0148och 12. a\u017e 15. okt\u00f3bra 2023 v\u00a0Krp\u00e1\u010dove. Hlavn\u00e1 t\u00e9ma konferencie sa dot\u00fdkala spojenia pr\u00edrody, kult\u00fary a \u0161irok\u00e9ho spektra ich filmov\u00fdch reprezent\u00e1ci\u00ed. Film ako kult\u00farne m\u00e9dium od svojich za\u010diatkov reflektoval v pohybe obrazu najr\u00f4znej\u0161ie pr\u00edrodn\u00e9 fenom\u00e9ny, pok\u00fa\u0161al sa pribli\u017eova\u0165 neviden\u00e9 deje, zachyt\u00e1va\u0165 objavovanie pr\u00edrody a\u00a0kult\u00fary, dokumentova\u0165 historick\u00e9 a vedeck\u00e9 v\u00fdskumy. Na strane druhej film od za\u010diatku fascinoval jednou zo svojich najmocnej\u0161\u00edch schopnost\u00ed \u2013 animizmom. Ako p\u00ed\u0161e Jean Epstein, na pl\u00e1tne u\u017e niet m\u0155tvej pr\u00edrody, o\u017eiven\u00e1\u00a0otv\u00e1ra \u013eudsk\u00e9 vn\u00edmanie. Zborn\u00edk obsahuje pr\u00edspevky 20 autorov \u2013 renomovan\u00fdch filmol\u00f3gov, umenovedcov, filozofov, estetikov z centier humanitn\u00fdch vied v\u00a0\u010cech\u00e1ch i na Slovensku.<\/p>\n","protected":false},"excerpt":{"rendered":"<p>Zborn\u00edk Pr\u00edroda, kult\u00fara, film tvor\u00ed s\u00fabor pr\u00edspevkov z 21. ro\u010dn\u00edka v\u00fdro\u010dnej \u010desko-slovenskej filmologickej konferencie, ktor\u00e1 sa uskuto\u010dnila v\u00a0d\u0148och 12. a\u017e 15. okt\u00f3bra 2023 v\u00a0Krp\u00e1\u010dove. Hlavn\u00e1 t\u00e9ma konferencie sa dot\u00fdkala spojenia pr\u00edrody, kult\u00fary a \u0161irok\u00e9ho spektra ich filmov\u00fdch reprezent\u00e1ci\u00ed. Film ako kult\u00farne m\u00e9dium od svojich za\u010diatkov reflektoval v pohybe obrazu najr\u00f4znej\u0161ie pr\u00edrodn\u00e9 fenom\u00e9ny, pok\u00fa\u0161al sa pribli\u017eova\u0165 [&hellip;]<\/p>\n","protected":false},"featured_media":44208,"comment_status":"closed","ping_status":"closed","template":"","meta":{"_acf_changed":false,"inline_featured_image":false},"product_brand":[],"product_cat":[28,324],"product_tag":[],"class_list":{"0":"post-44206","1":"product","2":"type-product","3":"status-publish","4":"has-post-thumbnail","6":"product_cat-knihy","7":"product_cat-tituly-sfu-knihy","9":"first","10":"instock","11":"shipping-taxable","12":"purchasable","13":"product-type-simple"},"acf":[],"_links":{"self":[{"href":"https:\/\/sfu.sk\/en\/wp-json\/wp\/v2\/product\/44206","targetHints":{"allow":["GET"]}}],"collection":[{"href":"https:\/\/sfu.sk\/en\/wp-json\/wp\/v2\/product"}],"about":[{"href":"https:\/\/sfu.sk\/en\/wp-json\/wp\/v2\/types\/product"}],"replies":[{"embeddable":true,"href":"https:\/\/sfu.sk\/en\/wp-json\/wp\/v2\/comments?post=44206"}],"wp:featuredmedia":[{"embeddable":true,"href":"https:\/\/sfu.sk\/en\/wp-json\/wp\/v2\/media\/44208"}],"wp:attachment":[{"href":"https:\/\/sfu.sk\/en\/wp-json\/wp\/v2\/media?parent=44206"}],"wp:term":[{"taxonomy":"product_brand","embeddable":true,"href":"https:\/\/sfu.sk\/en\/wp-json\/wp\/v2\/product_brand?post=44206"},{"taxonomy":"product_cat","embeddable":true,"href":"https:\/\/sfu.sk\/en\/wp-json\/wp\/v2\/product_cat?post=44206"},{"taxonomy":"product_tag","embeddable":true,"href":"https:\/\/sfu.sk\/en\/wp-json\/wp\/v2\/product_tag?post=44206"}],"curies":[{"name":"wp","href":"https:\/\/api.w.org\/{rel}","templated":true}]}}