{"id":44236,"date":"2024-10-10T13:27:36","date_gmt":"2024-10-10T11:27:36","guid":{"rendered":"https:\/\/sfu.sk\/?post_type=product&#038;p=44236"},"modified":"2026-01-05T02:05:43","modified_gmt":"2026-01-05T01:05:43","slug":"2-x-blu-ray-alain-robbe-grillet-knizna-publikacia-alain-robbe-grillet-film-a-jeho-dvojnik","status":"publish","type":"product","link":"https:\/\/sfu.sk\/en\/eshop\/2-x-blu-ray-alain-robbe-grillet-knizna-publikacia-alain-robbe-grillet-film-a-jeho-dvojnik\/","title":{"rendered":"2 x blu-ray Alain Robbe Grillet + Kni\u017en\u00e1 publik\u00e1cia Alain Robbe Grillet. Film a jeho dvojn\u00edk"},"content":{"rendered":"<p><strong>Mu\u017e, ktor\u00fd lu\u017ee \/ The Man Who Lies (1968)<\/strong><\/p>\n<p>Film o konfront\u00e1cii pravdy a klamu, skuto\u010dnosti a predstierania, slova a obrazu. Jeho hrdinom je cudzinec, ktor\u00fd zav\u00edta do mal\u00e9ho slovensk\u00e9ho mesta. Podmaniv\u00fdmi historkami o hrdinovi miestneho odboja st\u00e1le viac mystifikuje jeho obyvate\u013eov a z\u00edskava si priaze\u0148 hne\u010f nieko\u013ek\u00fdch mlad\u00fdch \u017eien.<\/p>\n<p><strong>Eden a Potom&#8230; \/ Eden and After (1970)<\/strong><\/p>\n<p>V kaviarni zvanej Eden sa sch\u00e1dza skupinka znuden\u00fdch \u0161tudentov. Jedn\u00e9ho ve\u010dera do nej zav\u00edta nezn\u00e1my cudzinec a zl\u00e1ka ich na neobvykl\u00fa hru. Predt\u00fdm, ako ich odvedie do \u010falekej exotickej krajiny, im pod\u00e1 psychotropn\u00fa l\u00e1tku, v d\u00f4sledku \u010doho sa u nich za\u010dn\u00fa stiera\u0165 hranice medzi predstavami a skuto\u010dnos\u0165ou.<\/p>\n","protected":false},"excerpt":{"rendered":"<p>Mu\u017e, ktor\u00fd lu\u017ee \/ The Man Who Lies (1968) Film o konfront\u00e1cii pravdy a klamu, skuto\u010dnosti a predstierania, slova a obrazu. Jeho hrdinom je cudzinec, ktor\u00fd zav\u00edta do mal\u00e9ho slovensk\u00e9ho mesta. Podmaniv\u00fdmi historkami o hrdinovi miestneho odboja st\u00e1le viac mystifikuje jeho obyvate\u013eov a z\u00edskava si priaze\u0148 hne\u010f nieko\u013ek\u00fdch mlad\u00fdch \u017eien. Eden a Potom&#8230; \/ Eden [&hellip;]<\/p>\n","protected":false},"featured_media":44237,"comment_status":"closed","ping_status":"closed","template":"","meta":{"_acf_changed":false,"inline_featured_image":false},"product_brand":[],"product_cat":[31,330],"product_tag":[],"class_list":{"0":"post-44236","1":"product","2":"type-product","3":"status-publish","4":"has-post-thumbnail","6":"product_cat-blu-ray","7":"product_cat-tituly-sfu-blu-ray","9":"first","10":"instock","11":"shipping-taxable","12":"purchasable","13":"product-type-simple"},"acf":[],"_links":{"self":[{"href":"https:\/\/sfu.sk\/en\/wp-json\/wp\/v2\/product\/44236","targetHints":{"allow":["GET"]}}],"collection":[{"href":"https:\/\/sfu.sk\/en\/wp-json\/wp\/v2\/product"}],"about":[{"href":"https:\/\/sfu.sk\/en\/wp-json\/wp\/v2\/types\/product"}],"replies":[{"embeddable":true,"href":"https:\/\/sfu.sk\/en\/wp-json\/wp\/v2\/comments?post=44236"}],"wp:featuredmedia":[{"embeddable":true,"href":"https:\/\/sfu.sk\/en\/wp-json\/wp\/v2\/media\/44237"}],"wp:attachment":[{"href":"https:\/\/sfu.sk\/en\/wp-json\/wp\/v2\/media?parent=44236"}],"wp:term":[{"taxonomy":"product_brand","embeddable":true,"href":"https:\/\/sfu.sk\/en\/wp-json\/wp\/v2\/product_brand?post=44236"},{"taxonomy":"product_cat","embeddable":true,"href":"https:\/\/sfu.sk\/en\/wp-json\/wp\/v2\/product_cat?post=44236"},{"taxonomy":"product_tag","embeddable":true,"href":"https:\/\/sfu.sk\/en\/wp-json\/wp\/v2\/product_tag?post=44236"}],"curies":[{"name":"wp","href":"https:\/\/api.w.org\/{rel}","templated":true}]}}