{"id":44340,"date":"2024-10-18T13:56:55","date_gmt":"2024-10-18T11:56:55","guid":{"rendered":"https:\/\/sfu.sk\/?post_type=product&#038;p=44340"},"modified":"2026-01-05T02:06:36","modified_gmt":"2026-01-05T01:06:36","slug":"eva-krizikova","status":"publish","type":"product","link":"https:\/\/sfu.sk\/en\/eshop\/eva-krizikova\/","title":{"rendered":"Eva Kr\u00ed\u017eikov\u00e1"},"content":{"rendered":"<p>Eva Kr\u00ed\u017eikov\u00e1 (1934 \u2013 2020) patr\u00ed bezpochyby k\u00a0najv\u00fdraznej\u0161\u00edm zjavom slovensk\u00e9ho herectva s\u00a0\u0161irok\u00fdm z\u00e1berom, od divadla, cez film, rozhlas i\u00a0telev\u00edzie a\u00a0jej najr\u00f4znej\u0161ie z\u00e1bavn\u00e9 form\u00e1ty. U\u017e na za\u010diatku kari\u00e9ry na seba pouk\u00e1zala ako na interpretku s\u00a0ojedinel\u00fdm komedi\u00e1lnym talentom, a\u00a0tak sa spo\u010diatku stala predov\u0161etk\u00fdm predstavite\u013ekou excentrick\u00fdch malomestsk\u00fdch kokiet \u010di temperamentn\u00fdch vidie\u010daniek. Postupom rokov v\u00a0nej re\u017eis\u00e9ri na sc\u00e9ne, pred kamerou aj za mikrof\u00f3nom objavili aj v\u00fdnimo\u010dn\u00fa predstavite\u013eku v\u00fdsostne dramatick\u00fdch osudov a\u00a0Kr\u00ed\u017eikov\u00e1 sa prirodzene prehrala od rol\u00ed \u013eudovej \u017eivelnosti k\u00a0ve\u013ek\u00fdm tragick\u00fdm \u00faloh\u00e1m klasick\u00e9ho reperto\u00e1ru, ale aj k\u00a0postav\u00e1m z\u00a0p\u00f4vodnej dr\u00e1my here\u010dkou modelovan\u00fdmi cez autentick\u00fd v\u00fdraz \u017eeny s\u00fa\u010dasn\u00ed\u010dky. Na pozad\u00ed umeleckej kari\u00e9ry Evy Kr\u00ed\u017eikovej tak mo\u017eno mapova\u0165 v\u00fdvoj aj\u00a0emancip\u00e1ciu slovensk\u00e9ho divadla, filmu, telev\u00edzie i\u00a0rozhlasu od \u00favodu p\u00e4\u0165desiatych rokov minul\u00e9ho storo\u010dia a\u017e po prv\u00e9 desa\u0165ro\u010die nov\u00e9ho mil\u00e9nia. Kolekt\u00edvna monografia autorov Karola Mi\u0161ovica, Ren\u00e1ty Lok\u0161ovej a\u00a0Jany Dudkovej pribli\u017euje jednak \u0161pecifik\u00e1 Kr\u00ed\u017eikovej hereckej osobnosti a osobitosti, ale z\u00e1rove\u0148 cez jej kari\u00e9ru pod\u00e1va plastick\u00e9 svedectvo o gen\u00e9ze slovensk\u00e9ho dramatick\u00e9ho umenia.<\/p>\n","protected":false},"excerpt":{"rendered":"<p>Eva Kr\u00ed\u017eikov\u00e1 (1934 \u2013 2020) patr\u00ed bezpochyby k\u00a0najv\u00fdraznej\u0161\u00edm zjavom slovensk\u00e9ho herectva s\u00a0\u0161irok\u00fdm z\u00e1berom, od divadla, cez film, rozhlas i\u00a0telev\u00edzie a\u00a0jej najr\u00f4znej\u0161ie z\u00e1bavn\u00e9 form\u00e1ty. U\u017e na za\u010diatku kari\u00e9ry na seba pouk\u00e1zala ako na interpretku s\u00a0ojedinel\u00fdm komedi\u00e1lnym talentom, a\u00a0tak sa spo\u010diatku stala predov\u0161etk\u00fdm predstavite\u013ekou excentrick\u00fdch malomestsk\u00fdch kokiet \u010di temperamentn\u00fdch vidie\u010daniek. Postupom rokov v\u00a0nej re\u017eis\u00e9ri na sc\u00e9ne, pred [&hellip;]<\/p>\n","protected":false},"featured_media":44341,"comment_status":"closed","ping_status":"closed","template":"","meta":{"_acf_changed":false,"inline_featured_image":false},"product_brand":[],"product_cat":[325,28,324],"product_tag":[],"class_list":{"0":"post-44340","1":"product","2":"type-product","3":"status-publish","4":"has-post-thumbnail","6":"product_cat-edicia-camera-obscura","7":"product_cat-knihy","8":"product_cat-tituly-sfu-knihy","10":"first","11":"instock","12":"featured","13":"shipping-taxable","14":"purchasable","15":"product-type-simple"},"acf":[],"_links":{"self":[{"href":"https:\/\/sfu.sk\/en\/wp-json\/wp\/v2\/product\/44340","targetHints":{"allow":["GET"]}}],"collection":[{"href":"https:\/\/sfu.sk\/en\/wp-json\/wp\/v2\/product"}],"about":[{"href":"https:\/\/sfu.sk\/en\/wp-json\/wp\/v2\/types\/product"}],"replies":[{"embeddable":true,"href":"https:\/\/sfu.sk\/en\/wp-json\/wp\/v2\/comments?post=44340"}],"wp:featuredmedia":[{"embeddable":true,"href":"https:\/\/sfu.sk\/en\/wp-json\/wp\/v2\/media\/44341"}],"wp:attachment":[{"href":"https:\/\/sfu.sk\/en\/wp-json\/wp\/v2\/media?parent=44340"}],"wp:term":[{"taxonomy":"product_brand","embeddable":true,"href":"https:\/\/sfu.sk\/en\/wp-json\/wp\/v2\/product_brand?post=44340"},{"taxonomy":"product_cat","embeddable":true,"href":"https:\/\/sfu.sk\/en\/wp-json\/wp\/v2\/product_cat?post=44340"},{"taxonomy":"product_tag","embeddable":true,"href":"https:\/\/sfu.sk\/en\/wp-json\/wp\/v2\/product_tag?post=44340"}],"curies":[{"name":"wp","href":"https:\/\/api.w.org\/{rel}","templated":true}]}}