{"id":44477,"date":"2024-10-29T09:57:31","date_gmt":"2024-10-29T08:57:31","guid":{"rendered":"https:\/\/sfu.sk\/?post_type=product&#038;p=44477"},"modified":"2025-01-15T10:23:22","modified_gmt":"2025-01-15T09:23:22","slug":"5-scenarov","status":"publish","type":"product","link":"https:\/\/sfu.sk\/en\/eshop\/5-scenarov\/","title":{"rendered":"5 scen\u00e1rov"},"content":{"rendered":"<p>Kni\u017en\u00e9 s\u00faborn\u00e9 vydanie 5 scen\u00e1rov \u00faspe\u0161n\u00fdch slovensk\u00fdch filmov Ondreja \u0160ulaja \u2013 Neha, V\u0161etko \u010do m\u00e1m r\u00e1d, Z\u00e1hrada, Orbis pictus, Krajinka.<\/p>\n","protected":false},"excerpt":{"rendered":"<p>Kni\u017en\u00e9 s\u00faborn\u00e9 vydanie 5 scen\u00e1rov \u00faspe\u0161n\u00fdch slovensk\u00fdch filmov Ondreja \u0160ulaja \u2013 Neha, V\u0161etko \u010do m\u00e1m r\u00e1d, Z\u00e1hrada, Orbis pictus, Krajinka.<\/p>\n","protected":false},"featured_media":44478,"comment_status":"closed","ping_status":"closed","template":"","meta":{"_acf_changed":false,"inline_featured_image":false},"product_brand":[],"product_cat":[28,324],"product_tag":[],"class_list":{"0":"post-44477","1":"product","2":"type-product","3":"status-publish","4":"has-post-thumbnail","6":"product_cat-knihy","7":"product_cat-tituly-sfu-knihy","9":"first","10":"outofstock","11":"shipping-taxable","12":"purchasable","13":"product-type-simple"},"acf":[],"_links":{"self":[{"href":"https:\/\/sfu.sk\/en\/wp-json\/wp\/v2\/product\/44477","targetHints":{"allow":["GET"]}}],"collection":[{"href":"https:\/\/sfu.sk\/en\/wp-json\/wp\/v2\/product"}],"about":[{"href":"https:\/\/sfu.sk\/en\/wp-json\/wp\/v2\/types\/product"}],"replies":[{"embeddable":true,"href":"https:\/\/sfu.sk\/en\/wp-json\/wp\/v2\/comments?post=44477"}],"wp:featuredmedia":[{"embeddable":true,"href":"https:\/\/sfu.sk\/en\/wp-json\/wp\/v2\/media\/44478"}],"wp:attachment":[{"href":"https:\/\/sfu.sk\/en\/wp-json\/wp\/v2\/media?parent=44477"}],"wp:term":[{"taxonomy":"product_brand","embeddable":true,"href":"https:\/\/sfu.sk\/en\/wp-json\/wp\/v2\/product_brand?post=44477"},{"taxonomy":"product_cat","embeddable":true,"href":"https:\/\/sfu.sk\/en\/wp-json\/wp\/v2\/product_cat?post=44477"},{"taxonomy":"product_tag","embeddable":true,"href":"https:\/\/sfu.sk\/en\/wp-json\/wp\/v2\/product_tag?post=44477"}],"curies":[{"name":"wp","href":"https:\/\/api.w.org\/{rel}","templated":true}]}}