{"id":44481,"date":"2024-10-29T10:06:15","date_gmt":"2024-10-29T09:06:15","guid":{"rendered":"https:\/\/sfu.sk\/?post_type=product&#038;p=44481"},"modified":"2026-01-05T02:06:34","modified_gmt":"2026-01-05T01:06:34","slug":"bela-balazs-chvala-filmoveho-umenia-dvd-drak-sa-vracia","status":"publish","type":"product","link":"https:\/\/sfu.sk\/en\/eshop\/bela-balazs-chvala-filmoveho-umenia-dvd-drak-sa-vracia\/","title":{"rendered":"B\u00e9la Bal\u00e1zs \u2013 Chv\u00e1la filmov\u00e9ho umenia + DVD Drak sa vracia"},"content":{"rendered":"<p>Zborn\u00edk B\u00e9la Bal\u00e1zs \u2013 chv\u00e1la filmov\u00e9ho umenia tvor\u00ed s\u00fabor pr\u00edspevkov z 12. ro\u010dn\u00edka \u010desko-slovenskej filmologickej konferencie, ktor\u00e1 sa uskuto\u010dnila v d\u0148och 22. \u2013 25. okt\u00f3bra 2009 v Levo\u010di. Hlavnou t\u00e9mou pravideln\u00e9ho v\u00fdro\u010dn\u00e9ho stretnutia \u010desk\u00fdch a slovensk\u00fdch filmov\u00fdch historikov a teoretikov sa stalo dielo filmov\u00e9ho tvorcu a z\u00e1rove\u0148 priekopn\u00edka filmovej te\u00f3rie prvej polovice 20. storo\u010dia B\u00e9lu Bal\u00e1zsa (1884\u20131949).<\/p>\n","protected":false},"excerpt":{"rendered":"<p>Zborn\u00edk B\u00e9la Bal\u00e1zs \u2013 chv\u00e1la filmov\u00e9ho umenia tvor\u00ed s\u00fabor pr\u00edspevkov z 12. ro\u010dn\u00edka \u010desko-slovenskej filmologickej konferencie, ktor\u00e1 sa uskuto\u010dnila v d\u0148och 22. \u2013 25. okt\u00f3bra 2009 v Levo\u010di. Hlavnou t\u00e9mou pravideln\u00e9ho v\u00fdro\u010dn\u00e9ho stretnutia \u010desk\u00fdch a slovensk\u00fdch filmov\u00fdch historikov a teoretikov sa stalo dielo filmov\u00e9ho tvorcu a z\u00e1rove\u0148 priekopn\u00edka filmovej te\u00f3rie prvej polovice 20. storo\u010dia B\u00e9lu [&hellip;]<\/p>\n","protected":false},"featured_media":44482,"comment_status":"closed","ping_status":"closed","template":"","meta":{"_acf_changed":false,"inline_featured_image":false},"product_brand":[],"product_cat":[28,324],"product_tag":[],"class_list":{"0":"post-44481","1":"product","2":"type-product","3":"status-publish","4":"has-post-thumbnail","6":"product_cat-knihy","7":"product_cat-tituly-sfu-knihy","9":"first","10":"instock","11":"shipping-taxable","12":"purchasable","13":"product-type-simple"},"acf":[],"_links":{"self":[{"href":"https:\/\/sfu.sk\/en\/wp-json\/wp\/v2\/product\/44481","targetHints":{"allow":["GET"]}}],"collection":[{"href":"https:\/\/sfu.sk\/en\/wp-json\/wp\/v2\/product"}],"about":[{"href":"https:\/\/sfu.sk\/en\/wp-json\/wp\/v2\/types\/product"}],"replies":[{"embeddable":true,"href":"https:\/\/sfu.sk\/en\/wp-json\/wp\/v2\/comments?post=44481"}],"wp:featuredmedia":[{"embeddable":true,"href":"https:\/\/sfu.sk\/en\/wp-json\/wp\/v2\/media\/44482"}],"wp:attachment":[{"href":"https:\/\/sfu.sk\/en\/wp-json\/wp\/v2\/media?parent=44481"}],"wp:term":[{"taxonomy":"product_brand","embeddable":true,"href":"https:\/\/sfu.sk\/en\/wp-json\/wp\/v2\/product_brand?post=44481"},{"taxonomy":"product_cat","embeddable":true,"href":"https:\/\/sfu.sk\/en\/wp-json\/wp\/v2\/product_cat?post=44481"},{"taxonomy":"product_tag","embeddable":true,"href":"https:\/\/sfu.sk\/en\/wp-json\/wp\/v2\/product_tag?post=44481"}],"curies":[{"name":"wp","href":"https:\/\/api.w.org\/{rel}","templated":true}]}}