{"id":44484,"date":"2024-10-29T10:10:19","date_gmt":"2024-10-29T09:10:19","guid":{"rendered":"https:\/\/sfu.sk\/?post_type=product&#038;p=44484"},"modified":"2025-06-06T09:36:43","modified_gmt":"2025-06-06T07:36:43","slug":"clovek-odinakial-ivan-mistrik","status":"publish","type":"product","link":"https:\/\/sfu.sk\/en\/eshop\/clovek-odinakial-ivan-mistrik\/","title":{"rendered":"\u010clovek odinakia\u013e &#8211; Ivan Mistr\u00edk"},"content":{"rendered":"<p>Monografia slovensk\u00e9ho divadeln\u00e9ho a filmov\u00e9ho herca Ivana Mistr\u00edka. Doplnen\u00e9 fotografiami, s\u00fapisom post\u00e1v na slovensk\u00fdch profesion\u00e1lnych javisk\u00e1ch a filmografiou.<\/p>\n","protected":false},"excerpt":{"rendered":"<p>Monografia slovensk\u00e9ho divadeln\u00e9ho a filmov\u00e9ho herca Ivana Mistr\u00edka. Doplnen\u00e9 fotografiami, s\u00fapisom post\u00e1v na slovensk\u00fdch profesion\u00e1lnych javisk\u00e1ch a filmografiou.<\/p>\n","protected":false},"featured_media":44485,"comment_status":"closed","ping_status":"closed","template":"","meta":{"_acf_changed":false,"inline_featured_image":false},"product_brand":[],"product_cat":[28,324],"product_tag":[],"class_list":{"0":"post-44484","1":"product","2":"type-product","3":"status-publish","4":"has-post-thumbnail","6":"product_cat-knihy","7":"product_cat-tituly-sfu-knihy","9":"first","10":"outofstock","11":"shipping-taxable","12":"purchasable","13":"product-type-simple"},"acf":[],"_links":{"self":[{"href":"https:\/\/sfu.sk\/en\/wp-json\/wp\/v2\/product\/44484","targetHints":{"allow":["GET"]}}],"collection":[{"href":"https:\/\/sfu.sk\/en\/wp-json\/wp\/v2\/product"}],"about":[{"href":"https:\/\/sfu.sk\/en\/wp-json\/wp\/v2\/types\/product"}],"replies":[{"embeddable":true,"href":"https:\/\/sfu.sk\/en\/wp-json\/wp\/v2\/comments?post=44484"}],"wp:featuredmedia":[{"embeddable":true,"href":"https:\/\/sfu.sk\/en\/wp-json\/wp\/v2\/media\/44485"}],"wp:attachment":[{"href":"https:\/\/sfu.sk\/en\/wp-json\/wp\/v2\/media?parent=44484"}],"wp:term":[{"taxonomy":"product_brand","embeddable":true,"href":"https:\/\/sfu.sk\/en\/wp-json\/wp\/v2\/product_brand?post=44484"},{"taxonomy":"product_cat","embeddable":true,"href":"https:\/\/sfu.sk\/en\/wp-json\/wp\/v2\/product_cat?post=44484"},{"taxonomy":"product_tag","embeddable":true,"href":"https:\/\/sfu.sk\/en\/wp-json\/wp\/v2\/product_tag?post=44484"}],"curies":[{"name":"wp","href":"https:\/\/api.w.org\/{rel}","templated":true}]}}