{"id":44487,"date":"2024-10-29T10:15:50","date_gmt":"2024-10-29T09:15:50","guid":{"rendered":"https:\/\/sfu.sk\/?post_type=product&#038;p=44487"},"modified":"2025-01-13T11:11:29","modified_gmt":"2025-01-13T10:11:29","slug":"uklady-jazyka","status":"publish","type":"product","link":"https:\/\/sfu.sk\/en\/eshop\/uklady-jazyka\/","title":{"rendered":"\u00daklady jazyka"},"content":{"rendered":"<p>S\u00fabor jazykovokritick\u00fdch a prekladate\u013esk\u00fdch reflexi\u00ed sa zrodil v spolupr\u00e1ci s dvojt\u00fd\u017edenn\u00edkom Mosty a napokon na\u0161iel trval\u00fa p\u00f4du pod kr\u00eddlami mesa\u010dn\u00edka Romboid. Autor v publik\u00e1cii pon\u00faka iba prv\u00fa \u010das\u0165 \u00fakladov jazyka, ktor\u00e9 vy\u0161li v Romboide, no kompaktnej\u0161ie usporiadan\u00fa.<\/p>\n","protected":false},"excerpt":{"rendered":"<p>S\u00fabor jazykovokritick\u00fdch a prekladate\u013esk\u00fdch reflexi\u00ed sa zrodil v spolupr\u00e1ci s dvojt\u00fd\u017edenn\u00edkom Mosty a napokon na\u0161iel trval\u00fa p\u00f4du pod kr\u00eddlami mesa\u010dn\u00edka Romboid. Autor v publik\u00e1cii pon\u00faka iba prv\u00fa \u010das\u0165 \u00fakladov jazyka, ktor\u00e9 vy\u0161li v Romboide, no kompaktnej\u0161ie usporiadan\u00fa.<\/p>\n","protected":false},"featured_media":44488,"comment_status":"closed","ping_status":"closed","template":"","meta":{"_acf_changed":false,"inline_featured_image":false},"product_brand":[],"product_cat":[28,324],"product_tag":[],"class_list":{"0":"post-44487","1":"product","2":"type-product","3":"status-publish","4":"has-post-thumbnail","6":"product_cat-knihy","7":"product_cat-tituly-sfu-knihy","9":"first","10":"outofstock","11":"shipping-taxable","12":"purchasable","13":"product-type-simple"},"acf":[],"_links":{"self":[{"href":"https:\/\/sfu.sk\/en\/wp-json\/wp\/v2\/product\/44487","targetHints":{"allow":["GET"]}}],"collection":[{"href":"https:\/\/sfu.sk\/en\/wp-json\/wp\/v2\/product"}],"about":[{"href":"https:\/\/sfu.sk\/en\/wp-json\/wp\/v2\/types\/product"}],"replies":[{"embeddable":true,"href":"https:\/\/sfu.sk\/en\/wp-json\/wp\/v2\/comments?post=44487"}],"wp:featuredmedia":[{"embeddable":true,"href":"https:\/\/sfu.sk\/en\/wp-json\/wp\/v2\/media\/44488"}],"wp:attachment":[{"href":"https:\/\/sfu.sk\/en\/wp-json\/wp\/v2\/media?parent=44487"}],"wp:term":[{"taxonomy":"product_brand","embeddable":true,"href":"https:\/\/sfu.sk\/en\/wp-json\/wp\/v2\/product_brand?post=44487"},{"taxonomy":"product_cat","embeddable":true,"href":"https:\/\/sfu.sk\/en\/wp-json\/wp\/v2\/product_cat?post=44487"},{"taxonomy":"product_tag","embeddable":true,"href":"https:\/\/sfu.sk\/en\/wp-json\/wp\/v2\/product_tag?post=44487"}],"curies":[{"name":"wp","href":"https:\/\/api.w.org\/{rel}","templated":true}]}}