{"id":44500,"date":"2024-10-29T15:35:46","date_gmt":"2024-10-29T14:35:46","guid":{"rendered":"https:\/\/sfu.sk\/?post_type=product&#038;p=44500"},"modified":"2025-04-23T01:51:01","modified_gmt":"2025-04-22T23:51:01","slug":"film-iluzia-a-akcia","status":"publish","type":"product","link":"https:\/\/sfu.sk\/en\/eshop\/film-iluzia-a-akcia\/","title":{"rendered":"Film. Il\u00fazia a akcia"},"content":{"rendered":"<p>\u0160t\u00fadia obsahuje dve \u010dasti: Komer\u010dn\u00fd film pod vplyvom postmoderny a \u017d\u00e1nre komer\u010dn\u00e9ho filmu.<\/p>\n","protected":false},"excerpt":{"rendered":"<p>\u0160t\u00fadia obsahuje dve \u010dasti: Komer\u010dn\u00fd film pod vplyvom postmoderny a \u017d\u00e1nre komer\u010dn\u00e9ho filmu.<\/p>\n","protected":false},"featured_media":44501,"comment_status":"closed","ping_status":"closed","template":"","meta":{"_acf_changed":false,"inline_featured_image":false},"product_brand":[],"product_cat":[28,324],"product_tag":[],"class_list":{"0":"post-44500","1":"product","2":"type-product","3":"status-publish","4":"has-post-thumbnail","6":"product_cat-knihy","7":"product_cat-tituly-sfu-knihy","9":"first","10":"outofstock","11":"shipping-taxable","12":"purchasable","13":"product-type-simple"},"acf":[],"_links":{"self":[{"href":"https:\/\/sfu.sk\/en\/wp-json\/wp\/v2\/product\/44500","targetHints":{"allow":["GET"]}}],"collection":[{"href":"https:\/\/sfu.sk\/en\/wp-json\/wp\/v2\/product"}],"about":[{"href":"https:\/\/sfu.sk\/en\/wp-json\/wp\/v2\/types\/product"}],"replies":[{"embeddable":true,"href":"https:\/\/sfu.sk\/en\/wp-json\/wp\/v2\/comments?post=44500"}],"wp:featuredmedia":[{"embeddable":true,"href":"https:\/\/sfu.sk\/en\/wp-json\/wp\/v2\/media\/44501"}],"wp:attachment":[{"href":"https:\/\/sfu.sk\/en\/wp-json\/wp\/v2\/media?parent=44500"}],"wp:term":[{"taxonomy":"product_brand","embeddable":true,"href":"https:\/\/sfu.sk\/en\/wp-json\/wp\/v2\/product_brand?post=44500"},{"taxonomy":"product_cat","embeddable":true,"href":"https:\/\/sfu.sk\/en\/wp-json\/wp\/v2\/product_cat?post=44500"},{"taxonomy":"product_tag","embeddable":true,"href":"https:\/\/sfu.sk\/en\/wp-json\/wp\/v2\/product_tag?post=44500"}],"curies":[{"name":"wp","href":"https:\/\/api.w.org\/{rel}","templated":true}]}}