{"id":44504,"date":"2024-10-29T15:40:24","date_gmt":"2024-10-29T14:40:24","guid":{"rendered":"https:\/\/sfu.sk\/?post_type=product&#038;p=44504"},"modified":"2025-01-13T00:41:08","modified_gmt":"2025-01-12T23:41:08","slug":"osemdesiatiny-filmu-janosik-z-roku-1921","status":"publish","type":"product","link":"https:\/\/sfu.sk\/en\/eshop\/osemdesiatiny-filmu-janosik-z-roku-1921\/","title":{"rendered":"Osemdesiatiny filmu J\u00e1no\u0161\u00edk z roku 1921"},"content":{"rendered":"<p>Publik\u00e1cia je akousi bodkou za v\u00fdskumom okolo slovensk\u00e9ho filmu J\u00e1no\u0161\u00edk z roku 1921. Od vzniku filmu, v t\u00fdchto d\u0148och uplynulo osemdesiat rokov. Jedn\u00fdm z pr\u00edspevkov k pripomenutiu tohto v\u00fdznamn\u00e9ho jubilea sa st\u00e1va aj t\u00e1to publik\u00e1cia, ktor\u00e1 film pribli\u017euje v \u0161ir\u0161\u00edch historick\u00fdch s\u00favislostiach.<\/p>\n","protected":false},"excerpt":{"rendered":"<p>Publik\u00e1cia je akousi bodkou za v\u00fdskumom okolo slovensk\u00e9ho filmu J\u00e1no\u0161\u00edk z roku 1921. Od vzniku filmu, v t\u00fdchto d\u0148och uplynulo osemdesiat rokov. Jedn\u00fdm z pr\u00edspevkov k pripomenutiu tohto v\u00fdznamn\u00e9ho jubilea sa st\u00e1va aj t\u00e1to publik\u00e1cia, ktor\u00e1 film pribli\u017euje v \u0161ir\u0161\u00edch historick\u00fdch s\u00favislostiach.<\/p>\n","protected":false},"featured_media":44505,"comment_status":"closed","ping_status":"closed","template":"","meta":{"_acf_changed":false,"inline_featured_image":false},"product_brand":[],"product_cat":[28,324],"product_tag":[],"class_list":{"0":"post-44504","1":"product","2":"type-product","3":"status-publish","4":"has-post-thumbnail","6":"product_cat-knihy","7":"product_cat-tituly-sfu-knihy","9":"first","10":"instock","11":"shipping-taxable","12":"purchasable","13":"product-type-simple"},"acf":[],"_links":{"self":[{"href":"https:\/\/sfu.sk\/en\/wp-json\/wp\/v2\/product\/44504","targetHints":{"allow":["GET"]}}],"collection":[{"href":"https:\/\/sfu.sk\/en\/wp-json\/wp\/v2\/product"}],"about":[{"href":"https:\/\/sfu.sk\/en\/wp-json\/wp\/v2\/types\/product"}],"replies":[{"embeddable":true,"href":"https:\/\/sfu.sk\/en\/wp-json\/wp\/v2\/comments?post=44504"}],"wp:featuredmedia":[{"embeddable":true,"href":"https:\/\/sfu.sk\/en\/wp-json\/wp\/v2\/media\/44505"}],"wp:attachment":[{"href":"https:\/\/sfu.sk\/en\/wp-json\/wp\/v2\/media?parent=44504"}],"wp:term":[{"taxonomy":"product_brand","embeddable":true,"href":"https:\/\/sfu.sk\/en\/wp-json\/wp\/v2\/product_brand?post=44504"},{"taxonomy":"product_cat","embeddable":true,"href":"https:\/\/sfu.sk\/en\/wp-json\/wp\/v2\/product_cat?post=44504"},{"taxonomy":"product_tag","embeddable":true,"href":"https:\/\/sfu.sk\/en\/wp-json\/wp\/v2\/product_tag?post=44504"}],"curies":[{"name":"wp","href":"https:\/\/api.w.org\/{rel}","templated":true}]}}