{"id":44507,"date":"2024-10-29T15:51:20","date_gmt":"2024-10-29T14:51:20","guid":{"rendered":"https:\/\/sfu.sk\/?post_type=product&#038;p=44507"},"modified":"2024-10-29T15:51:21","modified_gmt":"2024-10-29T14:51:21","slug":"traja-veterani-za-kamerou","status":"publish","type":"product","link":"https:\/\/sfu.sk\/en\/eshop\/traja-veterani-za-kamerou\/","title":{"rendered":"Traja veter\u00e1ni za kamerou"},"content":{"rendered":"<p>Portr\u00e9ty troch v\u00fdznamn\u00fdch predstavite\u013eov slovenskej kinematografie: Viktora Kubala, Vlada Kubenka a Ladislava Kudelky z pera slovensk\u00e9ho re\u017eis\u00e9ra Rudolfa Urca. Urcova schopnos\u0165 anal\u00fdzy aj synt\u00e9zy objavuje v dejin\u00e1ch slovensk\u00e9ho kr\u00e1tkeho filmu ne\u010dakan\u00e9 a netu\u0161en\u00e9 v\u00fdznamy, polohy a s\u00favislosti, pri\u010dom jeho \u0161tylistika v sebe sp\u00e1ja erud\u00edciu, presnos\u0165 formul\u00e1cie a vedomie historick\u00e9ho kontextu s \u013eahkos\u0165ou esejistick\u00e9ho vyjadrovania.<\/p>\n","protected":false},"excerpt":{"rendered":"<p>Portr\u00e9ty troch v\u00fdznamn\u00fdch predstavite\u013eov slovenskej kinematografie: Viktora Kubala, Vlada Kubenka a Ladislava Kudelky z pera slovensk\u00e9ho re\u017eis\u00e9ra Rudolfa Urca. Urcova schopnos\u0165 anal\u00fdzy aj synt\u00e9zy objavuje v dejin\u00e1ch slovensk\u00e9ho kr\u00e1tkeho filmu ne\u010dakan\u00e9 a netu\u0161en\u00e9 v\u00fdznamy, polohy a s\u00favislosti, pri\u010dom jeho \u0161tylistika v sebe sp\u00e1ja erud\u00edciu, presnos\u0165 formul\u00e1cie a vedomie historick\u00e9ho kontextu s \u013eahkos\u0165ou esejistick\u00e9ho vyjadrovania.<\/p>\n","protected":false},"featured_media":44508,"comment_status":"closed","ping_status":"closed","template":"","meta":{"_acf_changed":false,"inline_featured_image":false},"product_brand":[],"product_cat":[28,324],"product_tag":[],"class_list":{"0":"post-44507","1":"product","2":"type-product","3":"status-publish","4":"has-post-thumbnail","6":"product_cat-knihy","7":"product_cat-tituly-sfu-knihy","9":"first","10":"instock","11":"shipping-taxable","12":"purchasable","13":"product-type-simple"},"acf":[],"_links":{"self":[{"href":"https:\/\/sfu.sk\/en\/wp-json\/wp\/v2\/product\/44507","targetHints":{"allow":["GET"]}}],"collection":[{"href":"https:\/\/sfu.sk\/en\/wp-json\/wp\/v2\/product"}],"about":[{"href":"https:\/\/sfu.sk\/en\/wp-json\/wp\/v2\/types\/product"}],"replies":[{"embeddable":true,"href":"https:\/\/sfu.sk\/en\/wp-json\/wp\/v2\/comments?post=44507"}],"wp:featuredmedia":[{"embeddable":true,"href":"https:\/\/sfu.sk\/en\/wp-json\/wp\/v2\/media\/44508"}],"wp:attachment":[{"href":"https:\/\/sfu.sk\/en\/wp-json\/wp\/v2\/media?parent=44507"}],"wp:term":[{"taxonomy":"product_brand","embeddable":true,"href":"https:\/\/sfu.sk\/en\/wp-json\/wp\/v2\/product_brand?post=44507"},{"taxonomy":"product_cat","embeddable":true,"href":"https:\/\/sfu.sk\/en\/wp-json\/wp\/v2\/product_cat?post=44507"},{"taxonomy":"product_tag","embeddable":true,"href":"https:\/\/sfu.sk\/en\/wp-json\/wp\/v2\/product_tag?post=44507"}],"curies":[{"name":"wp","href":"https:\/\/api.w.org\/{rel}","templated":true}]}}