{"id":44540,"date":"2024-11-05T10:25:04","date_gmt":"2024-11-05T09:25:04","guid":{"rendered":"https:\/\/sfu.sk\/?post_type=product&#038;p=44540"},"modified":"2026-04-09T14:39:38","modified_gmt":"2026-04-09T12:39:38","slug":"kino-ikon-1-2024","status":"publish","type":"product","link":"https:\/\/sfu.sk\/en\/eshop\/kino-ikon-1-2024\/","title":{"rendered":"KINO IKON 1\/2024"},"content":{"rendered":"<p>\u010c\u00edslo otv\u00e1ra kolekt\u00edvna \u0161t\u00fadia \u010desk\u00fdch praktikov a\u00a0historikov animovanej tvorby, rozsiahly v\u00fdstup z\u00a0ich v\u00fdskumu, ktor\u00fd venovali vyu\u017eite\u013enosti nov\u00e9ho softv\u00e9ru APE pri prep\u00e1jan\u00ed tradi\u010dnej <em>stop motion<\/em> anim\u00e1cie (najm\u00e4 b\u00e1bkovej) s po\u010d\u00edta\u010dovou (CGI) anim\u00e1ciou. Po vydan\u00ed monografie <em>M\u00e1me svoj film!<\/em> Petra Han\u00e1kov\u00e1 pokra\u010duje v\u00a0historick\u00fdch prieskumoch kinematografie Slovensk\u00e9ho \u0161t\u00e1tu, pri\u010dom tentoraz sa zamerala na funkciu kina v\u00a0ruk\u00e1ch Hlinkovej gardy. Preh\u013eadov\u00fd \u010dl\u00e1nok Katie Barclayovej sa pok\u00fa\u0161a predstavi\u0165 u\u00a0n\u00e1s m\u00e1lo zn\u00e1my i\u00a0praktizovan\u00fd odbor dej\u00edn em\u00f3ci\u00ed. Kur\u00e1torky rubriky Kinematografick\u00e1 filozofia Tereza Hadravov\u00e1 a\u00a0Andrea Slov\u00e1kov\u00e1 sa v\u00a0rozhovore so\u00a0zn\u00e1mym historikom dokument\u00e1rneho filmu Michaelom Renovom venuj\u00fa hist\u00f3rii a\u00a0etike kompila\u010dnej kinematografie. V\u00a0r\u00e1mci s\u00e9rie pravideln\u00fdch diskusi\u00ed Kino-Ikonu v\u00a0Kine Lumi\u00e9re sa tvorcovia a pozvan\u00ed hostia moder\u00e1tora Petra Michalovi\u010da rekapitulovali tvorbu Miloslava Luthera s\u00a0fokusom na jeho posledn\u00fd film <em>Spiaci \u00fa\u010det<\/em>. Doteraj\u0161ou filmovou tvorbou Davida Finchera sa v\u00a0rozsiahlom profile zaober\u00e1 Marek Slov\u00e1k.<\/p>\n<p><strong><u>\u00a0<\/u><\/strong><\/p>\n","protected":false},"excerpt":{"rendered":"<p>\u010c\u00edslo otv\u00e1ra kolekt\u00edvna \u0161t\u00fadia \u010desk\u00fdch praktikov a\u00a0historikov animovanej tvorby, rozsiahly v\u00fdstup z\u00a0ich v\u00fdskumu, ktor\u00fd venovali vyu\u017eite\u013enosti nov\u00e9ho softv\u00e9ru APE pri prep\u00e1jan\u00ed tradi\u010dnej stop motion anim\u00e1cie (najm\u00e4 b\u00e1bkovej) s po\u010d\u00edta\u010dovou (CGI) anim\u00e1ciou. Po vydan\u00ed monografie M\u00e1me svoj film! Petra Han\u00e1kov\u00e1 pokra\u010duje v\u00a0historick\u00fdch prieskumoch kinematografie Slovensk\u00e9ho \u0161t\u00e1tu, pri\u010dom tentoraz sa zamerala na funkciu kina v\u00a0ruk\u00e1ch Hlinkovej gardy. [&hellip;]<\/p>\n","protected":false},"featured_media":44543,"comment_status":"closed","ping_status":"closed","template":"","meta":{"_acf_changed":false,"inline_featured_image":false},"product_brand":[],"product_cat":[29,340,335],"product_tag":[],"class_list":{"0":"post-44540","1":"product","2":"type-product","3":"status-publish","4":"has-post-thumbnail","6":"product_cat-casopisy","7":"product_cat-kino-ikon","8":"product_cat-tituly-sfu-casopisy","10":"first","11":"instock","12":"shipping-taxable","13":"purchasable","14":"product-type-simple"},"acf":[],"_links":{"self":[{"href":"https:\/\/sfu.sk\/en\/wp-json\/wp\/v2\/product\/44540","targetHints":{"allow":["GET"]}}],"collection":[{"href":"https:\/\/sfu.sk\/en\/wp-json\/wp\/v2\/product"}],"about":[{"href":"https:\/\/sfu.sk\/en\/wp-json\/wp\/v2\/types\/product"}],"replies":[{"embeddable":true,"href":"https:\/\/sfu.sk\/en\/wp-json\/wp\/v2\/comments?post=44540"}],"wp:featuredmedia":[{"embeddable":true,"href":"https:\/\/sfu.sk\/en\/wp-json\/wp\/v2\/media\/44543"}],"wp:attachment":[{"href":"https:\/\/sfu.sk\/en\/wp-json\/wp\/v2\/media?parent=44540"}],"wp:term":[{"taxonomy":"product_brand","embeddable":true,"href":"https:\/\/sfu.sk\/en\/wp-json\/wp\/v2\/product_brand?post=44540"},{"taxonomy":"product_cat","embeddable":true,"href":"https:\/\/sfu.sk\/en\/wp-json\/wp\/v2\/product_cat?post=44540"},{"taxonomy":"product_tag","embeddable":true,"href":"https:\/\/sfu.sk\/en\/wp-json\/wp\/v2\/product_tag?post=44540"}],"curies":[{"name":"wp","href":"https:\/\/api.w.org\/{rel}","templated":true}]}}